{"id":660,"date":"2017-05-23T17:06:54","date_gmt":"2017-05-23T15:06:54","guid":{"rendered":"http:\/\/www.parchemins.bzh\/?page_id=660"},"modified":"2018-03-14T15:59:36","modified_gmt":"2018-03-14T14:59:36","slug":"vie-scientifique","status":"publish","type":"page","link":"http:\/\/www.parchemins.bzh\/index.php\/vie-scientifique\/","title":{"rendered":"Vie scientifique"},"content":{"rendered":"<p>La vie scientifique du projet Parchemins est rythm\u00e9e par l\u2019alternance de temps de collecte et de traitement de donn\u00e9es h\u00e9t\u00e9rog\u00e8nes (<a href=\"http:\/\/www.parchemins.bzh\/index.php\/les-terrains\/\">enqu\u00eates ethnographiques dans les cinq sites d\u2019\u00e9tudes<\/a>, <a href=\"http:\/\/www.parchemins.bzh\/index.php\/presentation-du-projet\/axes-de-recherche\/axe-1\/\">collectes de donn\u00e9es agronomiques et spatiales<\/a>), de temps de mutualisation et d\u2019analyse de ces donn\u00e9es dans une perspective interdisciplinaire, et de temps de rencontre et d\u2019\u00e9change avec les diff\u00e9rents partenaires dans le contexte d\u2019une posture de recherche collaborative et ouverte.<\/p>\n<p>Ces diff\u00e9rents temps enrichissent des productions de vari\u00e9es, telles que des <a href=\"http:\/\/www.parchemins.bzh\/index.php\/outils\/sonotheque\/\">documentaires radio<\/a>, des <a href=\"http:\/\/ww.parchemins.bzh\/index.php\/vie-scientifique\/publications-scientifiques\/\">publications scientifiques<\/a>, des<a href=\"http:\/\/www.parchemins.bzh\/index.php\/vie-scientifique\/1eres-rencontres-de-kervic\/\"> rencontres autour de films documentaires sur l\u2019agriculture et le littoral<\/a>, ou des<a href=\"http:\/\/www.parchemins.bzh\/index.php\/atelier\/\"> espaces de discussions autour d\u2019indicateurs<\/a> cherchant \u00e0 caract\u00e9riser le littoral et les sp\u00e9cificit\u00e9s de l\u2019agriculture sur le littoral.<\/p>\n","protected":false},"excerpt":{"rendered":"<p>La vie scientifique du projet Parchemins est rythm\u00e9e par l\u2019alternance de temps de collecte et de traitement de donn\u00e9es h\u00e9t\u00e9rog\u00e8nes (enqu\u00eates ethnographiques dans les cinq sites d\u2019\u00e9tudes, collectes de donn\u00e9es agronomiques et spatiales), de temps de mutualisation et d\u2019analyse de ces donn\u00e9es dans une perspective interdisciplinaire, et de temps de rencontre et d\u2019\u00e9change avec les [&hellip;]<\/p>\n","protected":false},"author":2,"featured_media":0,"parent":0,"menu_order":4,"comment_status":"closed","ping_status":"closed","template":"","meta":[],"_links":{"self":[{"href":"http:\/\/www.parchemins.bzh\/index.php\/wp-json\/wp\/v2\/pages\/660"}],"collection":[{"href":"http:\/\/www.parchemins.bzh\/index.php\/wp-json\/wp\/v2\/pages"}],"about":[{"href":"http:\/\/www.parchemins.bzh\/index.php\/wp-json\/wp\/v2\/types\/page"}],"author":[{"embeddable":true,"href":"http:\/\/www.parchemins.bzh\/index.php\/wp-json\/wp\/v2\/users\/2"}],"replies":[{"embeddable":true,"href":"http:\/\/www.parchemins.bzh\/index.php\/wp-json\/wp\/v2\/comments?post=660"}],"version-history":[{"count":3,"href":"http:\/\/www.parchemins.bzh\/index.php\/wp-json\/wp\/v2\/pages\/660\/revisions"}],"predecessor-version":[{"id":1355,"href":"http:\/\/www.parchemins.bzh\/index.php\/wp-json\/wp\/v2\/pages\/660\/revisions\/1355"}],"wp:attachment":[{"href":"http:\/\/www.parchemins.bzh\/index.php\/wp-json\/wp\/v2\/media?parent=660"}],"curies":[{"name":"wp","href":"https:\/\/api.w.org\/{rel}","templated":true}]}}