{"id":461,"date":"2017-03-29T09:42:24","date_gmt":"2017-03-29T07:42:24","guid":{"rendered":"http:\/\/www.parchemins.bzh\/?page_id=461"},"modified":"2017-03-30T12:14:06","modified_gmt":"2017-03-30T10:14:06","slug":"axe-b","status":"publish","type":"page","link":"http:\/\/www.parchemins.bzh\/index.php\/presentation-du-projet\/axes-de-recherche\/axe-b\/","title":{"rendered":"Axe B"},"content":{"rendered":"<h4>Ethique de la recherche collaborative et de la publicisation des donn\u00e9es qualitatives sensibles en sciences sociales<\/h4>\n<p>&nbsp;<\/p>\n<p><strong>Porteurs\u00a0: <\/strong><a href=\"http:\/\/www.parchemins.bzh\/index.php\/lequipe\/lequipe\/\">Florence Revelin, Herv\u00e9 Squividant<\/a><\/p>\n<p><strong>Objectifs op\u00e9rationnels\u00a0: <\/strong><\/p>\n<ul>\n<li style=\"text-align: justify;\">Collecter et analyser les informations r\u00e9glementaires, les exp\u00e9riences et publications scientifiques relatives \u00e0 la publicisation des donn\u00e9es qualitatives;<\/li>\n<li style=\"text-align: justify;\">Elaborer de fa\u00e7on concert\u00e9e des principes \u00e9thiques communs et les enrichir au fur et \u00e0 mesure du projet;<\/li>\n<li style=\"text-align: justify;\">Concevoir un ou plusieurs outils techniques permettant la publicisation de donn\u00e9es qualitatives et des m\u00e9tadonn\u00e9es sur le site Internet;<\/li>\n<li style=\"text-align: justify;\">Mettre \u00e0 disposition les r\u00e9sultats de cette exp\u00e9rience au sein des communaut\u00e9s acad\u00e9miques concern\u00e9es.<\/li>\n<\/ul>\n<p style=\"text-align: right;\"><a href=\"\/index.php\/presentation-du-projet\/axes-de-recherche\/axe-c\/\">Axe de recherche suivant<\/a><\/p>\n<p style=\"text-align: center;\"><a href=\"\/index.php\/presentation-du-projet\/axes-de-recherche\/axe-1\/\">Axe 1<\/a> &#8211;<a href=\"\/index.php\/presentation-du-projet\/axes-de-recherche\/axe-2\/\"> Axe 2<\/a> &#8211; <a href=\"\/index.php\/presentation-du-projet\/axes-de-recherche\/axe-3\/\">Axe 3<\/a> &#8211; <a href=\"\/index.php\/presentation-du-projet\/axes-de-recherche\/axe-a\/\">Axe A<\/a> &#8211; Axe B &#8211; <a href=\"\/index.php\/presentation-du-projet\/axes-de-recherche\/axe-c\/\">Axe C<\/a><\/p>\n","protected":false},"excerpt":{"rendered":"<p>Ethique de la recherche collaborative et de la publicisation des donn\u00e9es qualitatives sensibles en sciences sociales &nbsp; Porteurs\u00a0: Florence Revelin, Herv\u00e9 Squividant Objectifs op\u00e9rationnels\u00a0: Collecter et analyser les informations r\u00e9glementaires, les exp\u00e9riences et publications scientifiques relatives \u00e0 la publicisation des donn\u00e9es qualitatives; Elaborer de fa\u00e7on concert\u00e9e des principes \u00e9thiques communs et les enrichir au fur [&hellip;]<\/p>\n","protected":false},"author":1,"featured_media":0,"parent":371,"menu_order":4,"comment_status":"closed","ping_status":"closed","template":"","meta":[],"_links":{"self":[{"href":"http:\/\/www.parchemins.bzh\/index.php\/wp-json\/wp\/v2\/pages\/461"}],"collection":[{"href":"http:\/\/www.parchemins.bzh\/index.php\/wp-json\/wp\/v2\/pages"}],"about":[{"href":"http:\/\/www.parchemins.bzh\/index.php\/wp-json\/wp\/v2\/types\/page"}],"author":[{"embeddable":true,"href":"http:\/\/www.parchemins.bzh\/index.php\/wp-json\/wp\/v2\/users\/1"}],"replies":[{"embeddable":true,"href":"http:\/\/www.parchemins.bzh\/index.php\/wp-json\/wp\/v2\/comments?post=461"}],"version-history":[{"count":7,"href":"http:\/\/www.parchemins.bzh\/index.php\/wp-json\/wp\/v2\/pages\/461\/revisions"}],"predecessor-version":[{"id":536,"href":"http:\/\/www.parchemins.bzh\/index.php\/wp-json\/wp\/v2\/pages\/461\/revisions\/536"}],"up":[{"embeddable":true,"href":"http:\/\/www.parchemins.bzh\/index.php\/wp-json\/wp\/v2\/pages\/371"}],"wp:attachment":[{"href":"http:\/\/www.parchemins.bzh\/index.php\/wp-json\/wp\/v2\/media?parent=461"}],"curies":[{"name":"wp","href":"https:\/\/api.w.org\/{rel}","templated":true}]}}