{"id":457,"date":"2017-03-29T09:42:05","date_gmt":"2017-03-29T07:42:05","guid":{"rendered":"http:\/\/www.parchemins.bzh\/?page_id=457"},"modified":"2017-03-30T12:02:17","modified_gmt":"2017-03-30T10:02:17","slug":"axe-3","status":"publish","type":"page","link":"http:\/\/www.parchemins.bzh\/index.php\/presentation-du-projet\/axes-de-recherche\/axe-3\/","title":{"rendered":"Axe 3"},"content":{"rendered":"<h4 style=\"text-align: justify;\">Cr\u00e9er des espaces de rencontre et d\u2019interaction mobilisant dans la dur\u00e9e des acteurs impliqu\u00e9s<\/h4>\n<p>&nbsp;<\/p>\n<p style=\"text-align: justify;\"><strong>Porteurs: <\/strong><a href=\"http:\/\/www.parchemins.bzh\/index.php\/lequipe\/lequipe\/\">Marine Legrand, Alix Levain<\/a><\/p>\n<p style=\"text-align: justify;\"><strong>M\u00e9thodologie<\/strong>\u00a0: Co-construction d\u2019espaces d\u2019interaction\u00a0; observation participante\u00a0; analyse longitudinale.<\/p>\n<p style=\"text-align: justify;\"><strong>Objectifs op\u00e9rationnels\u00a0: <\/strong><\/p>\n<ul>\n<li style=\"text-align: justify;\">Cr\u00e9er des espaces de rencontre et de dialogue informels compl\u00e9mentaires aux espaces plus institutionnalis\u00e9s et cadr\u00e9s;<\/li>\n<li style=\"text-align: justify;\">Exp\u00e9rimenter, en mobilisant la fiction et la cr\u00e9ation, des formes de publication adapt\u00e9es \u00e0 la mise en d\u00e9bat et \u00e0 l\u2019apprentissage social.<\/li>\n<\/ul>\n<p style=\"text-align: right;\"><a href=\"\/index.php\/presentation-du-projet\/axes-de-recherche\/axe-a\/\">Axe de recherche suivant<\/a><\/p>\n<p style=\"text-align: center;\"><a href=\"\/index.php\/presentation-du-projet\/axes-de-recherche\/axe-1\/\">Axe 1<\/a> &#8211;<a href=\"\/index.php\/presentation-du-projet\/axes-de-recherche\/axe-2\/\"> Axe 2<\/a> &#8211; Axe 3 &#8211; <a href=\"\/index.php\/presentation-du-projet\/axes-de-recherche\/axe-a\/\">Axe A<\/a> &#8211;<a href=\"\/index.php\/presentation-du-projet\/axes-de-recherche\/axe-b\/\"> Axe B<\/a> &#8211; <a href=\"\/index.php\/presentation-du-projet\/axes-de-recherche\/axe-c\/\">Axe C<\/a><\/p>\n","protected":false},"excerpt":{"rendered":"<p>Cr\u00e9er des espaces de rencontre et d\u2019interaction mobilisant dans la dur\u00e9e des acteurs impliqu\u00e9s &nbsp; Porteurs: Marine Legrand, Alix Levain M\u00e9thodologie\u00a0: Co-construction d\u2019espaces d\u2019interaction\u00a0; observation participante\u00a0; analyse longitudinale. Objectifs op\u00e9rationnels\u00a0: Cr\u00e9er des espaces de rencontre et de dialogue informels compl\u00e9mentaires aux espaces plus institutionnalis\u00e9s et cadr\u00e9s; Exp\u00e9rimenter, en mobilisant la fiction et la cr\u00e9ation, des [&hellip;]<\/p>\n","protected":false},"author":1,"featured_media":0,"parent":371,"menu_order":0,"comment_status":"closed","ping_status":"closed","template":"","meta":[],"_links":{"self":[{"href":"http:\/\/www.parchemins.bzh\/index.php\/wp-json\/wp\/v2\/pages\/457"}],"collection":[{"href":"http:\/\/www.parchemins.bzh\/index.php\/wp-json\/wp\/v2\/pages"}],"about":[{"href":"http:\/\/www.parchemins.bzh\/index.php\/wp-json\/wp\/v2\/types\/page"}],"author":[{"embeddable":true,"href":"http:\/\/www.parchemins.bzh\/index.php\/wp-json\/wp\/v2\/users\/1"}],"replies":[{"embeddable":true,"href":"http:\/\/www.parchemins.bzh\/index.php\/wp-json\/wp\/v2\/comments?post=457"}],"version-history":[{"count":9,"href":"http:\/\/www.parchemins.bzh\/index.php\/wp-json\/wp\/v2\/pages\/457\/revisions"}],"predecessor-version":[{"id":530,"href":"http:\/\/www.parchemins.bzh\/index.php\/wp-json\/wp\/v2\/pages\/457\/revisions\/530"}],"up":[{"embeddable":true,"href":"http:\/\/www.parchemins.bzh\/index.php\/wp-json\/wp\/v2\/pages\/371"}],"wp:attachment":[{"href":"http:\/\/www.parchemins.bzh\/index.php\/wp-json\/wp\/v2\/media?parent=457"}],"curies":[{"name":"wp","href":"https:\/\/api.w.org\/{rel}","templated":true}]}}