{"id":453,"date":"2017-03-29T09:41:26","date_gmt":"2017-03-29T07:41:26","guid":{"rendered":"http:\/\/www.parchemins.bzh\/?page_id=453"},"modified":"2017-03-30T11:57:56","modified_gmt":"2017-03-30T09:57:56","slug":"axe-1","status":"publish","type":"page","link":"http:\/\/www.parchemins.bzh\/index.php\/presentation-du-projet\/axes-de-recherche\/axe-1\/","title":{"rendered":"Axe 1"},"content":{"rendered":"<h4 style=\"text-align: justify;\"><span style=\"color: #000000;\">Produire et mettre en forme des donn\u00e9es contextuelles relatives \u00e0 l\u2019agriculture littorale en Bretagne, en combinant approches quantitatives et qualitatives<\/span><\/h4>\n<p>&nbsp;<\/p>\n<p style=\"text-align: justify;\"><strong>Porteurs\u00a0<\/strong>: <a href=\"\/index.php\/lequipe\/lequipe\/\">Val\u00e9rie Viaud, Rod\u00e9ric B\u00e9ra<\/a><\/p>\n<p style=\"text-align: justify;\"><strong>M\u00e9thodologie\u00a0<\/strong>: Recueil et analyse de donn\u00e9es statistiques publiques (services statistiques nationaux, collectivit\u00e9s locales et chambres d\u2019agriculture)\u00a0; enqu\u00eates ethnographiques (recueil de t\u00e9moignages et r\u00e9cits de vie, archives\u2026) ; spatialisation des donn\u00e9es\u00a0; mod\u00e9lisation.<\/p>\n<p style=\"text-align: justify;\"><strong>Objectifs op\u00e9rationnels\u00a0: <\/strong><\/p>\n<ul>\n<li style=\"text-align: justify;\">Identifier et repr\u00e9senter les dynamiques sp\u00e9cifiques \u00e0 l\u2019agriculture littorale en Bretagne\u00a0:\n<ul>\n<li>en enqu\u00eatant intensivement et simultan\u00e9ment sur des configurations agro-littorales diversifi\u00e9es;<\/li>\n<li>en articulant analyse quantitative et production de donn\u00e9es qualitatives;<\/li>\n<li>en mobilisant la spatialisation des donn\u00e9es et la mod\u00e9lisation int\u00e9gr\u00e9e des pressions.<\/li>\n<\/ul>\n<\/li>\n<li style=\"text-align: justify;\">Faire ressortir des probl\u00e9matiques prioritaires et les cadres interpr\u00e9tatifs qui accompagnent le travail deprobl\u00e9matisation des acteurs.<\/li>\n<\/ul>\n<p style=\"text-align: right;\"><a href=\"\/index.php\/presentation-du-projet\/axes-de-recherche\/axe-2\/\">Axe de recherche suivant<\/a><\/p>\n<p style=\"text-align: center;\">Axe 1 &#8211;<a href=\"\/index.php\/presentation-du-projet\/axes-de-recherche\/axe-2\/\"> Axe 2<\/a> &#8211; <a href=\"\/index.php\/presentation-du-projet\/axes-de-recherche\/axe-3\/\">Axe 3<\/a> &#8211; <a href=\"\/index.php\/presentation-du-projet\/axes-de-recherche\/axe-a\/\">Axe A<\/a> &#8211;<a href=\"\/index.php\/presentation-du-projet\/axes-de-recherche\/axe-b\/\"> Axe B<\/a> &#8211; <a href=\"\/index.php\/presentation-du-projet\/axes-de-recherche\/axe-c\/\">Axe C<\/a><\/p>\n","protected":false},"excerpt":{"rendered":"<p>Produire et mettre en forme des donn\u00e9es contextuelles relatives \u00e0 l\u2019agriculture littorale en Bretagne, en combinant approches quantitatives et qualitatives &nbsp; Porteurs\u00a0: Val\u00e9rie Viaud, Rod\u00e9ric B\u00e9ra M\u00e9thodologie\u00a0: Recueil et analyse de donn\u00e9es statistiques publiques (services statistiques nationaux, collectivit\u00e9s locales et chambres d\u2019agriculture)\u00a0; enqu\u00eates ethnographiques (recueil de t\u00e9moignages et r\u00e9cits de vie, archives\u2026) ; spatialisation des [&hellip;]<\/p>\n","protected":false},"author":1,"featured_media":0,"parent":371,"menu_order":0,"comment_status":"closed","ping_status":"closed","template":"","meta":[],"_links":{"self":[{"href":"http:\/\/www.parchemins.bzh\/index.php\/wp-json\/wp\/v2\/pages\/453"}],"collection":[{"href":"http:\/\/www.parchemins.bzh\/index.php\/wp-json\/wp\/v2\/pages"}],"about":[{"href":"http:\/\/www.parchemins.bzh\/index.php\/wp-json\/wp\/v2\/types\/page"}],"author":[{"embeddable":true,"href":"http:\/\/www.parchemins.bzh\/index.php\/wp-json\/wp\/v2\/users\/1"}],"replies":[{"embeddable":true,"href":"http:\/\/www.parchemins.bzh\/index.php\/wp-json\/wp\/v2\/comments?post=453"}],"version-history":[{"count":18,"href":"http:\/\/www.parchemins.bzh\/index.php\/wp-json\/wp\/v2\/pages\/453\/revisions"}],"predecessor-version":[{"id":527,"href":"http:\/\/www.parchemins.bzh\/index.php\/wp-json\/wp\/v2\/pages\/453\/revisions\/527"}],"up":[{"embeddable":true,"href":"http:\/\/www.parchemins.bzh\/index.php\/wp-json\/wp\/v2\/pages\/371"}],"wp:attachment":[{"href":"http:\/\/www.parchemins.bzh\/index.php\/wp-json\/wp\/v2\/media?parent=453"}],"curies":[{"name":"wp","href":"https:\/\/api.w.org\/{rel}","templated":true}]}}