{"id":371,"date":"2017-03-27T14:18:44","date_gmt":"2017-03-27T12:18:44","guid":{"rendered":"http:\/\/www.parchemins.bzh\/?page_id=371"},"modified":"2017-03-29T09:58:30","modified_gmt":"2017-03-29T07:58:30","slug":"axes-de-recherche","status":"publish","type":"page","link":"http:\/\/www.parchemins.bzh\/index.php\/presentation-du-projet\/axes-de-recherche\/","title":{"rendered":"Axes de recherche"},"content":{"rendered":"<p style=\"text-align: justify;\">La mise en \u0153uvre du projet PARCHEMINS repose sur 3 axes th\u00e9matiques (1, 2, 3), compl\u00e9t\u00e9s par 3 axes transversaux (A, B, C).<\/p>\n<p style=\"text-align: justify;\">Cette organisation par axes vise \u00e0 capitaliser les connaissances et \u00e0 produire des r\u00e9sultats transposables \u00e0 d\u2019autres configurations de recherche collaborative. Chaque axe de travail est anim\u00e9 par un bin\u00f4me, auquel est associ\u00e9 un collectif mixte d\u2019experts.<\/p>\n<p style=\"text-align: right;\"><a href=\"\/index.php\/presentation-du-projet\/axes-de-recherche\/axe-1\/\">Voir les axes de recherche<\/a><\/p>\n<p>&nbsp;<\/p>\n","protected":false},"excerpt":{"rendered":"<p>La mise en \u0153uvre du projet PARCHEMINS repose sur 3 axes th\u00e9matiques (1, 2, 3), compl\u00e9t\u00e9s par 3 axes transversaux (A, B, C). Cette organisation par axes vise \u00e0 capitaliser les connaissances et \u00e0 produire des r\u00e9sultats transposables \u00e0 d\u2019autres configurations de recherche collaborative. Chaque axe de travail est anim\u00e9 par un bin\u00f4me, auquel est [&hellip;]<\/p>\n","protected":false},"author":1,"featured_media":0,"parent":224,"menu_order":1,"comment_status":"closed","ping_status":"closed","template":"","meta":[],"_links":{"self":[{"href":"http:\/\/www.parchemins.bzh\/index.php\/wp-json\/wp\/v2\/pages\/371"}],"collection":[{"href":"http:\/\/www.parchemins.bzh\/index.php\/wp-json\/wp\/v2\/pages"}],"about":[{"href":"http:\/\/www.parchemins.bzh\/index.php\/wp-json\/wp\/v2\/types\/page"}],"author":[{"embeddable":true,"href":"http:\/\/www.parchemins.bzh\/index.php\/wp-json\/wp\/v2\/users\/1"}],"replies":[{"embeddable":true,"href":"http:\/\/www.parchemins.bzh\/index.php\/wp-json\/wp\/v2\/comments?post=371"}],"version-history":[{"count":15,"href":"http:\/\/www.parchemins.bzh\/index.php\/wp-json\/wp\/v2\/pages\/371\/revisions"}],"predecessor-version":[{"id":484,"href":"http:\/\/www.parchemins.bzh\/index.php\/wp-json\/wp\/v2\/pages\/371\/revisions\/484"}],"up":[{"embeddable":true,"href":"http:\/\/www.parchemins.bzh\/index.php\/wp-json\/wp\/v2\/pages\/224"}],"wp:attachment":[{"href":"http:\/\/www.parchemins.bzh\/index.php\/wp-json\/wp\/v2\/media?parent=371"}],"curies":[{"name":"wp","href":"https:\/\/api.w.org\/{rel}","templated":true}]}}