{"id":2734,"date":"2023-12-18T14:38:21","date_gmt":"2023-12-18T13:38:21","guid":{"rendered":"http:\/\/www.parchemins.bzh\/?page_id=2734"},"modified":"2023-12-18T14:58:15","modified_gmt":"2023-12-18T13:58:15","slug":"annee-1-2022","status":"publish","type":"page","link":"http:\/\/www.parchemins.bzh\/index.php\/vie-scientifique\/vie-du-projet-anfriche\/annee-1-2022\/","title":{"rendered":"Ann\u00e9e 1 &#8211; 2022"},"content":{"rendered":"\n<p>Rapport d\u2019activit\u00e9 de l\u2019ann\u00e9e 1 du programme : <\/p>\n\n\n\n<div class=\"wp-block-file\"><a href=\"http:\/\/www.parchemins.bzh\/wp-content\/uploads\/2023\/12\/ANFRICHE_RAPPORT_2022_compressed-1.pdf\">ANFRICHE_RAPPORT_2022_compressed-1<\/a><a href=\"http:\/\/www.parchemins.bzh\/wp-content\/uploads\/2023\/12\/ANFRICHE_RAPPORT_2022_compressed-1.pdf\" class=\"wp-block-file__button\" download>T\u00e9l\u00e9charger<\/a><\/div>\n\n\n\n<p>Pour citer la r\u00e9f\u00e9rence :<\/p>\n\n\n\n<p><strong>Veitch A.<\/strong> (coord.), 2022. \u00ab Anthropologie environnementale de la remise en culture de friches littorales (ANFRICHE). Rapport 2022 \u00bb Rapport de recherche LAP-EHESS \u00e0 la Fondation de France, d\u00e9cembre 2022. 27 p.<\/p>\n","protected":false},"excerpt":{"rendered":"<p>Rapport d\u2019activit\u00e9 de l\u2019ann\u00e9e 1 du programme : Pour citer la r\u00e9f\u00e9rence : Veitch A. (coord.), 2022. \u00ab Anthropologie environnementale de la remise en culture de friches littorales (ANFRICHE). Rapport 2022 \u00bb Rapport de recherche LAP-EHESS \u00e0 la Fondation de France, d\u00e9cembre 2022. 27 p.<\/p>\n","protected":false},"author":1,"featured_media":0,"parent":2732,"menu_order":1,"comment_status":"closed","ping_status":"closed","template":"","meta":[],"_links":{"self":[{"href":"http:\/\/www.parchemins.bzh\/index.php\/wp-json\/wp\/v2\/pages\/2734"}],"collection":[{"href":"http:\/\/www.parchemins.bzh\/index.php\/wp-json\/wp\/v2\/pages"}],"about":[{"href":"http:\/\/www.parchemins.bzh\/index.php\/wp-json\/wp\/v2\/types\/page"}],"author":[{"embeddable":true,"href":"http:\/\/www.parchemins.bzh\/index.php\/wp-json\/wp\/v2\/users\/1"}],"replies":[{"embeddable":true,"href":"http:\/\/www.parchemins.bzh\/index.php\/wp-json\/wp\/v2\/comments?post=2734"}],"version-history":[{"count":4,"href":"http:\/\/www.parchemins.bzh\/index.php\/wp-json\/wp\/v2\/pages\/2734\/revisions"}],"predecessor-version":[{"id":2748,"href":"http:\/\/www.parchemins.bzh\/index.php\/wp-json\/wp\/v2\/pages\/2734\/revisions\/2748"}],"up":[{"embeddable":true,"href":"http:\/\/www.parchemins.bzh\/index.php\/wp-json\/wp\/v2\/pages\/2732"}],"wp:attachment":[{"href":"http:\/\/www.parchemins.bzh\/index.php\/wp-json\/wp\/v2\/media?parent=2734"}],"curies":[{"name":"wp","href":"https:\/\/api.w.org\/{rel}","templated":true}]}}