{"id":2729,"date":"2023-12-18T14:32:01","date_gmt":"2023-12-18T13:32:01","guid":{"rendered":"http:\/\/www.parchemins.bzh\/?page_id=2729"},"modified":"2023-12-18T15:33:05","modified_gmt":"2023-12-18T14:33:05","slug":"these-danthropologie-relations-au-foncier-agricole","status":"publish","type":"page","link":"http:\/\/www.parchemins.bzh\/index.php\/anfriche-2021-2025\/axe-1-anthropologie-du-foncier-agricole\/these-danthropologie-relations-au-foncier-agricole\/","title":{"rendered":"Anthropologie de la terre agricole en littoral finist\u00e9rien &#8211; th\u00e8se de doctorat"},"content":{"rendered":"\n<p><a rel=\"noreferrer noopener\" href=\"https:\/\/hal.science\/user\/cv\/\" data-type=\"URL\" data-id=\"https:\/\/hal.science\/user\/cv\/\" target=\"_blank\">Amelia Veitch<\/a> r\u00e9alise depuis 2021 une th\u00e8se en anthropologie en co-tutelle \u00e0 l&rsquo;EHESS (LAP, Paris) et \u00e0 l&rsquo;Unil (LACS, Lausanne), sous la co-direction de Birgit M\u00fcller et de Mark Goodale. <\/p>\n\n\n\n<p>Titre provisoire : Anthropologie politique des relations \u00e0 la terre agricole en Bretagne, France. <\/p>\n\n\n\n<p>R\u00e9sum\u00e9 : Les initiatives de \u00ab\u00a0reconqu\u00eate des terres agricoles\u00a0\u00bb se multiplient en France. Elles visent \u00e0 restaurer des terres agricoles laiss\u00e9es en friche depuis des d\u00e9cennies. Le d\u00e9frichage permet souvent de mettre en place des projets agro-\u00e9cologiques en r\u00e9ponse \u00e0 une forte demande sociale de relocalisation de la production alimentaire. A partir d&rsquo;une ethnographie de 15 mois dans une commune rurale du Finist\u00e8re ayant initi\u00e9 un projet de \u00a0\u00bb reconqu\u00eate des terres en friche \u00ab\u00a0, cette th\u00e8se interroge les <strong>rapports sociaux de pouvoir qui se d\u00e9ploient autour du foncier agricole \u00e0 la lumi\u00e8re des questions environnementales et sociales sur l&rsquo;avenir de l&rsquo;agriculture<\/strong>. Elle s&rsquo;appuie sur deux terrains d&rsquo;\u00e9tude compl\u00e9mentaires : aupr\u00e8s des acteur.ices du projet de \u00a0\u00bb reconqu\u00eate \u00a0\u00bb et dans les ar\u00e8nes r\u00e9gionales de gouvernance du foncier agricole. Associant l&rsquo;anthropologie politique et environnementale au champ interdisciplinaire des \u00e9tudes multi-esp\u00e8ces, cette recherche propose une lecture polyphonique des enjeux autour des terres agricoles d\u00e9laiss\u00e9es dans le cadre d&rsquo;une utilisation rationnelle de l&rsquo;espace par une agriculture intensive.<\/p>\n","protected":false},"excerpt":{"rendered":"<p>Amelia Veitch r\u00e9alise depuis 2021 une th\u00e8se en anthropologie en co-tutelle \u00e0 l&rsquo;EHESS (LAP, Paris) et \u00e0 l&rsquo;Unil (LACS, Lausanne), sous la co-direction de Birgit M\u00fcller et de Mark Goodale. Titre provisoire : Anthropologie politique des relations \u00e0 la terre agricole en Bretagne, France. R\u00e9sum\u00e9 : Les initiatives de \u00ab\u00a0reconqu\u00eate des terres agricoles\u00a0\u00bb se multiplient [&hellip;]<\/p>\n","protected":false},"author":1,"featured_media":0,"parent":2713,"menu_order":1,"comment_status":"closed","ping_status":"closed","template":"","meta":[],"_links":{"self":[{"href":"http:\/\/www.parchemins.bzh\/index.php\/wp-json\/wp\/v2\/pages\/2729"}],"collection":[{"href":"http:\/\/www.parchemins.bzh\/index.php\/wp-json\/wp\/v2\/pages"}],"about":[{"href":"http:\/\/www.parchemins.bzh\/index.php\/wp-json\/wp\/v2\/types\/page"}],"author":[{"embeddable":true,"href":"http:\/\/www.parchemins.bzh\/index.php\/wp-json\/wp\/v2\/users\/1"}],"replies":[{"embeddable":true,"href":"http:\/\/www.parchemins.bzh\/index.php\/wp-json\/wp\/v2\/comments?post=2729"}],"version-history":[{"count":3,"href":"http:\/\/www.parchemins.bzh\/index.php\/wp-json\/wp\/v2\/pages\/2729\/revisions"}],"predecessor-version":[{"id":2758,"href":"http:\/\/www.parchemins.bzh\/index.php\/wp-json\/wp\/v2\/pages\/2729\/revisions\/2758"}],"up":[{"embeddable":true,"href":"http:\/\/www.parchemins.bzh\/index.php\/wp-json\/wp\/v2\/pages\/2713"}],"wp:attachment":[{"href":"http:\/\/www.parchemins.bzh\/index.php\/wp-json\/wp\/v2\/media?parent=2729"}],"curies":[{"name":"wp","href":"https:\/\/api.w.org\/{rel}","templated":true}]}}