{"id":2713,"date":"2023-12-18T12:28:35","date_gmt":"2023-12-18T11:28:35","guid":{"rendered":"http:\/\/www.parchemins.bzh\/?page_id=2713"},"modified":"2023-12-18T14:29:31","modified_gmt":"2023-12-18T13:29:31","slug":"axe-1-anthropologie-du-foncier-agricole","status":"publish","type":"page","link":"http:\/\/www.parchemins.bzh\/index.php\/anfriche-2021-2025\/axe-1-anthropologie-du-foncier-agricole\/","title":{"rendered":"Axe 1 &#8211; Relations \u00e0 la terre agricole littorale"},"content":{"rendered":"\n<p>L\u2019axe 1 \u00ab\u00a0Relations \u00e0 la terre agricole littorale\u00a0\u00bb du projet ANFRICHE cherche \u00e0 d\u00e9crire, documenter et analyser les multiples voies par lesquelles se reconfigurent et se nouent des liens avec les d\u00e9laiss\u00e9s agricoles en zone littorale : par les espoirs de restaurer leurs propri\u00e9t\u00e9s nourrici\u00e8res, par leurs r\u00e9inventions contemporaines \u00e0 partir d\u2019initiatives institutionnelles, professionnelles et\/ou citoyennes, par les pratiques et usages souvent plus discrets qui les mettent \u00e0 contribution pour l\u2019alimentation quotidienne ou saisonni\u00e8re.<\/p>\n\n\n\n<p>Les principaux terrains d\u2019\u00e9tude travaill\u00e9s en commun par l\u2019\u00e9quipe scientifique et les partenaires d\u2019ANFRICHE sont la commune Mo\u00eblan-sur-mer et le territoire de la Communaut\u00e9 de communes Presqu\u2019\u00eele de Crozon-Aulne Maritime (CCPCAM), tous deux situ\u00e9s dans le Finist\u00e8re.<\/p>\n","protected":false},"excerpt":{"rendered":"<p>L\u2019axe 1 \u00ab\u00a0Relations \u00e0 la terre agricole littorale\u00a0\u00bb du projet ANFRICHE cherche \u00e0 d\u00e9crire, documenter et analyser les multiples voies par lesquelles se reconfigurent et se nouent des liens avec les d\u00e9laiss\u00e9s agricoles en zone littorale : par les espoirs de restaurer leurs propri\u00e9t\u00e9s nourrici\u00e8res, par leurs r\u00e9inventions contemporaines \u00e0 partir d\u2019initiatives institutionnelles, professionnelles et\/ou [&hellip;]<\/p>\n","protected":false},"author":1,"featured_media":0,"parent":2535,"menu_order":3,"comment_status":"closed","ping_status":"closed","template":"","meta":[],"_links":{"self":[{"href":"http:\/\/www.parchemins.bzh\/index.php\/wp-json\/wp\/v2\/pages\/2713"}],"collection":[{"href":"http:\/\/www.parchemins.bzh\/index.php\/wp-json\/wp\/v2\/pages"}],"about":[{"href":"http:\/\/www.parchemins.bzh\/index.php\/wp-json\/wp\/v2\/types\/page"}],"author":[{"embeddable":true,"href":"http:\/\/www.parchemins.bzh\/index.php\/wp-json\/wp\/v2\/users\/1"}],"replies":[{"embeddable":true,"href":"http:\/\/www.parchemins.bzh\/index.php\/wp-json\/wp\/v2\/comments?post=2713"}],"version-history":[{"count":6,"href":"http:\/\/www.parchemins.bzh\/index.php\/wp-json\/wp\/v2\/pages\/2713\/revisions"}],"predecessor-version":[{"id":2728,"href":"http:\/\/www.parchemins.bzh\/index.php\/wp-json\/wp\/v2\/pages\/2713\/revisions\/2728"}],"up":[{"embeddable":true,"href":"http:\/\/www.parchemins.bzh\/index.php\/wp-json\/wp\/v2\/pages\/2535"}],"wp:attachment":[{"href":"http:\/\/www.parchemins.bzh\/index.php\/wp-json\/wp\/v2\/media?parent=2713"}],"curies":[{"name":"wp","href":"https:\/\/api.w.org\/{rel}","templated":true}]}}