{"id":2670,"date":"2023-12-17T12:35:05","date_gmt":"2023-12-17T11:35:05","guid":{"rendered":"http:\/\/www.parchemins.bzh\/?page_id=2670"},"modified":"2023-12-22T15:24:48","modified_gmt":"2023-12-22T14:24:48","slug":"article-memoire-charlotte","status":"publish","type":"page","link":"http:\/\/www.parchemins.bzh\/index.php\/anfriche-2021-2025\/axe-1-anthropologie-du-foncier-agricole\/article-memoire-charlotte\/","title":{"rendered":"Dynamiques fonci\u00e8res, processus d&rsquo;enfrichement et initiatives de relocalisation alimentaire \u00e0 Crozon (Finist\u00e8re)"},"content":{"rendered":"\n<p>Dans le cadre du Master en g\u00e9ographie mention \u00ab&nbsp;Expertise et Gestion de l\u2019environnement littoral&nbsp;\u00bb de l\u2019Universit\u00e9 de Bretagne Occidentale, Charlotte Guiet a r\u00e9alis\u00e9 un stage au sein du programme de recherche ANFRICHE. Le travail portait sur les liens entre friches agricoles et projets de relocalisation alimentaire sur la presqu\u2019\u00eele de Crozon (Finist\u00e8re).<\/p>\n\n\n\n<p>Les deux objectifs du stage:<\/p>\n\n\n\n<ul><li>Comprendre la mani\u00e8re dont est trait\u00e9e la question fonci\u00e8re au sein des politiques agricoles et alimentaires, notamment via la question des terres enfrich\u00e9es&nbsp;;<\/li><li>Documenter les appropriations contemporaines de ces espaces par les habitant.e.s vivant \u00e0 proximit\u00e9.<\/li><\/ul>\n\n\n\n<p>L\u2019\u00e9tude s\u2019est d\u00e9roul\u00e9e sur 6 mois (mars-ao\u00fbt 2023), p\u00e9riode pendant laquelle Charlotte a r\u00e9alis\u00e9 une enqu\u00eate ethnographique aupr\u00e8s de divers acteur.rice.s de la presqu&rsquo;\u00eele de Crozon. L\u2019enqu\u00eate a permis de mettre en lumi\u00e8re diff\u00e9rents points de vue port\u00e9s sur les espaces enfrich\u00e9s, mais \u00e9galement d\u2019esquisser l\u2019histoire agricole d\u2019un territoire aujourd\u2019hui marqu\u00e9 par son attractivit\u00e9 touristique. A partir du mat\u00e9riel qualitatif r\u00e9colt\u00e9 (retranscriptions des entretiens et observations participantes), elle a relev\u00e9 les diff\u00e9rentes interactions sociales prenant place autour de l\u2019objet \u00ab\u00a0friche agricole\u00a0\u00bb, en les reliant aux dynamiques fonci\u00e8res pass\u00e9es et actuelles. En parall\u00e8le, un corpus de donn\u00e9es cartographiques a \u00e9galement \u00e9t\u00e9 constitu\u00e9 afin de caract\u00e9riser l\u2019\u00e9volution de l\u2019emprise spatiale des friches littorales, ainsi que de pr\u00e9-s\u00e9lectionner des zones \u00e0 enjeu, o\u00f9 les dynamiques semblaient \u00eatre int\u00e9ressantes par rapport aux questions de recherche et hypoth\u00e8ses de Charlotte. L\u2019enqu\u00eate ethnographique s\u2019est ainsi r\u00e9alis\u00e9e en priorit\u00e9 sur deux sites, afin de caract\u00e9riser plus finement leurs dynamiques locales\u00a0: la presqu\u2019i\u0302le de Roscanvel et le Cap de la Ch\u00e8vre.<\/p>\n\n\n\n<p>L\u2019approche interdisciplinaire de ce travail de recherche a \u00e9t\u00e9 possible gr\u00e2ce au co-encadrement partag\u00e9 entre Alix Levain, anthropologue au CNRS, Amelia Veitch, doctorante au sein du programme ANFRICHE, Fran\u00e7oise Vert\u00e8s, agronome \u00e0 l\u2019INRAE (UMR SAS, Quimper) et Sophie Patt\u00e9e, coordinatrice au CIVAM 29. Cr\u00e9\u00e9e en 2000, l\u2019association CIVAM 29 fait partie d\u2019un r\u00e9seau national ayant pour ambition d\u2019accompagner le d\u00e9veloppement durable et solidaire du monde rural, promouvoir et d\u00e9velopper une agriculture autonome \u00e9conomiquement viable, socialement \u00e9quitable et \u00e9cologiquement saine.<\/p>\n\n\n\n<figure class=\"wp-block-image size-large\"><img loading=\"lazy\" width=\"1024\" height=\"725\" src=\"http:\/\/www.parchemins.bzh\/wp-content\/uploads\/2023\/12\/carte-terrain-charlotte-1024x725.png\" alt=\"\" class=\"wp-image-2646\" srcset=\"http:\/\/www.parchemins.bzh\/wp-content\/uploads\/2023\/12\/carte-terrain-charlotte-1024x725.png 1024w, http:\/\/www.parchemins.bzh\/wp-content\/uploads\/2023\/12\/carte-terrain-charlotte-300x212.png 300w, http:\/\/www.parchemins.bzh\/wp-content\/uploads\/2023\/12\/carte-terrain-charlotte-768x544.png 768w, http:\/\/www.parchemins.bzh\/wp-content\/uploads\/2023\/12\/carte-terrain-charlotte.png 1069w\" sizes=\"(max-width: 1024px) 100vw, 1024px\" \/><figcaption>Carte 1 &#8211; Localisation de la zone d&rsquo;\u00e9tude<\/figcaption><\/figure>\n\n\n\n<h2>Projets de relocalisation alimentaire?<\/h2>\n\n\n\n<p>Diff\u00e9rentes politiques ayant pour objectif de relocaliser l\u2019agriculture sur la presqu\u2019\u00eele de Crozon ont \u00e9t\u00e9 identifi\u00e9es. Le Plan Alimentaire de Territoire (PAT), introduit par la Loi d\u2019Avenir pour l\u2019Agriculture et la For\u00eat (LAAF) d\u2019octobre 2014, invite les collectivit\u00e9s territoriales \u00e0 se saisir des questions agricoles et alimentaires, notamment via la structuration d\u2019un syst\u00e8me territorialis\u00e9, passant par la consolidation des fili\u00e8res locales, l\u2019installation de producteur.ices ou encore la sensibilisation des consommateur.ices \u00e0 l\u2019alimentation durable (Banzo, Corade, et Lemari\u00e9-Boutry 2019). Suite \u00e0 un diagnostic r\u00e9alis\u00e9 en 2019, la Communaut\u00e9 de Communes Presqu\u2019\u00eele de Crozon Aulne Maritime (CCPCAM) a initi\u00e9 un PAT pour la p\u00e9riode allant de 2020 \u00e0 2026. Ce projet est n\u00e9 suite \u00e0 un appel \u00e0 projet de la Direction r\u00e9gionale de l\u2019Alimentation, de l\u2019Agriculture et de la For\u00eat Bretagne (DRAAF) qui proposait de subventionner l\u2019\u00e9mergence de nouveaux PAT sur le territoire. Au m\u00eame moment, le Parc Naturel R\u00e9gional d\u2019Armorique (PNRA) a \u00e9galement initi\u00e9 un PAT davantage ax\u00e9 sur l\u2019amont de la fili\u00e8re agro-alimentaire, notamment sur les enjeux d\u2019installation et transmission de fermes. L\u2019ensemble des communes de la CCPCAM \u00e9tant compris dans le p\u00e9rim\u00e8tre du parc, les deux PAT ont \u00e9t\u00e9 pens\u00e9s et construits de mani\u00e8re compl\u00e9mentaire.<\/p>\n\n\n\n<p>En parall\u00e8le, d\u2019autres projets ayant \u00e9galement pour objectif de relocaliser l\u2019alimentation se sont d\u00e9velopp\u00e9s sur le territoire, mais ne sont pas forc\u00e9ment port\u00e9s officiellement par une institution. Ils peuvent \u00eatre accompagn\u00e9s par des associations comme Terre de Liens Bretagne ou le CIVAM 29 qui \u0153uvrent pour accompagner des projets d\u2019installation et\/ou pour pr\u00e9server les terres agricoles. En parall\u00e8le de ces actions, plusieurs citoyen.ne.s et agriculteur.rice.s ont le souhait d\u2019amorcer une v\u00e9ritable transition dans les pratiques agricoles et alimentaires de la presqu\u2019\u00eele.<\/p>\n\n\n\n<h2>Quelques r\u00e9sultats du travail de recherche<\/h2>\n\n\n\n<h3>D\u00e9prise agricole et mitage de l&rsquo;espace rural<\/h3>\n\n\n\n<p>D\u00e8s le XVI\u00e8me si\u00e8cle, le mod\u00e8le de polyculture-\u00e9levage est dominant sur le territoire presqu&rsquo;\u00eelien. Il permet \u00e0 la plupart des foyers de subvenir \u00e0 leurs besoins alimentaires. Le m\u00e9tayage est largement r\u00e9pandu : les paysan.nes louent la terre aux seigneurs jusqu\u2019\u00e0 la R\u00e9volution fran\u00e7aise, puis plus tard \u00e0 des propri\u00e9taires priv\u00e9s. Ce syst\u00e8me semblait \u00eatre particuli\u00e8rement pr\u00e9caire en presqu\u2019\u00eele de Crozon et n\u2019offrait pas des conditions de vie tr\u00e8s enviables. Dans l\u2019ouest du territoire en particulier, le d\u00e9clin de l\u2019activit\u00e9 agricole va s\u2019initier plus rapidement qu\u2019ailleurs (fin du 19i\u00e8me si\u00e8cle), notamment du fait de l\u2019existence d\u2019un corps de m\u00e9tier plus attractif situ\u00e9 de l\u2019autre c\u00f4t\u00e9 de la rade de Brest : La Marine nationale. D\u2019autre part, l\u2019isolement g\u00e9ographique auquel est soumis le territoire appara\u00eet comme l\u2019un des freins principaux aux tentatives de modernisation agricole, notamment pour les op\u00e9rations de remembrement.<\/p>\n\n\n\n<p>La disparition des familles paysannes a eu de nombreux effets sur la structuration du foncier. Au fil des successions, les hameaux se d\u00e9sertifient tandis que les terres sont sub-divis\u00e9es et s\u00e9par\u00e9es du corps de ferme. Cela entrai\u0302ne le mitage de l\u2019espace rural, o\u00f9 le foncier est d\u00e9corr\u00e9l\u00e9 d\u2019un b\u00e2ti souvent repris par des tiers, et qui perd ainsi son usage agricole. Dans certains cas, les terres sont c\u00e9d\u00e9es dans la famille ou servent \u00e0 l\u2019agrandissement d\u2019une autre ferme tandis qu\u2019une partie du b\u00e2ti, la grange ou le penty qui \u00e9tait avant la maison principale de l\u2019exploitation, est revendue \u00e0 des non-agriculteur.rices.<\/p>\n\n\n\n<h3>Modalit\u00e9s d&rsquo;acc\u00e8s \u00e0 la terre<\/h3>\n\n\n\n<p>L\u2019accessibilit\u00e9 au foncier agricole sur la presqu\u2019\u00eele de Crozon est, depuis le d\u00e9but des ann\u00e9es 2000, limit\u00e9e sur de nombreux aspects, et appara\u00eet, selon les institutions locales, comme \u00e9tant l\u2019une des principales probl\u00e9matiques s\u2019opposant au maintien d\u2019une activit\u00e9 agricole sur le territoire. En se basant sur diff\u00e9rents t\u00e9moignages, Charlotte Guiet a relev\u00e9 trois freins majeurs (parfois interd\u00e9pendants) \u00e0 l\u2019installation ou \u00e0 la p\u00e9rennisation d\u2019exploitations agricoles\u00a0:<\/p>\n\n\n\n<ul><li>Des contraintes urbanistiques li\u00e9es \u00e0 l\u2019application de la Loi littoral. Dans cette derni\u00e8re, des r\u00e8gles d\u2019am\u00e9nagement sont appliqu\u00e9es de mani\u00e8re diff\u00e9renci\u00e9e en fonction des d\u00e9limitations d\u00e9finies par la loi. Par exemple, dans les espaces proches du rivage, pr\u00e9sents en majorit\u00e9 sur l\u2019ouest de la presqu\u2019\u00eele, aucune construction n\u2019est autoris\u00e9e, ce qui peut emp\u00eacher un.e agriculteur.rice de faire une zone de stockage ou un abri pour ses animaux. La probl\u00e9matique du b\u00e2ti sur cette zone littorale est centrale ici.<\/li><\/ul>\n\n\n\n<ul><li>La politique fonci\u00e8re men\u00e9e par le Conservatoire&nbsp;du littoral, ayant pour objectif principal la protection du patrimoine paysager et naturel du littoral fran\u00e7ais. Dans l\u2019ouest de la presqu\u2019\u00eele de Crozon, ce dernier a acquis de nombreuses parcelles dont la plupart correspondent \u00e0 des terres anciennement cultiv\u00e9es. Lorsqu\u2019un terrain est mis en vente dans le p\u00e9rim\u00e8tre d\u2019intervention du Conservatoire, ce dernier peut exercer son droit de pr\u00e9emption, c\u2019est-\u00e0-dire qu\u2019il est prioritaire sur l\u2019achat. Cette politique est fortement d\u00e9cri\u00e9e par une partie de la population locale, se sentant d\u00e9poss\u00e9d\u00e9e de leurs terres, et n\u2019appr\u00e9ciant pas le fait que celles-ci soient ainsi fig\u00e9es (autrement dit laiss\u00e9es en friche) pour toujours. En effet, m\u00eame si certains terrains du Conservatoire sont fauch\u00e9s et\/ou p\u00e2tur\u00e9s par certains animaux (principalement des chevaux), l\u2019installation d\u2019une activit\u00e9 agricole n\u2019est pas prioritaire ni favoris\u00e9e.<\/li><li>L\u2019articulation des diff\u00e9rents r\u00e9gimes de propri\u00e9t\u00e9. De nombreux habitant.e.s de la presqu\u2019\u00eele ont soulev\u00e9 l\u2019effet bloquant que peut constituer la propri\u00e9t\u00e9 priv\u00e9e sur l\u2019acc\u00e8s \u00e0 la terre. En effet, le territoire poss\u00e8de un foncier particuli\u00e8rement morcel\u00e9 dont a h\u00e9rit\u00e9 successivement plusieurs g\u00e9n\u00e9rations. Aujourd\u2019hui, certain.e.s propri\u00e9taires n\u2019habitent plus dans la r\u00e9gion, et ne sont parfois pas au courant qu\u2019un \u00ab&nbsp;bout de terrain&nbsp;\u00bb leur appartient. Pour les porteur.euse.s de projets ou agriculteur.rice.s en place \u00e0 la recherche de foncier, il est ainsi difficile d\u2019entrer en contact avec ces propri\u00e9taires, qui parfois refusent que leur terrain soit utilis\u00e9, m\u00eame \u00e0 des fins agricoles. Il s\u2019agit souvent d\u2019une peur li\u00e9e \u00e0 la d\u00e9possession, elle-m\u00eame d\u00e9coulant d\u2019un fort attachement \u00e0 la terre, et notamment au souvenir d\u2019une \u00e9poque o\u00f9 elle \u00e9tait exploit\u00e9e d\u2019une certaine mani\u00e8re. Certain.e.s ne sont pas confortables \u00e0 l\u2019id\u00e9e de s\u2019engager avec un.e agriculteur.rice, et per\u00e7oivent le bail rural comme trop contraignant.<\/li><\/ul>\n\n\n\n<h3>La diversit\u00e9 des appropriations contemporaines de la friche agricole<\/h3>\n\n\n\n<p>Quels regards portent les habitant.e.s de la presqu\u2019\u00eele sur les espaces enfrich\u00e9s&nbsp;qui se d\u00e9veloppent dans leur lieu de vie? Les photographies suivantes t\u00e9moignent de la diversit\u00e9 des usages formels et informels identifi\u00e9s en presqu\u2019\u00eele de Crozon. A travers ces diff\u00e9rentes pratiques, Charlotte Guiet a observ\u00e9 une certaine hi\u00e9rarchisation de la valeur des espaces enfrich\u00e9s, celle-ci variant en fonction des visions associ\u00e9es \u00e0 ces usages. Finalement, les friches littorales semblent \u00e0 la fois s\u2019\u00eatre ancr\u00e9es concr\u00e8tement dans le paysage presqu\u2019\u00eelien mais aussi plus discr\u00e8tement dans les imaginaires et les pratiques des habitant.e.s \u00e9voluant sur le territoire. Ces milieux ne sont pas juste les t\u00e9moins d\u2019une forte d\u00e9prise agricole, ou les cons\u00e9quences d\u2019une perte de ma\u00eetrise de l\u2019espace, ils sont, dans leur \u00e9tat actuel valoris\u00e9s et per\u00e7us comme valorisables. Ce sont des lieux supports, o\u00f9 prennent place de multiples interactions sociales et \u00e9cologiques, et o\u00f9 la nature n&rsquo;est plus seulement un d\u00e9cor, mais devient un intervenant auquel on accorde une place, une raison de subsister.<\/p>\n\n\n\n<p>Certains usages observ\u00e9s sur ces friches, notamment des pratiques nourrici\u00e8res, peuvent \u00eatre consid\u00e9r\u00e9s comme des projets de relocalisation alimentaire \u00ab\u00a0par le bas\u00a0\u00bb. En effet, plusieurs personnes rencontr\u00e9es utilisent ou souhaitent utiliser des espaces enfrich\u00e9s comme support de production alimentaire, notamment \u00e0 l&rsquo;\u00e9chelle du foyer familial. Ces quelques d\u00e9marches, aussi discr\u00e8tes soient-elles, n\u2019en sont pas moins int\u00e9ressantes et illustrent un lien particulier \u00e0 la terre entretenu par les usager.\u00e8re.s, ayant une dimension plus affective. Cela permet \u00e0 Charlotte de montrer que la relocalisation alimentaire n&rsquo;est pas seulement un projet politique port\u00e9 par des institutions, mais s&rsquo;incarne aussi dans ce genre d&rsquo;initiatives locales qui se d\u00e9ploient en dehors des institutions (ce qu&rsquo;elle appelle \u00ab\u00a0la relocalisation alimentaire par le bas\u00a0\u00bb).<\/p>\n\n\n\n<figure class=\"wp-block-image size-full\"><img loading=\"lazy\" width=\"706\" height=\"529\" src=\"http:\/\/www.parchemins.bzh\/wp-content\/uploads\/2023\/12\/figure-1.jpg\" alt=\"\" class=\"wp-image-2653\" srcset=\"http:\/\/www.parchemins.bzh\/wp-content\/uploads\/2023\/12\/figure-1.jpg 706w, http:\/\/www.parchemins.bzh\/wp-content\/uploads\/2023\/12\/figure-1-300x225.jpg 300w\" sizes=\"(max-width: 706px) 100vw, 706px\" \/><figcaption>Figure 1 &#8211; Chevaux p\u00e2turant \u00e0 proximit\u00e9 des friches, Crozon, 2023. Cr\u00e9dit : C. Guiet<\/figcaption><\/figure>\n\n\n\n<figure class=\"wp-block-image size-full\"><img loading=\"lazy\" width=\"714\" height=\"535\" src=\"http:\/\/www.parchemins.bzh\/wp-content\/uploads\/2023\/12\/Figure-2.jpg\" alt=\"\" class=\"wp-image-2654\" srcset=\"http:\/\/www.parchemins.bzh\/wp-content\/uploads\/2023\/12\/Figure-2.jpg 714w, http:\/\/www.parchemins.bzh\/wp-content\/uploads\/2023\/12\/Figure-2-300x225.jpg 300w\" sizes=\"(max-width: 714px) 100vw, 714px\" \/><figcaption>Figure 2 &#8211; Chemins ou layons cr\u00e9\u00e9s pour l&rsquo;activit\u00e9 de chasse, Roscanvel, 2023. Cr\u00e9dit : C. Guiet<\/figcaption><\/figure>\n\n\n\n<figure class=\"wp-block-image size-full\"><img loading=\"lazy\" width=\"722\" height=\"541\" src=\"http:\/\/www.parchemins.bzh\/wp-content\/uploads\/2023\/12\/figure-3.jpg\" alt=\"\" class=\"wp-image-2655\" srcset=\"http:\/\/www.parchemins.bzh\/wp-content\/uploads\/2023\/12\/figure-3.jpg 722w, http:\/\/www.parchemins.bzh\/wp-content\/uploads\/2023\/12\/figure-3-300x225.jpg 300w\" sizes=\"(max-width: 722px) 100vw, 722px\" \/><figcaption>Figure 3 &#8211; Caravane cach\u00e9e derri\u00e8re une haie v\u00e9g\u00e9tale, Crozon, 2023. Cr\u00e9dit: C. Guiet<\/figcaption><\/figure>\n\n\n\n<figure class=\"wp-block-image size-full\"><img loading=\"lazy\" width=\"707\" height=\"530\" src=\"http:\/\/www.parchemins.bzh\/wp-content\/uploads\/2023\/12\/figure-4.jpg\" alt=\"\" class=\"wp-image-2657\" srcset=\"http:\/\/www.parchemins.bzh\/wp-content\/uploads\/2023\/12\/figure-4.jpg 707w, http:\/\/www.parchemins.bzh\/wp-content\/uploads\/2023\/12\/figure-4-300x225.jpg 300w\" sizes=\"(max-width: 707px) 100vw, 707px\" \/><figcaption>Figure 4 &#8211; Chantier b\u00e9n\u00e9vole : d\u00e9broussaillage des abords d&rsquo;un moulin, Roscanvel, 2023. Cr\u00e9dit: C. Guiet<\/figcaption><\/figure>\n\n\n\n<figure class=\"wp-block-image size-full\"><img loading=\"lazy\" width=\"710\" height=\"532\" src=\"http:\/\/www.parchemins.bzh\/wp-content\/uploads\/2023\/12\/figure-5.jpg\" alt=\"\" class=\"wp-image-2659\" srcset=\"http:\/\/www.parchemins.bzh\/wp-content\/uploads\/2023\/12\/figure-5.jpg 710w, http:\/\/www.parchemins.bzh\/wp-content\/uploads\/2023\/12\/figure-5-300x225.jpg 300w\" sizes=\"(max-width: 710px) 100vw, 710px\" \/><figcaption>Figure 5 &#8211; Abandon d&rsquo;une caravane, Crozon, 2023. Cr\u00e9dit: C. Guiet<\/figcaption><\/figure>\n\n\n\n<h3>\u00ab\u00a0Reconqu\u00eate\u00a0\u00bb agricole des friches?<\/h3>\n\n\n\n<p>Les friches sont des milieux qui h\u00e9bergent une diversit\u00e9 d&rsquo;usages. Ainsi, leur disponibilit\u00e9 en tant que ressource pour des projets de relocalisation alimentaire n\u2019est pas une \u00e9vidence. A ce sujet, le CIVAM 29 a men\u00e9 plusieurs d\u00e9marches de r\u00e9flexion sur la valorisation des v\u00e9g\u00e9tations dites \u00ab&nbsp;semi-naturelles&nbsp;\u00bb par l\u2019activit\u00e9 pastorale, notamment via l\u2019autoformation entre paysan.ne.s concern\u00e9s. D\u2019apr\u00e8s leur travail, les friches pourraient constituer le support d\u2019une activit\u00e9 agricole pastorale, \u00e0 condition de cr\u00e9er une valeur ajout\u00e9e, via l\u2019\u00e9conomie de charges (par exemple en utilisant le p\u00e2turage sur certaines parcelles au lieu d\u2019avoir recours \u00e0 la m\u00e9canisation), la transformation de produits \u00e0 la ferme et la vente directe. Au-del\u00e0 de l\u2019aspect \u00e9conomique, la v\u00e9g\u00e9tation spontan\u00e9e et ligneuse est consid\u00e9r\u00e9e par les \u00e9leveur.euses du CIVAM 29 comme ayant une valeur dans la constitution alimentaire des animaux. Certains outils d\u00e9velopp\u00e9s dans le cadre des activit\u00e9s pastorales (traditionnellement utilis\u00e9s en milieu de montagne) pourraient finalement \u00eatre adapt\u00e9s aux espaces enfrich\u00e9s du Finist\u00e8re, notamment pour faciliter l\u2019acc\u00e8s \u00e0 ce foncier. Parmi eux, on trouve notamment la loi pastorale (1972) qui a introduit les Associations Fonci\u00e8res Pastorales (AFP), des dispositifs qui ont permis, entre autres, de regrouper du foncier priv\u00e9 souvent inaccessible, pour les m\u00eames raisons que celles identifi\u00e9es en presqu\u2019\u00eele de Crozon (morcellement, indivisions, absent\u00e9isme). Elles constituent ainsi des entit\u00e9s fonci\u00e8res coh\u00e9rentes pour des projets d\u2019installation, et permettent de faciliter les \u00e9changes de parcelles entre les \u00e9leveur.euse.s.<\/p>\n\n\n\n<figure class=\"wp-block-image size-full\"><img loading=\"lazy\" width=\"794\" height=\"595\" src=\"http:\/\/www.parchemins.bzh\/wp-content\/uploads\/2023\/12\/Figure-6.jpg\" alt=\"\" class=\"wp-image-2662\" srcset=\"http:\/\/www.parchemins.bzh\/wp-content\/uploads\/2023\/12\/Figure-6.jpg 794w, http:\/\/www.parchemins.bzh\/wp-content\/uploads\/2023\/12\/Figure-6-300x225.jpg 300w, http:\/\/www.parchemins.bzh\/wp-content\/uploads\/2023\/12\/Figure-6-768x576.jpg 768w\" sizes=\"(max-width: 794px) 100vw, 794px\" \/><figcaption>Figure 6 &#8211; P\u00e2turage des bovins sur d&rsquo;anciens espaces enfrich\u00e9s, Crozon, 2023. Cr\u00e9dit : C. Guiet.<\/figcaption><\/figure>\n\n\n\n<figure class=\"wp-block-image size-full\"><img loading=\"lazy\" width=\"794\" height=\"595\" src=\"http:\/\/www.parchemins.bzh\/wp-content\/uploads\/2023\/12\/Figure-7.jpg\" alt=\"\" class=\"wp-image-2663\" srcset=\"http:\/\/www.parchemins.bzh\/wp-content\/uploads\/2023\/12\/Figure-7.jpg 794w, http:\/\/www.parchemins.bzh\/wp-content\/uploads\/2023\/12\/Figure-7-300x225.jpg 300w, http:\/\/www.parchemins.bzh\/wp-content\/uploads\/2023\/12\/Figure-7-768x576.jpg 768w\" sizes=\"(max-width: 794px) 100vw, 794px\" \/><figcaption>Figure 7 &#8211; Mara\u00eechage \u00e0 proximit\u00e9 de terrains enfrich\u00e9s, Crozon, 2023. Cr\u00e9dit: C. Guiet<\/figcaption><\/figure>\n\n\n\n<h3>Pour aller plus loin<\/h3>\n\n\n\n<p><a href=\"http:\/\/www.parchemins.bzh\/index.php\/vie-scientifique\/publications-scientifiques\/\">Consulter et t\u00e9l\u00e9charger le m\u00e9moire<\/a> de Charlotte Guiet<\/p>\n\n\n\n<p>Visualiser et t\u00e9l\u00e9charger le poster associ\u00e9 au m\u00e9moire: <\/p>\n\n\n\n<div class=\"wp-block-file\"><object class=\"wp-block-file__embed\" data=\"http:\/\/www.parchemins.bzh\/wp-content\/uploads\/2023\/12\/M2_EGEL_2022-23_GUIET-Charlotte_POSTER.pdf\" type=\"application\/pdf\" style=\"width:100%;height:600px\" aria-label=\"Contenu embarqu\u00e9 M2_EGEL_2022-23_GUIET-Charlotte_POSTER.\"><\/object><a href=\"http:\/\/www.parchemins.bzh\/wp-content\/uploads\/2023\/12\/M2_EGEL_2022-23_GUIET-Charlotte_POSTER.pdf\">M2_EGEL_2022-23_GUIET-Charlotte_POSTER<\/a><a href=\"http:\/\/www.parchemins.bzh\/wp-content\/uploads\/2023\/12\/M2_EGEL_2022-23_GUIET-Charlotte_POSTER.pdf\" class=\"wp-block-file__button\" download>T\u00e9l\u00e9charger<\/a><\/div>\n\n\n\n<p>\u00c9couter <a href=\"https:\/\/archives.radioevasion.net\/2023\/06\/22\/friches-littorales-et-agriculture-locale-en-presquile-de-crozon-avec-anfriche\/\">l&rsquo;\u00e9mission consacr\u00e9e le 22 juin 2023 par Radio \u00c9vasion et le CIVAM 29 \u00e0 la question des friches agricoles \u00e0 Crozon<\/a><\/p>\n\n\n\n<p>Consulter la <a href=\"https:\/\/draaf.bretagne.agriculture.gouv.fr\/IMG\/html\/fts_ra2020_cc_presquile_de_crozon_aulne_maritime.html\">fiche territoriale synth\u00e9tique du recensement agricole 2020 \u00ab&nbsp;Communaut\u00e9 de communes Presqu\u2019\u00eele de Crozon-Aulne maritime&nbsp;\u00bb<\/a><\/p>\n","protected":false},"excerpt":{"rendered":"<p>Dans le cadre du Master en g\u00e9ographie mention \u00ab&nbsp;Expertise et Gestion de l\u2019environnement littoral&nbsp;\u00bb de l\u2019Universit\u00e9 de Bretagne Occidentale, Charlotte Guiet a r\u00e9alis\u00e9 un stage au sein du programme de recherche ANFRICHE. Le travail portait sur les liens entre friches agricoles et projets de relocalisation alimentaire sur la presqu\u2019\u00eele de Crozon (Finist\u00e8re). Les deux objectifs [&hellip;]<\/p>\n","protected":false},"author":5,"featured_media":0,"parent":2713,"menu_order":2,"comment_status":"closed","ping_status":"closed","template":"","meta":[],"_links":{"self":[{"href":"http:\/\/www.parchemins.bzh\/index.php\/wp-json\/wp\/v2\/pages\/2670"}],"collection":[{"href":"http:\/\/www.parchemins.bzh\/index.php\/wp-json\/wp\/v2\/pages"}],"about":[{"href":"http:\/\/www.parchemins.bzh\/index.php\/wp-json\/wp\/v2\/types\/page"}],"author":[{"embeddable":true,"href":"http:\/\/www.parchemins.bzh\/index.php\/wp-json\/wp\/v2\/users\/5"}],"replies":[{"embeddable":true,"href":"http:\/\/www.parchemins.bzh\/index.php\/wp-json\/wp\/v2\/comments?post=2670"}],"version-history":[{"count":11,"href":"http:\/\/www.parchemins.bzh\/index.php\/wp-json\/wp\/v2\/pages\/2670\/revisions"}],"predecessor-version":[{"id":2801,"href":"http:\/\/www.parchemins.bzh\/index.php\/wp-json\/wp\/v2\/pages\/2670\/revisions\/2801"}],"up":[{"embeddable":true,"href":"http:\/\/www.parchemins.bzh\/index.php\/wp-json\/wp\/v2\/pages\/2713"}],"wp:attachment":[{"href":"http:\/\/www.parchemins.bzh\/index.php\/wp-json\/wp\/v2\/media?parent=2670"}],"curies":[{"name":"wp","href":"https:\/\/api.w.org\/{rel}","templated":true}]}}