{"id":2624,"date":"2023-07-12T19:00:18","date_gmt":"2023-07-12T17:00:18","guid":{"rendered":"http:\/\/www.parchemins.bzh\/?page_id=2624"},"modified":"2023-12-18T14:04:47","modified_gmt":"2023-12-18T13:04:47","slug":"trajectoires-des-friches-littorales-des-cotes-rocheuses-dynamiques-des-vegetations-et-des-usages","status":"publish","type":"page","link":"http:\/\/www.parchemins.bzh\/index.php\/anfriche-2021-2025\/axe-2-ecologie-paysagere-des-friches\/trajectoires-des-friches-littorales-des-cotes-rocheuses-dynamiques-des-vegetations-et-des-usages\/","title":{"rendered":"Pr\u00e9sentation de la th\u00e8se en \u00e9cologie"},"content":{"rendered":"\n<figure class=\"wp-block-image size-large\"><img loading=\"lazy\" width=\"1024\" height=\"576\" src=\"http:\/\/www.parchemins.bzh\/wp-content\/uploads\/2023\/07\/IMG_20230615_120044-1-1024x576.jpg\" alt=\"\" class=\"wp-image-2620\" srcset=\"http:\/\/www.parchemins.bzh\/wp-content\/uploads\/2023\/07\/IMG_20230615_120044-1-1024x576.jpg 1024w, http:\/\/www.parchemins.bzh\/wp-content\/uploads\/2023\/07\/IMG_20230615_120044-1-300x169.jpg 300w, http:\/\/www.parchemins.bzh\/wp-content\/uploads\/2023\/07\/IMG_20230615_120044-1-768x432.jpg 768w, http:\/\/www.parchemins.bzh\/wp-content\/uploads\/2023\/07\/IMG_20230615_120044-1-1536x864.jpg 1536w, http:\/\/www.parchemins.bzh\/wp-content\/uploads\/2023\/07\/IMG_20230615_120044-1-2048x1152.jpg 2048w, http:\/\/www.parchemins.bzh\/wp-content\/uploads\/2023\/07\/IMG_20230615_120044-1-1320x743.jpg 1320w\" sizes=\"(max-width: 1024px) 100vw, 1024px\" \/><figcaption><em>Paysage anciennement agricole sur la commune d&rsquo;Esquibien (Audierne)<\/em><\/figcaption><\/figure>\n\n\n\n<p><br><\/p>\n\n\n\n<p>La th\u00e8se en \u00e9cologie historique a d\u00e9marr\u00e9 fin 2022&nbsp;: elle est donc d\u00e9sormais bien lanc\u00e9e.<\/p>\n\n\n\n<p>Elle est men\u00e9e par Pierre Libaud sous la codirection de Birgit M\u00fcller (\u00c9cole des Hautes \u00e9tudes en Sciences Sociales &#8211; EHESS) et J\u00e9r\u00f4me Sawtschuk (Universit\u00e9 de Bretagne Occidentale \u2013 UBO).<\/p>\n\n\n\n<p><br><\/p>\n\n\n\n<p>Inscrite dans le second axe m\u00e9thodologique du projet (les \u00e9tudes multi-esp\u00e8ces), son objectif est de comprendre les dynamiques v\u00e9g\u00e9tales et paysag\u00e8res issues de l\u2019enfrichement des anciens espaces \u00e0 vocation agricole des c\u00f4tes rocheuses. Sur ces littoraux, l\u2019interaction entre les facteurs environnementaux (sol, exposition aux embruns&#8230;) et l\u2019action humaine persistante se traduit par une pluralit\u00e9 de trajectoires (enfrichement et d\u00e9frichements parfois successifs), avec une succession \u00e9cologique s\u2019op\u00e9rant \u00e0 des rythmes diff\u00e9rents, pouvant donner lieu \u00e0 une certaine diversit\u00e9 dans le paysage.<\/p>\n\n\n\n<p>En tentant de porter l\u2019\u00e9tude \u00e0 l\u2019\u00e9chelle du socio-\u00e9cosyst\u00e8me, on s\u2019interrogera ici sur la mani\u00e8re dont les facteurs environnementaux et anthropiques interagissent dans les trajectoires de ces espaces aux dynamiques complexes.<\/p>\n\n\n\n<p><br><\/p>\n\n\n\n<p>Comme le <a href=\"http:\/\/www.parchemins.bzh\/index.php\/anfriche-2021-2025\/axe-1-ecologie-paysagere\/\">stage<\/a> auquel elle fait suite, la th\u00e8se se structure ainsi autour de deux grands axes&nbsp;:<\/p>\n\n\n\n<p>&#8211; l\u2019analyse des communaut\u00e9s v\u00e9g\u00e9tales, d\u00e9crite via des relev\u00e9s de v\u00e9g\u00e9tation<\/p>\n\n\n\n<p>&#8211; les \u00e9volutions du paysage enfrich\u00e9, retrac\u00e9es via la photo-interpr\u00e9tation de l\u2019imagerie a\u00e9rienne ancienne (jusqu\u2019aux ann\u00e9es 1950) et r\u00e9cente<\/p>\n\n\n\n<p>En prenant Mo\u00eblan-sur-Mer comme secteur d\u2019\u00e9tude principal, ce travail entre en compl\u00e9mentarit\u00e9 avec l\u2019approche Sciences Humaines et Sociales d\u00e9j\u00e0 mise en place sur la commune, dans le cadre de la th\u00e8se d\u2019Amelia Veitch. N\u00e9anmoins, afin de mettre en perspective le cas de Mo\u00eblan-sur-Mer avec d\u2019autres secteurs enfrich\u00e9s du d\u00e9partement, d\u2019autres zones d\u2019\u00e9tude ont \u00e9t\u00e9 ajout\u00e9es \u00e0 l\u2019\u00e9tude en prenant comme crit\u00e8re la r\u00e9partition des \u00ab&nbsp;Fourr\u00e9s secs et m\u00e9sophiles&nbsp;\u00bb identifi\u00e9s par le <a href=\"https:\/\/www.cbnbrest.fr\/observatoire-milieux\/cartes-de-repartition\/cgtv\/carte-des-grands-types-de-vegetation-de-bretagne\">Conservatoire Botanique National de Brest<\/a>.<\/p>\n\n\n\n<p>Ainsi, outre Mo\u00eblan-sur-Mer, les communes concern\u00e9es pour cette premi\u00e8re ann\u00e9es \u00e9taient Crozon, Plougastel-Daoulas, Plogoff et Esquibien (commune actuelle d\u2019Audierne).<br><br><\/p>\n\n\n\n<p><strong>Des communication<\/strong><strong>s<\/strong><\/p>\n\n\n\n<p>La th\u00e8se et ses premiers r\u00e9sultats ont \u00e9t\u00e9 pr\u00e9sent\u00e9s au cours de deux interventions&nbsp;: le <a href=\"https:\/\/ecoveg16.sciencesconf.org\/\">colloque ECOVEG16<\/a> (le 5 avril 2023 \u2013 consultable sur la cha\u00eene <a href=\"https:\/\/www.youtube.com\/watch?v=m1Lh8IgR2FU&amp;list=PLXPucz7oiNMHjy_fj6xtN5z3NZiQccbuN&amp;index=4\">Youtube<\/a> de l\u2019Institut M\u00e9diterran\u00e9en de Biodiversit\u00e9 et d\u2019\u00c9cologie marine et continentale) et le s\u00e9minaire interne de l\u2019<a href=\"https:\/\/ecobio.univ-rennes.fr\/tous-nos-evenements\/seminaire-ecobio-pierre-libaud-universite-de-bretagne-occidentale?oac=eyJpbmRleCI6MTUsInRvdGFsIjo4NiwiZmlsdGVycyI6eyJkZXRhaWxlZCI6IjEifX0%3D\">UMR ECOBIO<\/a> (Rennes 1, le 26 mai 2023).<\/p>\n\n\n\n<p>Par ailleurs, le 6 mars, un s\u00e9minaire interne au projet a \u00e9galement \u00e9t\u00e9 organis\u00e9, faisant la part belle aux th\u00e9matiques \u00e9cologiques. Au programme&nbsp;:<\/p>\n\n\n\n<p>1 &#8211; Une pr\u00e9sentation sur la succession \u00e9cologique par Pierre Libaud, issue du r\u00e9sum\u00e9 d\u2019un premier travail bibliographique au cours de la th\u00e8se<\/p>\n\n\n\n<p>2 &#8211; Une pr\u00e9sentation des premi\u00e8res orientations de la th\u00e8se de Pierre Libaud<\/p>\n\n\n\n<p>3 &#8211; Une pr\u00e9sentation par J\u00e9r\u00f4me Sawtschuk sur le th\u00e8me de la restauration \u00e9cologique sur les falaises littorales<\/p>\n\n\n\n<p>Deux intervenants ext\u00e9rieurs se sont joint aux membres du projet avec&nbsp;:<\/p>\n\n\n\n<p>4 \u2013 Une pr\u00e9sentation par Erwan Glemarec sur sa th\u00e8se<\/p>\n\n\n\n<p>5 \u2013 Une pr\u00e9sentation par Guillaume Jacek sur les friches industrielles<\/p>\n\n\n\n<p>La r\u00e9union a \u00e9t\u00e9 l\u2019occasion de mettre \u00e0 profit le caract\u00e8re interdisciplinaire du projet, avec des \u00e9changes entre son volet \u00e9cologique, son volet Sciences Humaines et Sociales et les intervenants ext\u00e9rieurs.<\/p>\n","protected":false},"excerpt":{"rendered":"<p>La th\u00e8se en \u00e9cologie historique a d\u00e9marr\u00e9 fin 2022&nbsp;: elle est donc d\u00e9sormais bien lanc\u00e9e. Elle est men\u00e9e par Pierre Libaud sous la codirection de Birgit M\u00fcller (\u00c9cole des Hautes \u00e9tudes en Sciences Sociales &#8211; EHESS) et J\u00e9r\u00f4me Sawtschuk (Universit\u00e9 de Bretagne Occidentale \u2013 UBO). Inscrite dans le second axe m\u00e9thodologique du projet (les \u00e9tudes [&hellip;]<\/p>\n","protected":false},"author":1,"featured_media":0,"parent":2720,"menu_order":0,"comment_status":"closed","ping_status":"closed","template":"","meta":[],"_links":{"self":[{"href":"http:\/\/www.parchemins.bzh\/index.php\/wp-json\/wp\/v2\/pages\/2624"}],"collection":[{"href":"http:\/\/www.parchemins.bzh\/index.php\/wp-json\/wp\/v2\/pages"}],"about":[{"href":"http:\/\/www.parchemins.bzh\/index.php\/wp-json\/wp\/v2\/types\/page"}],"author":[{"embeddable":true,"href":"http:\/\/www.parchemins.bzh\/index.php\/wp-json\/wp\/v2\/users\/1"}],"replies":[{"embeddable":true,"href":"http:\/\/www.parchemins.bzh\/index.php\/wp-json\/wp\/v2\/comments?post=2624"}],"version-history":[{"count":10,"href":"http:\/\/www.parchemins.bzh\/index.php\/wp-json\/wp\/v2\/pages\/2624\/revisions"}],"predecessor-version":[{"id":2643,"href":"http:\/\/www.parchemins.bzh\/index.php\/wp-json\/wp\/v2\/pages\/2624\/revisions\/2643"}],"up":[{"embeddable":true,"href":"http:\/\/www.parchemins.bzh\/index.php\/wp-json\/wp\/v2\/pages\/2720"}],"wp:attachment":[{"href":"http:\/\/www.parchemins.bzh\/index.php\/wp-json\/wp\/v2\/media?parent=2624"}],"curies":[{"name":"wp","href":"https:\/\/api.w.org\/{rel}","templated":true}]}}