{"id":2542,"date":"2022-10-03T11:19:13","date_gmt":"2022-10-03T09:19:13","guid":{"rendered":"http:\/\/www.parchemins.bzh\/?page_id=2542"},"modified":"2023-12-18T15:29:50","modified_gmt":"2023-12-18T14:29:50","slug":"axe-2-ecologie-paysagere","status":"publish","type":"page","link":"http:\/\/www.parchemins.bzh\/index.php\/anfriche-2021-2025\/axe-2-ecologie-paysagere-des-friches\/axe-2-ecologie-paysagere\/","title":{"rendered":"L\u2019\u00e9cologie des friches mo\u00eblanaises &#8211; \u00e9tude 2022"},"content":{"rendered":"\n<p><br><em>Stage de Master 2&nbsp;\u00ab\u00a0\u00c9cologie des friches littorale<\/em>s\u00a0\u00bb<\/p>\n\n\n\n<figure class=\"wp-block-gallery alignright columns-1 is-cropped\"><ul class=\"blocks-gallery-grid\"><li class=\"blocks-gallery-item\"><figure><a href=\"http:\/\/www.parchemins.bzh\/wp-content\/uploads\/2022\/10\/Carte-zones-1024x724.jpg\"><img loading=\"lazy\" width=\"1024\" height=\"724\" src=\"http:\/\/www.parchemins.bzh\/wp-content\/uploads\/2022\/10\/Carte-zones-1024x724.jpg\" alt=\"\" data-id=\"2571\" class=\"wp-image-2571\" srcset=\"http:\/\/www.parchemins.bzh\/wp-content\/uploads\/2022\/10\/Carte-zones-1024x724.jpg 1024w, http:\/\/www.parchemins.bzh\/wp-content\/uploads\/2022\/10\/Carte-zones-300x212.jpg 300w, http:\/\/www.parchemins.bzh\/wp-content\/uploads\/2022\/10\/Carte-zones-768x543.jpg 768w, http:\/\/www.parchemins.bzh\/wp-content\/uploads\/2022\/10\/Carte-zones-1536x1086.jpg 1536w, http:\/\/www.parchemins.bzh\/wp-content\/uploads\/2022\/10\/Carte-zones-2048x1448.jpg 2048w, http:\/\/www.parchemins.bzh\/wp-content\/uploads\/2022\/10\/Carte-zones-1320x933.jpg 1320w\" sizes=\"(max-width: 1024px) 100vw, 1024px\" \/><\/a><\/figure><\/li><\/ul><\/figure>\n\n\n\n<p>Entre le 28 f\u00e9vrier et le 31 ao\u00fbt, j\u2019ai pu effectuer mon stage de master 2 au sein du projet ANFRICHE, avec pour objectif de d\u00e9crire la v\u00e9g\u00e9tation des friches de Mo\u00eblan-sur-Mer et l\u2019\u00e9volution du paysage sur deux secteurs s\u00e9lectionn\u00e9s&nbsp;: Kerfany et Kersolf.<\/p>\n\n\n\n<p>L\u2019objectif \u00e9tait de caract\u00e9riser la diversit\u00e9 des friches littorales en termes de formes et d\u2019esp\u00e8ces v\u00e9g\u00e9tales et de trajectoires.<\/p>\n\n\n\n<div class=\"wp-block-columns\">\n<div class=\"wp-block-column is-vertically-aligned-center\" style=\"flex-basis:100%\">\n<div class=\"wp-block-group\"><div class=\"wp-block-group__inner-container\"><\/div><\/div>\n<\/div>\n<\/div>\n\n\n\n<p><\/p>\n\n\n\n<p><br><br><em>Les sp\u00e9cificit\u00e9s de la friche littorale<\/em><\/p>\n\n\n\n<p>De fait, l\u2019enfrichement tend \u00e0 \u00eatre assimil\u00e9 \u00e0 des ph\u00e9nom\u00e8nes comme l\u2019homog\u00e9n\u00e9isation de la v\u00e9g\u00e9tation, la fermeture des milieux, ou bien la diffusion d\u2019esp\u00e8ces invasives. A l&rsquo;inverse, le rel\u00e2chement de l\u2019emprise humaine qui y est associ\u00e9e est parfois \u00e9galement per\u00e7ue comme une opportunit\u00e9 pour la biodiversit\u00e9, qui permettrait aux esp\u00e8ces spontan\u00e9es de se d\u00e9velopper librement.<\/p>\n\n\n\n<p>Les friches littorales rev\u00eatent par ailleurs un aspect particulier&nbsp;: soumises \u00e0 des conditions environnementales sp\u00e9cifiques (sel, vent&#8230;), leurs dynamiques sont aussi influenc\u00e9es par les enjeux li\u00e9s \u00e0 leurs situation g\u00e9ographique (sp\u00e9culation, tourisme, politiques de conservation &#8230;).<\/p>\n\n\n\n<p>Les deux zones \u00e9tudi\u00e9es ici ont \u00e9t\u00e9 concern\u00e9es \u00e0 des degr\u00e9s diff\u00e9rents par le <a href=\"http:\/\/www.parchemins.bzh\/index.php\/anfriche-2021-2025\/presentation-du-projet-anfriche\/\" data-type=\"URL\" data-id=\"http:\/\/www.parchemins.bzh\/index.php\/anfriche-2021-2025\/presentation-du-projet-anfriche\/\">projet de remise en culture initi\u00e9 par la mairie d\u00e8s 2014 et enclench\u00e9 en 2019<\/a>. Sur le terrain, leurs \u00e9volutions r\u00e9centes se traduisent ainsi par des diff\u00e9rences parfois importantes en terme de paysages, malgr\u00e9 des similitudes qui persistent.<\/p>\n\n\n\n<figure class=\"wp-block-gallery aligncenter columns-2 is-cropped\"><ul class=\"blocks-gallery-grid\"><li class=\"blocks-gallery-item\"><figure><a href=\"http:\/\/www.parchemins.bzh\/wp-content\/uploads\/2022\/10\/Cornouillers-Kerfany.jpg\"><img loading=\"lazy\" width=\"1200\" height=\"900\" src=\"http:\/\/www.parchemins.bzh\/wp-content\/uploads\/2022\/10\/Cornouillers-Kerfany.jpg\" alt=\"\" data-id=\"2580\" data-link=\"http:\/\/www.parchemins.bzh\/?attachment_id=2580\" class=\"wp-image-2580\" srcset=\"http:\/\/www.parchemins.bzh\/wp-content\/uploads\/2022\/10\/Cornouillers-Kerfany.jpg 1200w, http:\/\/www.parchemins.bzh\/wp-content\/uploads\/2022\/10\/Cornouillers-Kerfany-300x225.jpg 300w, http:\/\/www.parchemins.bzh\/wp-content\/uploads\/2022\/10\/Cornouillers-Kerfany-1024x768.jpg 1024w, http:\/\/www.parchemins.bzh\/wp-content\/uploads\/2022\/10\/Cornouillers-Kerfany-768x576.jpg 768w\" sizes=\"(max-width: 1200px) 100vw, 1200px\" \/><\/a><figcaption class=\"blocks-gallery-item__caption\">Fourr\u00e9s \u00e0 cornouillers sanguins sur le secteur de Kerfany<\/figcaption><\/figure><\/li><li class=\"blocks-gallery-item\"><figure><a href=\"http:\/\/www.parchemins.bzh\/wp-content\/uploads\/2022\/10\/Nord-Kersolf.jpg\"><img loading=\"lazy\" width=\"2048\" height=\"1536\" src=\"http:\/\/www.parchemins.bzh\/wp-content\/uploads\/2022\/10\/Nord-Kersolf.jpg\" alt=\"\" data-id=\"2581\" data-link=\"http:\/\/www.parchemins.bzh\/?attachment_id=2581\" class=\"wp-image-2581\" srcset=\"http:\/\/www.parchemins.bzh\/wp-content\/uploads\/2022\/10\/Nord-Kersolf.jpg 2048w, http:\/\/www.parchemins.bzh\/wp-content\/uploads\/2022\/10\/Nord-Kersolf-300x225.jpg 300w, http:\/\/www.parchemins.bzh\/wp-content\/uploads\/2022\/10\/Nord-Kersolf-1024x768.jpg 1024w, http:\/\/www.parchemins.bzh\/wp-content\/uploads\/2022\/10\/Nord-Kersolf-768x576.jpg 768w, http:\/\/www.parchemins.bzh\/wp-content\/uploads\/2022\/10\/Nord-Kersolf-1536x1152.jpg 1536w, http:\/\/www.parchemins.bzh\/wp-content\/uploads\/2022\/10\/Nord-Kersolf-1320x990.jpg 1320w\" sizes=\"(max-width: 2048px) 100vw, 2048px\" \/><\/a><figcaption class=\"blocks-gallery-item__caption\">Cultures sur le secteur de Kersolf<\/figcaption><\/figure><\/li><li class=\"blocks-gallery-item\"><figure><a href=\"http:\/\/www.parchemins.bzh\/wp-content\/uploads\/2022\/10\/Pelouses-aerohaline-Kerfany.jpg\"><img loading=\"lazy\" width=\"1200\" height=\"900\" src=\"http:\/\/www.parchemins.bzh\/wp-content\/uploads\/2022\/10\/Pelouses-aerohaline-Kerfany.jpg\" alt=\"\" data-id=\"2582\" data-link=\"http:\/\/www.parchemins.bzh\/?attachment_id=2582\" class=\"wp-image-2582\" srcset=\"http:\/\/www.parchemins.bzh\/wp-content\/uploads\/2022\/10\/Pelouses-aerohaline-Kerfany.jpg 1200w, http:\/\/www.parchemins.bzh\/wp-content\/uploads\/2022\/10\/Pelouses-aerohaline-Kerfany-300x225.jpg 300w, http:\/\/www.parchemins.bzh\/wp-content\/uploads\/2022\/10\/Pelouses-aerohaline-Kerfany-1024x768.jpg 1024w, http:\/\/www.parchemins.bzh\/wp-content\/uploads\/2022\/10\/Pelouses-aerohaline-Kerfany-768x576.jpg 768w\" sizes=\"(max-width: 1200px) 100vw, 1200px\" \/><\/a><figcaption class=\"blocks-gallery-item__caption\">Pelouses a\u00e9rohalines sur le secteur de Kerfany<\/figcaption><\/figure><\/li><li class=\"blocks-gallery-item\"><figure><a href=\"http:\/\/www.parchemins.bzh\/wp-content\/uploads\/2022\/10\/Sud-Kersolf-1.jpg\"><img loading=\"lazy\" width=\"2048\" height=\"1536\" src=\"http:\/\/www.parchemins.bzh\/wp-content\/uploads\/2022\/10\/Sud-Kersolf-1.jpg\" alt=\"\" data-id=\"2585\" data-full-url=\"http:\/\/www.parchemins.bzh\/wp-content\/uploads\/2022\/10\/Sud-Kersolf-1.jpg\" data-link=\"http:\/\/www.parchemins.bzh\/?attachment_id=2585\" class=\"wp-image-2585\" srcset=\"http:\/\/www.parchemins.bzh\/wp-content\/uploads\/2022\/10\/Sud-Kersolf-1.jpg 2048w, http:\/\/www.parchemins.bzh\/wp-content\/uploads\/2022\/10\/Sud-Kersolf-1-300x225.jpg 300w, http:\/\/www.parchemins.bzh\/wp-content\/uploads\/2022\/10\/Sud-Kersolf-1-1024x768.jpg 1024w, http:\/\/www.parchemins.bzh\/wp-content\/uploads\/2022\/10\/Sud-Kersolf-1-768x576.jpg 768w, http:\/\/www.parchemins.bzh\/wp-content\/uploads\/2022\/10\/Sud-Kersolf-1-1536x1152.jpg 1536w, http:\/\/www.parchemins.bzh\/wp-content\/uploads\/2022\/10\/Sud-Kersolf-1-1320x990.jpg 1320w\" sizes=\"(max-width: 2048px) 100vw, 2048px\" \/><\/a><figcaption class=\"blocks-gallery-item__caption\">Fourr\u00e9s \u00e0 bas \u00e0 prunelliers sur le secteur de Kersolf<\/figcaption><\/figure><\/li><\/ul><figcaption class=\"blocks-gallery-caption\"><em><span class=\"has-inline-color has-cyan-bluish-gray-color\">Photographies &#8211; Pierre Libaud<\/span><\/em><\/figcaption><\/figure>\n\n\n\n<p>Ces deux secteurs constituaient donc des terrains d\u2019\u00e9tude pertinents pour une \u00e9tude comparative. Cependant, nous ne nous sommes pas cantonn\u00e9 aux friches \u00e0 proprement parler, et nous avons aussi choisi d\u2019inclure des parcelles r\u00e9cemment remises en culture, ainsi que des pelouses et des fourr\u00e9s sur les hauteurs des falaises, expos\u00e9s directement aux embruns.<br><br><br><\/p>\n\n\n\n<p><em>M\u00e9thode&nbsp;: entre cartographie et terrain<\/em><\/p>\n\n\n\n<figure class=\"wp-block-gallery alignright columns-2\"><ul class=\"blocks-gallery-grid\"><li class=\"blocks-gallery-item\"><figure><a href=\"http:\/\/www.parchemins.bzh\/wp-content\/uploads\/2022\/10\/Zone-A-Cartes-presentation-Trait-de-cote-2.png\"><img loading=\"lazy\" width=\"1024\" height=\"724\" src=\"http:\/\/www.parchemins.bzh\/wp-content\/uploads\/2022\/10\/Zone-A-Cartes-presentation-Trait-de-cote-2-1024x724.png\" alt=\"\" data-id=\"2575\" data-full-url=\"http:\/\/www.parchemins.bzh\/wp-content\/uploads\/2022\/10\/Zone-A-Cartes-presentation-Trait-de-cote-2.png\" data-link=\"http:\/\/www.parchemins.bzh\/index.php\/anfriche-2021-2025\/axe-1-ecologie-paysagere\/zone-a-cartes-presentation-trait-de-cote-2\/\" class=\"wp-image-2575\" srcset=\"http:\/\/www.parchemins.bzh\/wp-content\/uploads\/2022\/10\/Zone-A-Cartes-presentation-Trait-de-cote-2-1024x724.png 1024w, http:\/\/www.parchemins.bzh\/wp-content\/uploads\/2022\/10\/Zone-A-Cartes-presentation-Trait-de-cote-2-300x212.png 300w, http:\/\/www.parchemins.bzh\/wp-content\/uploads\/2022\/10\/Zone-A-Cartes-presentation-Trait-de-cote-2-768x543.png 768w, http:\/\/www.parchemins.bzh\/wp-content\/uploads\/2022\/10\/Zone-A-Cartes-presentation-Trait-de-cote-2-1536x1086.png 1536w, http:\/\/www.parchemins.bzh\/wp-content\/uploads\/2022\/10\/Zone-A-Cartes-presentation-Trait-de-cote-2-2048x1448.png 2048w, http:\/\/www.parchemins.bzh\/wp-content\/uploads\/2022\/10\/Zone-A-Cartes-presentation-Trait-de-cote-2-1320x933.png 1320w\" sizes=\"(max-width: 1024px) 100vw, 1024px\" \/><\/a><\/figure><\/li><li class=\"blocks-gallery-item\"><figure><a href=\"http:\/\/www.parchemins.bzh\/wp-content\/uploads\/2022\/10\/Zone-B-Cartes-presentation-Trait-de-cote-1.png\"><img loading=\"lazy\" width=\"724\" height=\"1024\" src=\"http:\/\/www.parchemins.bzh\/wp-content\/uploads\/2022\/10\/Zone-B-Cartes-presentation-Trait-de-cote-1-724x1024.png\" alt=\"\" data-id=\"2576\" data-full-url=\"http:\/\/www.parchemins.bzh\/wp-content\/uploads\/2022\/10\/Zone-B-Cartes-presentation-Trait-de-cote-1.png\" data-link=\"http:\/\/www.parchemins.bzh\/index.php\/anfriche-2021-2025\/axe-1-ecologie-paysagere\/zone-b-cartes-presentation-trait-de-cote-1\/\" class=\"wp-image-2576\" srcset=\"http:\/\/www.parchemins.bzh\/wp-content\/uploads\/2022\/10\/Zone-B-Cartes-presentation-Trait-de-cote-1-724x1024.png 724w, http:\/\/www.parchemins.bzh\/wp-content\/uploads\/2022\/10\/Zone-B-Cartes-presentation-Trait-de-cote-1-212x300.png 212w, http:\/\/www.parchemins.bzh\/wp-content\/uploads\/2022\/10\/Zone-B-Cartes-presentation-Trait-de-cote-1-768x1086.png 768w, http:\/\/www.parchemins.bzh\/wp-content\/uploads\/2022\/10\/Zone-B-Cartes-presentation-Trait-de-cote-1-1086x1536.png 1086w, http:\/\/www.parchemins.bzh\/wp-content\/uploads\/2022\/10\/Zone-B-Cartes-presentation-Trait-de-cote-1-1448x2048.png 1448w, http:\/\/www.parchemins.bzh\/wp-content\/uploads\/2022\/10\/Zone-B-Cartes-presentation-Trait-de-cote-1-1320x1867.png 1320w\" sizes=\"(max-width: 724px) 100vw, 724px\" \/><\/a><\/figure><\/li><\/ul><\/figure>\n\n\n\n<p>Afin de d\u00e9crire la v\u00e9g\u00e9tation actuelle, des relev\u00e9s botaniques ont \u00e9t\u00e9 tout d\u2019abord \u00e9t\u00e9 effectu\u00e9s sur le terrain. Un traitement sur logiciel SIG (\u00ab\u00a0<em>Syst\u00e8me d\u2019Information G\u00e9ographique<\/em>\u00ab\u00a0, ici Qgis) a ensuite permis de cartographier les diff\u00e9rentes formes v\u00e9g\u00e9tales rencontr\u00e9es apr\u00e8s avoir constitu\u00e9 une typologie pour regrouper les relev\u00e9s. Ce travail a parfois \u00e9t\u00e9 compl\u00e9t\u00e9 par une analyse des photographies a\u00e9riennes (photo-interpr\u00e9tation) pour les zones les moins accessibles, ou bien par des v\u00e9rification sur le terrain, notamment avec la floraison d\u2019esp\u00e8ces non identifiables lors de premi\u00e8res visites. Une typologie de la v\u00e9g\u00e9tation a ensuite \u00e9t\u00e9 r\u00e9alis\u00e9e \u00e0 partir des r\u00e9sultats de ces relev\u00e9s.<\/p>\n\n\n\n<p>En parall\u00e8le, un travail de photo-interpr\u00e9tation a permis de retracer l\u2019\u00e9volution de l\u2019enfrichement sur les deux secteurs \u00e0 partir de photographies a\u00e9riennes et satellites de cinq ann\u00e9es&nbsp;: 1952, 1978, 2000, 2015, 2022. Toutefois, l\u2019exploitation des photographie anciennes peut s\u2019av\u00e9rer compliqu\u00e9e&nbsp;: il n\u2019\u00e9tait pas toujours possible de distinguer avec certitude certains types de milieux, comme les champs ou les prairies de fauche. Nous avons donc d\u00e9cider de constituer une typologie g\u00e9n\u00e9rale qui fournit tout de m\u00eame des donn\u00e9es solides sur la fermeture du milieu.<\/p>\n\n\n\n<p>Deux types de cartographie sont issues de ces m\u00e9thodes&nbsp;: des carte de la v\u00e9g\u00e9tations actuelles et des cartes de l\u2019\u00e9volution des formes de v\u00e9g\u00e9tation entre 1952 et 2022.<\/p>\n\n\n\n<p><br><br><em>La friche&nbsp;: des id\u00e9es re\u00e7ues \u00e0 relativiser<\/em><\/p>\n\n\n\n<p>Si nos r\u00e9sultats montrent que l\u2019homog\u00e9n\u00e9isation de la v\u00e9g\u00e9tation et la fermeture du paysage rencontrent bien une certaine r\u00e9alit\u00e9 sur les friches littorales \u00e9tudi\u00e9es, ces ph\u00e9nom\u00e8nes semblent devoir \u00eatre relativis\u00e9s. De fait, bien que les fourr\u00e9s soient le milieu dominant \u00e0 partir des ann\u00e9es 2010, des milieux ouverts (champs, pelouses expos\u00e9es aux embruns, mais aussi prairies de fauche) se maintiennent tout au long de notre p\u00e9riode d\u2019\u00e9tude. De plus si les fourr\u00e9s tendent \u00e0 \u00eatre consid\u00e9r\u00e9s comme pauvres en esp\u00e8ces v\u00e9g\u00e9tales, une certaine h\u00e9t\u00e9rog\u00e9n\u00e9it\u00e9 existe entre eux, \u00e0 la fois en termes d\u2019esp\u00e8ces et en terme paysager.<\/p>\n\n\n\n<p>Ainsi, certains fourr\u00e9s semblent \u00eatre constitu\u00e9s par des repousses issus de pr\u00e9c\u00e9dents essartages, ce qui permet \u00e0 des esp\u00e8ces herbac\u00e9es de s\u2019y implanter. Les diff\u00e9rences d\u2019entretien et d\u2019usages qui existent parfois entre les parcelles semblent donc \u00eatre \u00e0 l\u2019origine d\u2019une certaine diversit\u00e9 paysag\u00e8re, qui elle-m\u00eame am\u00e8ne une certaine richesse sp\u00e9cifique.<\/p>\n\n\n\n<p>On observe aussi un gradient littoral dans la composition des esp\u00e8ces&nbsp;: \u00e0 mesure que l\u2019on approche du trait de c\u00f4te, certaines esp\u00e8ces moins r\u00e9sistantes aux embruns, comme le cornouiller, deviennent moins fr\u00e9quentes. Par ailleurs, les milieux semi-ouverts (en voie d\u2019enfrichement) semblent dispara\u00eetre et \u00eatre remplac\u00e9s par des milieux ouverts (prairies de fauche, champs\u2026) ou bien par les fourr\u00e9s.<\/p>\n\n\n\n<p>Enfin, deux rythmes d\u2019enfrichement ont \u00e9t\u00e9 mis en \u00e9vidence&nbsp;: sur une trentaine d\u2019ann\u00e9es pour Kerfany, et sur une quinzaine d\u2019ann\u00e9es pour Kersolf.<\/p>\n\n\n\n<p>Loin d\u2019\u00eatre un espace totalement homog\u00e8ne, la friche semble donc devoir \u00eatre envisag\u00e9e comme une mosa\u00efque, compos\u00e9e de parcelles \u00ab&nbsp;en friche&nbsp;\u00bb \u00e0 proprement parler (non utilis\u00e9s et recouverts par la v\u00e9g\u00e9tation spontan\u00e9e), et de zones o\u00f9 l\u2019entretien demeure constant. L\u2019emprise humaine ne semble jamais \u00eatre totalement absente.<\/p>\n\n\n\n<figure class=\"wp-block-gallery aligncenter columns-2 is-cropped\"><ul class=\"blocks-gallery-grid\"><li class=\"blocks-gallery-item\"><figure><a href=\"http:\/\/www.parchemins.bzh\/wp-content\/uploads\/2022\/10\/Bloc-relief-A-scaled.jpg\"><img loading=\"lazy\" width=\"1024\" height=\"714\" src=\"http:\/\/www.parchemins.bzh\/wp-content\/uploads\/2022\/10\/Bloc-relief-A-1024x714.jpg\" alt=\"\" data-id=\"2578\" data-full-url=\"http:\/\/www.parchemins.bzh\/wp-content\/uploads\/2022\/10\/Bloc-relief-A-scaled.jpg\" data-link=\"http:\/\/www.parchemins.bzh\/?attachment_id=2578\" class=\"wp-image-2578\" srcset=\"http:\/\/www.parchemins.bzh\/wp-content\/uploads\/2022\/10\/Bloc-relief-A-1024x714.jpg 1024w, http:\/\/www.parchemins.bzh\/wp-content\/uploads\/2022\/10\/Bloc-relief-A-300x209.jpg 300w, http:\/\/www.parchemins.bzh\/wp-content\/uploads\/2022\/10\/Bloc-relief-A-768x535.jpg 768w, http:\/\/www.parchemins.bzh\/wp-content\/uploads\/2022\/10\/Bloc-relief-A-1536x1071.jpg 1536w, http:\/\/www.parchemins.bzh\/wp-content\/uploads\/2022\/10\/Bloc-relief-A-2048x1428.jpg 2048w, http:\/\/www.parchemins.bzh\/wp-content\/uploads\/2022\/10\/Bloc-relief-A-400x280.jpg 400w, http:\/\/www.parchemins.bzh\/wp-content\/uploads\/2022\/10\/Bloc-relief-A-1320x920.jpg 1320w\" sizes=\"(max-width: 1024px) 100vw, 1024px\" \/><\/a><\/figure><\/li><li class=\"blocks-gallery-item\"><figure><a href=\"http:\/\/www.parchemins.bzh\/wp-content\/uploads\/2022\/10\/Bloc-relief-B-scaled.jpg\"><img loading=\"lazy\" width=\"1024\" height=\"611\" src=\"http:\/\/www.parchemins.bzh\/wp-content\/uploads\/2022\/10\/Bloc-relief-B-1024x611.jpg\" alt=\"\" data-id=\"2579\" data-full-url=\"http:\/\/www.parchemins.bzh\/wp-content\/uploads\/2022\/10\/Bloc-relief-B-scaled.jpg\" data-link=\"http:\/\/www.parchemins.bzh\/?attachment_id=2579\" class=\"wp-image-2579\" srcset=\"http:\/\/www.parchemins.bzh\/wp-content\/uploads\/2022\/10\/Bloc-relief-B-1024x611.jpg 1024w, http:\/\/www.parchemins.bzh\/wp-content\/uploads\/2022\/10\/Bloc-relief-B-300x179.jpg 300w, http:\/\/www.parchemins.bzh\/wp-content\/uploads\/2022\/10\/Bloc-relief-B-768x458.jpg 768w, http:\/\/www.parchemins.bzh\/wp-content\/uploads\/2022\/10\/Bloc-relief-B-1536x917.jpg 1536w, http:\/\/www.parchemins.bzh\/wp-content\/uploads\/2022\/10\/Bloc-relief-B-2048x1222.jpg 2048w, http:\/\/www.parchemins.bzh\/wp-content\/uploads\/2022\/10\/Bloc-relief-B-1320x788.jpg 1320w\" sizes=\"(max-width: 1024px) 100vw, 1024px\" \/><\/a><\/figure><\/li><\/ul><\/figure>\n\n\n\n<p><br><br><em>Les suites<\/em><\/p>\n\n\n\n<p>Une th\u00e8se, pour laquelle j\u2019ai \u00e9t\u00e9 recrut\u00e9e, prolongera ce travail. En compl\u00e9mentarit\u00e9 avec l\u2019approche des sciences humaines, il s\u2019agira de caract\u00e9riser les trajectoires des friches littorales des c\u00f4tes rocheuses bretonnes, en les mettant en relation avec des v\u00e9g\u00e9tations et des usages particuliers. Dans quelles mesures le processus d\u2019enfrichement s\u2019int\u00e8gre-t-il dans la formation d\u2019une mosa\u00efque paysag\u00e8re&nbsp;? Quel est son impact sur les autres types de formations v\u00e9g\u00e9tales&nbsp;? Comment se caract\u00e9rise la v\u00e9g\u00e9tation des friches en termes de diversit\u00e9 sp\u00e9cifique et fonctionnelle&nbsp;?<\/p>\n\n\n\n<p>Comme pendant le stage, cette \u00e9tude fera intervenir de la photo-interpr\u00e9tation et des relev\u00e9s botaniques sur le terrain.<\/p>\n\n\n\n<p>N\u00e9anmoins, la m\u00e9thodologie d\u00e9j\u00e0 utilis\u00e9e sera approfondie, notamment avec l\u2019int\u00e9gration d\u2019outils d\u2019analyse cartographiques (logiciel Chlo\u00e9 \u2013 M\u00e9triques paysag\u00e8res) et des apports du projet EcoFriche, portant sur les friches humides.<\/p>\n\n\n\n<p>Si le littoral de Mo\u00eblan-sur-Mer demeurera un des espaces g\u00e9ographiques de r\u00e9f\u00e9rence de ce travail, l\u2019\u00e9tude sera aussi \u00e9largie \u00e0 d\u2019autres secteurs dans l\u2019optique d\u2019une mise en perspective \u00e0 plus vaste \u00e9chelle.<\/p>\n\n\n\n<p><\/p>\n\n\n\n<p>M\u00e9moire disponible en t\u00e9l\u00e9chargement ici :<\/p>\n\n\n\n<div class=\"wp-block-file\"><a href=\"http:\/\/www.parchemins.bzh\/wp-content\/uploads\/2023\/12\/Pierre-LIBAUD-Me\u0301moire-de-stage_compressed-1.pdf\">Pierre-LIBAUD-Me\u0301moire-de-stage_compressed-1<\/a><\/div>\n\n\n\n<p class=\"has-text-align-right\"><br><em>Pierre Libaud<\/em><\/p>\n","protected":false},"excerpt":{"rendered":"<p>Stage de Master 2&nbsp;\u00ab\u00a0\u00c9cologie des friches littorales\u00a0\u00bb Entre le 28 f\u00e9vrier et le 31 ao\u00fbt, j\u2019ai pu effectuer mon stage de master 2 au sein du projet ANFRICHE, avec pour objectif de d\u00e9crire la v\u00e9g\u00e9tation des friches de Mo\u00eblan-sur-Mer et l\u2019\u00e9volution du paysage sur deux secteurs s\u00e9lectionn\u00e9s&nbsp;: Kerfany et Kersolf. L\u2019objectif \u00e9tait de caract\u00e9riser la [&hellip;]<\/p>\n","protected":false},"author":1,"featured_media":0,"parent":2720,"menu_order":3,"comment_status":"closed","ping_status":"closed","template":"","meta":[],"_links":{"self":[{"href":"http:\/\/www.parchemins.bzh\/index.php\/wp-json\/wp\/v2\/pages\/2542"}],"collection":[{"href":"http:\/\/www.parchemins.bzh\/index.php\/wp-json\/wp\/v2\/pages"}],"about":[{"href":"http:\/\/www.parchemins.bzh\/index.php\/wp-json\/wp\/v2\/types\/page"}],"author":[{"embeddable":true,"href":"http:\/\/www.parchemins.bzh\/index.php\/wp-json\/wp\/v2\/users\/1"}],"replies":[{"embeddable":true,"href":"http:\/\/www.parchemins.bzh\/index.php\/wp-json\/wp\/v2\/comments?post=2542"}],"version-history":[{"count":21,"href":"http:\/\/www.parchemins.bzh\/index.php\/wp-json\/wp\/v2\/pages\/2542\/revisions"}],"predecessor-version":[{"id":2757,"href":"http:\/\/www.parchemins.bzh\/index.php\/wp-json\/wp\/v2\/pages\/2542\/revisions\/2757"}],"up":[{"embeddable":true,"href":"http:\/\/www.parchemins.bzh\/index.php\/wp-json\/wp\/v2\/pages\/2720"}],"wp:attachment":[{"href":"http:\/\/www.parchemins.bzh\/index.php\/wp-json\/wp\/v2\/media?parent=2542"}],"curies":[{"name":"wp","href":"https:\/\/api.w.org\/{rel}","templated":true}]}}