{"id":2415,"date":"2021-03-09T10:43:13","date_gmt":"2021-03-09T09:43:13","guid":{"rendered":"http:\/\/www.parchemins.bzh\/?page_id=2415"},"modified":"2021-03-09T10:43:13","modified_gmt":"2021-03-09T09:43:13","slug":"donnees-contextuelles","status":"publish","type":"page","link":"http:\/\/www.parchemins.bzh\/index.php\/les-terrains\/presquile-de-rhuys\/donnees-contextuelles\/","title":{"rendered":"Donn\u00e9es contextuelles"},"content":{"rendered":"\n<p>Synth\u00e8se des indicateurs quantitatifs produits sur l&rsquo;agriculture et le contexte socio-d\u00e9mographique pour le site de la Presqu&rsquo;\u00eele de Rhuys.<\/p>\n\n\n\n<div class=\"wp-block-file\"><a href=\"http:\/\/www.parchemins.bzh\/wp-content\/uploads\/2021\/03\/synthese_indicateur_Rhuys.pdf\">synthese_indicateur_Rhuys<\/a><a href=\"http:\/\/www.parchemins.bzh\/wp-content\/uploads\/2021\/03\/synthese_indicateur_Rhuys.pdf\" class=\"wp-block-file__button\" download>T\u00e9l\u00e9charger<\/a><\/div>\n","protected":false},"excerpt":{"rendered":"<p>Synth\u00e8se des indicateurs quantitatifs produits sur l&rsquo;agriculture et le contexte socio-d\u00e9mographique pour le site de la Presqu&rsquo;\u00eele de Rhuys.<\/p>\n","protected":false},"author":6,"featured_media":0,"parent":208,"menu_order":0,"comment_status":"closed","ping_status":"closed","template":"","meta":[],"_links":{"self":[{"href":"http:\/\/www.parchemins.bzh\/index.php\/wp-json\/wp\/v2\/pages\/2415"}],"collection":[{"href":"http:\/\/www.parchemins.bzh\/index.php\/wp-json\/wp\/v2\/pages"}],"about":[{"href":"http:\/\/www.parchemins.bzh\/index.php\/wp-json\/wp\/v2\/types\/page"}],"author":[{"embeddable":true,"href":"http:\/\/www.parchemins.bzh\/index.php\/wp-json\/wp\/v2\/users\/6"}],"replies":[{"embeddable":true,"href":"http:\/\/www.parchemins.bzh\/index.php\/wp-json\/wp\/v2\/comments?post=2415"}],"version-history":[{"count":1,"href":"http:\/\/www.parchemins.bzh\/index.php\/wp-json\/wp\/v2\/pages\/2415\/revisions"}],"predecessor-version":[{"id":2417,"href":"http:\/\/www.parchemins.bzh\/index.php\/wp-json\/wp\/v2\/pages\/2415\/revisions\/2417"}],"up":[{"embeddable":true,"href":"http:\/\/www.parchemins.bzh\/index.php\/wp-json\/wp\/v2\/pages\/208"}],"wp:attachment":[{"href":"http:\/\/www.parchemins.bzh\/index.php\/wp-json\/wp\/v2\/media?parent=2415"}],"curies":[{"name":"wp","href":"https:\/\/api.w.org\/{rel}","templated":true}]}}