{"id":205,"date":"2017-03-23T15:58:32","date_gmt":"2017-03-23T14:58:32","guid":{"rendered":"http:\/\/www.parchemins.bzh\/?page_id=205"},"modified":"2019-02-01T14:56:44","modified_gmt":"2019-02-01T13:56:44","slug":"goelo-le-site-detude","status":"publish","type":"page","link":"http:\/\/www.parchemins.bzh\/index.php\/les-terrains\/goelo-2\/goelo-le-site-detude\/","title":{"rendered":"Le site d&rsquo;\u00e9tude"},"content":{"rendered":"<h4>Go\u00eblo \/ Presqu&rsquo;\u00eele de L\u00e9zardrieux<\/h4>\n<p><iframe src=\"http:\/\/geowww.agrocampus-ouest.fr\/sviewer\/?wmc=http%3A%2F%2Fgeowww.agrocampus-ouest.fr%2Fmapfishapp%2Fws%2Fwmc%2Fgeodocaa36c3e718f64a589e282a197ff418e0.wmc&amp;title=Go\u00eblo - Presqu'\u00eele de L\u00e9zardrieux\" width=\"100%\" height=\"400px\" frameborder=\"0\" scrolling=\"auto\" ><\/iframe><br \/>\n<a href=\"http:\/\/geowww.agrocampus-ouest.fr\/sviewer\/?wmc=http%3A%2F%2Fgeowww.agrocampus-ouest.fr%2Fmapfishapp%2Fws%2Fwmc%2Fgeodocaa36c3e718f64a589e282a197ff418e0.wmc&amp;title=Go\u00eblo - Presqu'\u00eele de L\u00e9zardrieux\" target=\"_blank\" rel=\"noopener\">La carte en plein \u00e9cran<\/a><\/p>\n<p><img loading=\"lazy\" class=\"wp-image-1918 size-full aligncenter\" src=\"http:\/\/www.parchemins.bzh\/wp-content\/uploads\/2017\/03\/sandrine_parchemins-e1549029376713.jpg\" alt=\"\" width=\"500\" height=\"375\" \/><\/p>\n","protected":false},"excerpt":{"rendered":"<p>Go\u00eblo \/ Presqu&rsquo;\u00eele de L\u00e9zardrieux La carte en plein \u00e9cran<\/p>\n","protected":false},"author":1,"featured_media":0,"parent":1793,"menu_order":0,"comment_status":"closed","ping_status":"closed","template":"","meta":[],"_links":{"self":[{"href":"http:\/\/www.parchemins.bzh\/index.php\/wp-json\/wp\/v2\/pages\/205"}],"collection":[{"href":"http:\/\/www.parchemins.bzh\/index.php\/wp-json\/wp\/v2\/pages"}],"about":[{"href":"http:\/\/www.parchemins.bzh\/index.php\/wp-json\/wp\/v2\/types\/page"}],"author":[{"embeddable":true,"href":"http:\/\/www.parchemins.bzh\/index.php\/wp-json\/wp\/v2\/users\/1"}],"replies":[{"embeddable":true,"href":"http:\/\/www.parchemins.bzh\/index.php\/wp-json\/wp\/v2\/comments?post=205"}],"version-history":[{"count":22,"href":"http:\/\/www.parchemins.bzh\/index.php\/wp-json\/wp\/v2\/pages\/205\/revisions"}],"predecessor-version":[{"id":1919,"href":"http:\/\/www.parchemins.bzh\/index.php\/wp-json\/wp\/v2\/pages\/205\/revisions\/1919"}],"up":[{"embeddable":true,"href":"http:\/\/www.parchemins.bzh\/index.php\/wp-json\/wp\/v2\/pages\/1793"}],"wp:attachment":[{"href":"http:\/\/www.parchemins.bzh\/index.php\/wp-json\/wp\/v2\/media?parent=205"}],"curies":[{"name":"wp","href":"https:\/\/api.w.org\/{rel}","templated":true}]}}