{"id":2017,"date":"2019-04-30T11:01:46","date_gmt":"2019-04-30T09:01:46","guid":{"rendered":"http:\/\/www.parchemins.bzh\/?page_id=2017"},"modified":"2020-11-19T18:01:03","modified_gmt":"2020-11-19T17:01:03","slug":"copyright-parchemins","status":"publish","type":"page","link":"http:\/\/www.parchemins.bzh\/index.php\/vie-scientifique\/copyright-parchemins\/","title":{"rendered":"Copyright Parchemins"},"content":{"rendered":"<h2>Deux types de licences pour les donn\u00e9es produites dans le programme Parchemins<\/h2>\n<p>Les donn\u00e9es publi\u00e9es sur le<a href=\"http:\/\/data.agriculturelittorale.fr\/\"> catalogue du programme<\/a> (data.agriculturelittorale.fr) rel\u00e8vent de deux licences distinctes, en r\u00e9f\u00e9rence \u00e0 deux statuts diff\u00e9rents :<\/p>\n<ul>\n<li>D&rsquo;une part, les donn\u00e9es rendues disponibles en libre acc\u00e8s, rel\u00e8vent d&rsquo;une <a href=\"https:\/\/www.etalab.gouv.fr\/licence-ouverte-open-licence\"><strong>licence ouverte 2.0<\/strong><\/a>, telle que d\u00e9finie par Etalab.<\/li>\n<li>D&rsquo;autre part, les donn\u00e9es rendues disponibles sous certaines conditions, et faisant l&rsquo;objet de restrictions sp\u00e9cifiques concernant les possibilit\u00e9s et modalit\u00e9s de r\u00e9utilisation sont associ\u00e9es \u00e0 une <strong>Licence Parchemins<\/strong><\/li>\n<\/ul>\n<p>&nbsp;<\/p>\n<h2>La Licence Parchemins :<\/h2>\n<h3>1. Objet\u00a0: les donn\u00e9es qualitatives sous \u00ab\u00a0Licence Parchemins\u00a0\u00bb<\/h3>\n<p style=\"text-align: justify;\">Par <strong>donn\u00e9es qualitatives sous \u00ab\u00a0Licence Parchemins\u00a0\u00bb <\/strong>sont entendues\u00a0les donn\u00e9es issues de campagnes de collectes, en particulier des enqu\u00eates ethnographiques et agronomiques, men\u00e9es dans le cadre du programme de recherche \u00ab\u00a0Parchemins\u00a0\u00bb (Paroles et chemins de l\u2019agriculture littorale).<\/p>\n<p style=\"text-align: justify;\">Ces donn\u00e9es sont <strong>publi\u00e9es dans le catalogue agriculturelittorale.fr selon un statut priv\u00e9<\/strong>. Seuls les signataires du contrat de r\u00e9utilisation des donn\u00e9es sous licence Parchemins ont acc\u00e8s \u00e0 ces donn\u00e9es et m\u00e9tadonn\u00e9es. Ce contrat est accessible sur demande en contactant la coordinatrice du programme (Alix Levain : alix[point]levain[@]univ-brest.fr ou sur requ\u00eate de connexion dans le catalogue \u00ab\u00a0data.agriculture littorale.fr\u00a0\u00bb.<\/p>\n<p style=\"text-align: justify;\">Les <strong>donn\u00e9es qualitatives comprennent<\/strong>\u00a0notamment\u00a0: des entretiens semi-dirig\u00e9s anonymis\u00e9s, des photographies, des vid\u00e9os, des observations de terrain, des archives priv\u00e9es, de la litt\u00e9rature grise, des contenus \u00e9ditoriaux ou des art\u00e9facts.<\/p>\n<p style=\"text-align: justify;\">Les donn\u00e9es ont \u00e9t\u00e9 collect\u00e9es par\u00a0les <strong>\u00ab\u00a0collecteurs\u00a0\u00bb<\/strong> dont l\u2019identit\u00e9 et le contact sont mentionn\u00e9s dans la m\u00e9tadonn\u00e9e. Le collecteur est et reste propri\u00e9taire des donn\u00e9es qu\u2019il.elle a produites. Elles ont \u00e9t\u00e9 trait\u00e9es (saisies) par les <strong>\u00ab\u00a0r\u00e9dacteurs \u00bb<\/strong> (pouvant \u00eatre identique au collecteur) dont l\u2019identit\u00e9 et le contact sont mentionn\u00e9s dans la m\u00e9tadonn\u00e9e pour permettre leur publication dans le catalogue.<\/p>\n<p style=\"text-align: justify;\">Les donn\u00e9es sont <strong>d\u00e9crites dans des m\u00e9tadonn\u00e9es<\/strong>, et accessibles via les liens \u00ab\u00a0donn\u00e9es et ressources\u00a0\u00bb.<\/p>\n<p style=\"text-align: justify;\">Les formats des <strong>fichiers sources <\/strong>correspondant \u00e0 chaque donn\u00e9es sont divers, comprenant par exemple des formats audio (.mp3), texte (.odt\u00a0; .doc\u00a0; .pdf), photo (.jpg), document num\u00e9ris\u00e9 (.jpg\u00a0; .pdf).<\/p>\n<h3 style=\"text-align: justify;\">2. D\u00e9finitions<\/h3>\n<p style=\"text-align: justify;\">Sont consid\u00e9r\u00e9s au sens de la Licence Parchemins comme\u00a0:<\/p>\n<p style=\"text-align: justify;\">La \u00ab\u00a0r\u00e9utilisation\u00a0\u00bb\u00a0: l\u2019utilisation de la donn\u00e9e \u00e0 d\u2019autres fins que celles pour lesquelles elle a \u00e9t\u00e9 produite ou re\u00e7ue.<\/p>\n<p style=\"text-align: justify;\">Le \u00ab\u00a0r\u00e9utilisateur\u00a0\u00bb\u00a0: toute personne qui r\u00e9utilise les donn\u00e9es conform\u00e9ment aux conditions de la pr\u00e9sente licence.<\/p>\n<p style=\"text-align: justify;\">Les \u00ab\u00a0donn\u00e9es \u00e0 caract\u00e8re personnel\u00a0\u00bb\u00a0: toute information se rapportant \u00e0 une personne physique identifi\u00e9e ou identifiable, pouvant \u00eatre identifi\u00e9e directement ou indirectement. Leur r\u00e9utilisation est subordonn\u00e9e au respect du cadre juridique<sup>1<\/sup> en vigueur.<\/p>\n<p>&nbsp;<\/p>\n<p>[1]. R\u00e9f\u00e9rences associ\u00e9es au r\u00e8glement RGPD\u00a0: Loi du 20 juin 2018 relative \u00e0 la protection des donn\u00e9es personnelles (lien\u00a0:\u00a0 <a href=\"https:\/\/www.legifrance.gouv.fr\/eli\/loi\/2018\/6\/20\/JUSC1732261L\/jo\/texte\">https:\/\/www.legifrance.gouv.fr\/eli\/loi\/2018\/6\/20\/JUSC1732261L\/jo\/texte<\/a>) et R\u00e8glement du 27 avril 2016 relatif \u00e0 la protection des personnes physiques \u00e0 l&rsquo;\u00e9gard du traitement des donn\u00e9es \u00e0 caract\u00e8re personnel et \u00e0 la libre circulation de ces donn\u00e9es, et abrogeant la directive 95\/46\/CE (lien\u00a0: https:\/\/eur-lex.europa.eu\/legal-content\/FR\/TXT\/HTML\/?uri=CELEX:32016R0679&amp;from=FR)<\/p>\n<p>&nbsp;<\/p>\n","protected":false},"excerpt":{"rendered":"<p>Deux types de licences pour les donn\u00e9es produites dans le programme Parchemins Les donn\u00e9es publi\u00e9es sur le catalogue du programme (data.agriculturelittorale.fr) rel\u00e8vent de deux licences distinctes, en r\u00e9f\u00e9rence \u00e0 deux statuts diff\u00e9rents : D&rsquo;une part, les donn\u00e9es rendues disponibles en libre acc\u00e8s, rel\u00e8vent d&rsquo;une licence ouverte 2.0, telle que d\u00e9finie par Etalab. D&rsquo;autre part, les [&hellip;]<\/p>\n","protected":false},"author":3,"featured_media":0,"parent":660,"menu_order":0,"comment_status":"closed","ping_status":"closed","template":"","meta":[],"_links":{"self":[{"href":"http:\/\/www.parchemins.bzh\/index.php\/wp-json\/wp\/v2\/pages\/2017"}],"collection":[{"href":"http:\/\/www.parchemins.bzh\/index.php\/wp-json\/wp\/v2\/pages"}],"about":[{"href":"http:\/\/www.parchemins.bzh\/index.php\/wp-json\/wp\/v2\/types\/page"}],"author":[{"embeddable":true,"href":"http:\/\/www.parchemins.bzh\/index.php\/wp-json\/wp\/v2\/users\/3"}],"replies":[{"embeddable":true,"href":"http:\/\/www.parchemins.bzh\/index.php\/wp-json\/wp\/v2\/comments?post=2017"}],"version-history":[{"count":5,"href":"http:\/\/www.parchemins.bzh\/index.php\/wp-json\/wp\/v2\/pages\/2017\/revisions"}],"predecessor-version":[{"id":2294,"href":"http:\/\/www.parchemins.bzh\/index.php\/wp-json\/wp\/v2\/pages\/2017\/revisions\/2294"}],"up":[{"embeddable":true,"href":"http:\/\/www.parchemins.bzh\/index.php\/wp-json\/wp\/v2\/pages\/660"}],"wp:attachment":[{"href":"http:\/\/www.parchemins.bzh\/index.php\/wp-json\/wp\/v2\/media?parent=2017"}],"curies":[{"name":"wp","href":"https:\/\/api.w.org\/{rel}","templated":true}]}}