{"id":193,"date":"2017-03-23T15:36:20","date_gmt":"2017-03-23T14:36:20","guid":{"rendered":"http:\/\/www.parchemins.bzh\/?page_id=193"},"modified":"2023-12-17T12:46:31","modified_gmt":"2023-12-17T11:46:31","slug":"les-terrains","status":"publish","type":"page","link":"http:\/\/www.parchemins.bzh\/index.php\/les-terrains\/","title":{"rendered":"Les terrains"},"content":{"rendered":"<h4>La commune de Mo\u00eblan-sur-mer<\/h4>\n<h4>La <a href=\"_wp_link_placeholder\" data-wplink-edit=\"true\">Communaut\u00e9 de Communes Presqu&rsquo;\u00eele de Crozon-Aulne Maritime<\/a><\/h4>\n<h4>Les 5 sites d&rsquo;\u00e9tude Parchemins<\/h4>\n<p><iframe src=\"http:\/\/geowww.agrocampus-ouest.fr\/sviewer\/?wmc=http%3A%2F%2Fgeowww.agrocampus-ouest.fr%2Fmapfishapp%2Fws%2Fwmc%2Fgeodoc0f061428b63afeea9644d1f61de318b4.wmc&amp;title=Les 5 sites d'\u00e9tude\" width=\"100%\" height=\"400px\" frameborder=\"0\" scrolling=\"auto\" ><\/iframe><br \/>\n<a href=\"http:\/\/geowww.agrocampus-ouest.fr\/sviewer\/?wmc=http%3A%2F%2Fgeowww.agrocampus-ouest.fr%2Fmapfishapp%2Fws%2Fwmc%2Fgeodoc0f061428b63afeea9644d1f61de318b4.wmc&amp;title=Les 5 sites d'\u00e9tude\" target=\"_blank\" rel=\"noopener\">La carte en plein \u00e9cran<\/a><\/p>\n","protected":false},"excerpt":{"rendered":"<p>La commune de Mo\u00eblan-sur-mer La Communaut\u00e9 de Communes Presqu&rsquo;\u00eele de Crozon-Aulne Maritime Les 5 sites d&rsquo;\u00e9tude Parchemins La carte en plein \u00e9cran<\/p>\n","protected":false},"author":1,"featured_media":0,"parent":0,"menu_order":1,"comment_status":"closed","ping_status":"closed","template":"","meta":[],"_links":{"self":[{"href":"http:\/\/www.parchemins.bzh\/index.php\/wp-json\/wp\/v2\/pages\/193"}],"collection":[{"href":"http:\/\/www.parchemins.bzh\/index.php\/wp-json\/wp\/v2\/pages"}],"about":[{"href":"http:\/\/www.parchemins.bzh\/index.php\/wp-json\/wp\/v2\/types\/page"}],"author":[{"embeddable":true,"href":"http:\/\/www.parchemins.bzh\/index.php\/wp-json\/wp\/v2\/users\/1"}],"replies":[{"embeddable":true,"href":"http:\/\/www.parchemins.bzh\/index.php\/wp-json\/wp\/v2\/comments?post=193"}],"version-history":[{"count":9,"href":"http:\/\/www.parchemins.bzh\/index.php\/wp-json\/wp\/v2\/pages\/193\/revisions"}],"predecessor-version":[{"id":2684,"href":"http:\/\/www.parchemins.bzh\/index.php\/wp-json\/wp\/v2\/pages\/193\/revisions\/2684"}],"wp:attachment":[{"href":"http:\/\/www.parchemins.bzh\/index.php\/wp-json\/wp\/v2\/media?parent=193"}],"curies":[{"name":"wp","href":"https:\/\/api.w.org\/{rel}","templated":true}]}}