{"id":1819,"date":"2018-12-08T11:41:08","date_gmt":"2018-12-08T10:41:08","guid":{"rendered":"http:\/\/www.parchemins.bzh\/?page_id=1819"},"modified":"2018-12-08T11:41:08","modified_gmt":"2018-12-08T10:41:08","slug":"paroles","status":"publish","type":"page","link":"http:\/\/www.parchemins.bzh\/index.php\/les-terrains\/baie-de-douarnenez-porzay\/paroles\/","title":{"rendered":"Paroles"},"content":{"rendered":"<ul class=\"lcp_catlist\"><br><li><h3 class=\"lcp_post\"><a href=\"http:\/\/www.parchemins.bzh\/index.php\/marees-vertes-histoire-bretonne\/\" title=\"Les mar\u00e9es vertes, une histoire bretonne?\" target=\"_blank\">Les mar\u00e9es vertes, une histoire bretonne?<\/a><\/h3>    <a href=\"http:\/\/www.parchemins.bzh\/index.php\/marees-vertes-histoire-bretonne\/\" title=\"Les mar\u00e9es vertes, une histoire bretonne?\"><img src=\"http:\/\/www.parchemins.bzh\/wp-content\/uploads\/2019\/04\/algues-vertes-histoire-bretonne-1080x675-300x188.jpg\" class=\"lcp_thumbnail\"  alt=\"Les mar\u00e9es vertes, une histoire bretonne?\" \/><\/a><div class=\"lcp_excerpt\">\nTrois des sites d&rsquo;\u00e9tude de Parchemins sont touch\u00e9s par le ph\u00e9nom\u00e8ne des mar\u00e9es vertes depuis les ann\u00e9es 1970 et 1980: n&rsquo;y voyez pas tant un reflet de l&rsquo;ampleur des mar\u00e9es vertes sur le littoral breton, que du fait que sur ces territoires ruraux et littoraux s&rsquo;est concentr\u00e9e, depuis une vingtaine d&rsquo;ann\u00e9es, l&rsquo;attention des scientifiques et ...<\/div> <a href=\"http:\/\/www.parchemins.bzh\/index.php\/marees-vertes-histoire-bretonne\/\"  >(Lire ...)<\/a><br><\/li><br><li><h3 class=\"lcp_post\"><a href=\"http:\/\/www.parchemins.bzh\/index.php\/culture-de-pomme-de-terre-de-selection-louest-finistere-vraie-saga\/\" title=\"La culture de la pomme de terre de s\u00e9lection dans l&rsquo;Ouest du Finist\u00e8re : une vraie saga!\" target=\"_blank\">La culture de la pomme de terre de s\u00e9lection dans l&rsquo;Ouest du Finist\u00e8re : une vraie saga!<\/a><\/h3>    <a href=\"http:\/\/www.parchemins.bzh\/index.php\/culture-de-pomme-de-terre-de-selection-louest-finistere-vraie-saga\/\" title=\"La culture de la pomme de terre de s\u00e9lection dans l&#039;Ouest du Finist\u00e8re : une vraie saga!\"><img width=\"150\" height=\"150\" src=\"http:\/\/www.parchemins.bzh\/wp-content\/uploads\/2017\/05\/patates-Cornec-150x150.jpg\" class=\"attachment-thumbnail size-thumbnail wp-post-image\" alt=\"\" loading=\"lazy\" srcset=\"http:\/\/www.parchemins.bzh\/wp-content\/uploads\/2017\/05\/patates-Cornec-150x150.jpg 150w, http:\/\/www.parchemins.bzh\/wp-content\/uploads\/2017\/05\/patates-Cornec-50x50.jpg 50w\" sizes=\"(max-width: 150px) 100vw, 150px\" \/><\/a><div class=\"lcp_excerpt\">\nIl en aura fallu, des ingr\u00e9dients, pour qu&rsquo;une petite r\u00e9volution agricole se produise, entre les ann\u00e9es 1920 et les ann\u00e9es 1950, dans tout l&rsquo;Ouest du Finist\u00e8re : un professeur d&rsquo;agronomie et des agents de l&rsquo;Etat \u00e9pris de progr\u00e8s, des agriculteurs instruits et entreprenants, forts de leurs r\u00e9seaux amicaux et familiaux&#8230;mais aussi un climat doux, un ...<\/div> <a href=\"http:\/\/www.parchemins.bzh\/index.php\/culture-de-pomme-de-terre-de-selection-louest-finistere-vraie-saga\/\"  >(Lire ...)<\/a><br><\/li><br><li><h3 class=\"lcp_post\"><a href=\"http:\/\/www.parchemins.bzh\/index.php\/cetait-la-patate-un-voyage-en\/\" title=\"C&rsquo;\u00e9tait la patate&#8230;un voyage en abondance\" target=\"_blank\">C&rsquo;\u00e9tait la patate&#8230;un voyage en abondance<\/a><\/h3>    <a href=\"http:\/\/www.parchemins.bzh\/index.php\/cetait-la-patate-un-voyage-en\/\" title=\"C&#039;\u00e9tait la patate...un voyage en abondance\"><img width=\"150\" height=\"150\" src=\"http:\/\/www.parchemins.bzh\/wp-content\/uploads\/2017\/05\/patates-Cornec-150x150.jpg\" class=\"attachment-thumbnail size-thumbnail wp-post-image\" alt=\"\" loading=\"lazy\" srcset=\"http:\/\/www.parchemins.bzh\/wp-content\/uploads\/2017\/05\/patates-Cornec-150x150.jpg 150w, http:\/\/www.parchemins.bzh\/wp-content\/uploads\/2017\/05\/patates-Cornec-50x50.jpg 50w\" sizes=\"(max-width: 150px) 100vw, 150px\" \/><\/a><div class=\"lcp_excerpt\">Herv\u00e9 et moi sommes plong\u00e9s depuis quelques jours dans ce que nous appelons volontiers entre nous le \u00ab\u00a0projet patate\u00a0\u00bb : il s&rsquo;agit d&rsquo;une recherche sur l&rsquo;histoire de la culture des plants de pommes de terre dans le bassin de Ch\u00e2teaulin (une r\u00e9gion agricole qui comprend les communes du Porzay). C&rsquo;est dans ce cadre que nous ...<\/div> <a href=\"http:\/\/www.parchemins.bzh\/index.php\/cetait-la-patate-un-voyage-en\/\"  >(Lire ...)<\/a><br><\/li><\/ul>\n","protected":false},"excerpt":{"rendered":"","protected":false},"author":7,"featured_media":0,"parent":198,"menu_order":0,"comment_status":"closed","ping_status":"closed","template":"","meta":[],"_links":{"self":[{"href":"http:\/\/www.parchemins.bzh\/index.php\/wp-json\/wp\/v2\/pages\/1819"}],"collection":[{"href":"http:\/\/www.parchemins.bzh\/index.php\/wp-json\/wp\/v2\/pages"}],"about":[{"href":"http:\/\/www.parchemins.bzh\/index.php\/wp-json\/wp\/v2\/types\/page"}],"author":[{"embeddable":true,"href":"http:\/\/www.parchemins.bzh\/index.php\/wp-json\/wp\/v2\/users\/7"}],"replies":[{"embeddable":true,"href":"http:\/\/www.parchemins.bzh\/index.php\/wp-json\/wp\/v2\/comments?post=1819"}],"version-history":[{"count":1,"href":"http:\/\/www.parchemins.bzh\/index.php\/wp-json\/wp\/v2\/pages\/1819\/revisions"}],"predecessor-version":[{"id":1820,"href":"http:\/\/www.parchemins.bzh\/index.php\/wp-json\/wp\/v2\/pages\/1819\/revisions\/1820"}],"up":[{"embeddable":true,"href":"http:\/\/www.parchemins.bzh\/index.php\/wp-json\/wp\/v2\/pages\/198"}],"wp:attachment":[{"href":"http:\/\/www.parchemins.bzh\/index.php\/wp-json\/wp\/v2\/media?parent=1819"}],"curies":[{"name":"wp","href":"https:\/\/api.w.org\/{rel}","templated":true}]}}