{"id":1761,"date":"2018-07-17T16:13:52","date_gmt":"2018-07-17T14:13:52","guid":{"rendered":"http:\/\/www.parchemins.bzh\/?page_id=1761"},"modified":"2018-07-17T16:34:32","modified_gmt":"2018-07-17T14:34:32","slug":"jean-louis-tacon","status":"publish","type":"page","link":"http:\/\/www.parchemins.bzh\/index.php\/atelier\/rencontres-de-kervic\/programme\/carte-blanche-a\/jean-louis-tacon\/","title":{"rendered":"Jean-Louis Le Tacon"},"content":{"rendered":"<p>Pour cette premi\u00e8re carte blanche, une rencontre riche avec un \u00ab\u00a0<a href=\"https:\/\/www.bretagne-et-diversite.net\/fr\/portraits-realisateurs\/jean-louis-le-tacon\/\">homme orchestre<\/a>\u00a0\u00bb inspir\u00e9, originaire des C\u00f4tes d&rsquo;Armor et auteur de plus d&rsquo;une cinquantaine de films. Jean-Louis continue, inlassablement, \u00e0 explorer et exp\u00e9rimenter.<\/p>\n<p>Il nous propose ici un dialogue autour d&rsquo;un film atypique en cours de r\u00e9alisation, <strong>En descendant le Trieux<\/strong> (37 mn de maquette).<\/p>\n<div id=\"attachment_1768\" style=\"width: 620px\" class=\"wp-caption aligncenter\"><img aria-describedby=\"caption-attachment-1768\" loading=\"lazy\" class=\"wp-image-1768 size-large\" src=\"http:\/\/www.parchemins.bzh\/wp-content\/uploads\/2018\/07\/TAcon-1024x768.jpg\" alt=\"\" width=\"610\" height=\"458\" srcset=\"http:\/\/www.parchemins.bzh\/wp-content\/uploads\/2018\/07\/TAcon-1024x768.jpg 1024w, http:\/\/www.parchemins.bzh\/wp-content\/uploads\/2018\/07\/TAcon-300x225.jpg 300w, http:\/\/www.parchemins.bzh\/wp-content\/uploads\/2018\/07\/TAcon-768x576.jpg 768w, http:\/\/www.parchemins.bzh\/wp-content\/uploads\/2018\/07\/TAcon-1320x990.jpg 1320w, http:\/\/www.parchemins.bzh\/wp-content\/uploads\/2018\/07\/TAcon.jpg 2000w\" sizes=\"(max-width: 610px) 100vw, 610px\" \/><p id=\"caption-attachment-1768\" class=\"wp-caption-text\">Jean-Louis Le Tacon pr\u00e9sentant son film en construction et l&rsquo;ouvrage \u00ab\u00a0Rivi\u00e8res Bretonnes\u00a0\u00bb \u00e0 l&rsquo;origine de son projet sur le Trieux. \u00a9Sandrine Dup\u00e9<\/p><\/div>\n","protected":false},"excerpt":{"rendered":"<p>Pour cette premi\u00e8re carte blanche, une rencontre riche avec un \u00ab\u00a0homme orchestre\u00a0\u00bb inspir\u00e9, originaire des C\u00f4tes d&rsquo;Armor et auteur de plus d&rsquo;une cinquantaine de films. Jean-Louis continue, inlassablement, \u00e0 explorer et exp\u00e9rimenter. Il nous propose ici un dialogue autour d&rsquo;un film atypique en cours de r\u00e9alisation, En descendant le Trieux (37 mn de maquette).<\/p>\n","protected":false},"author":2,"featured_media":0,"parent":1759,"menu_order":0,"comment_status":"closed","ping_status":"closed","template":"","meta":[],"_links":{"self":[{"href":"http:\/\/www.parchemins.bzh\/index.php\/wp-json\/wp\/v2\/pages\/1761"}],"collection":[{"href":"http:\/\/www.parchemins.bzh\/index.php\/wp-json\/wp\/v2\/pages"}],"about":[{"href":"http:\/\/www.parchemins.bzh\/index.php\/wp-json\/wp\/v2\/types\/page"}],"author":[{"embeddable":true,"href":"http:\/\/www.parchemins.bzh\/index.php\/wp-json\/wp\/v2\/users\/2"}],"replies":[{"embeddable":true,"href":"http:\/\/www.parchemins.bzh\/index.php\/wp-json\/wp\/v2\/comments?post=1761"}],"version-history":[{"count":5,"href":"http:\/\/www.parchemins.bzh\/index.php\/wp-json\/wp\/v2\/pages\/1761\/revisions"}],"predecessor-version":[{"id":1770,"href":"http:\/\/www.parchemins.bzh\/index.php\/wp-json\/wp\/v2\/pages\/1761\/revisions\/1770"}],"up":[{"embeddable":true,"href":"http:\/\/www.parchemins.bzh\/index.php\/wp-json\/wp\/v2\/pages\/1759"}],"wp:attachment":[{"href":"http:\/\/www.parchemins.bzh\/index.php\/wp-json\/wp\/v2\/media?parent=1761"}],"curies":[{"name":"wp","href":"https:\/\/api.w.org\/{rel}","templated":true}]}}