{"id":1691,"date":"2018-07-04T16:20:30","date_gmt":"2018-07-04T14:20:30","guid":{"rendered":"http:\/\/www.parchemins.bzh\/?page_id=1691"},"modified":"2018-07-04T16:22:06","modified_gmt":"2018-07-04T14:22:06","slug":"latelier-carto","status":"publish","type":"page","link":"http:\/\/www.parchemins.bzh\/index.php\/atelier\/latelier-carto\/","title":{"rendered":"L&rsquo;atelier carto"},"content":{"rendered":"<ul class=\"lcp_catlist\"><br><li><h3 class=\"lcp_post\"><a href=\"http:\/\/www.parchemins.bzh\/index.php\/atelier-carto-premiere-mise-ligne-otex\/\" title=\"Atelier carto : une premi\u00e8re mise en ligne avec les OTEX\" target=\"_blank\">Atelier carto : une premi\u00e8re mise en ligne avec les OTEX<\/a><\/h3>    <a href=\"http:\/\/www.parchemins.bzh\/index.php\/atelier-carto-premiere-mise-ligne-otex\/\" title=\"Atelier carto : une premi\u00e8re mise en ligne avec les OTEX\"><img width=\"150\" height=\"150\" src=\"http:\/\/www.parchemins.bzh\/wp-content\/uploads\/2018\/01\/Capture-150x150.jpg\" class=\"attachment-thumbnail size-thumbnail wp-post-image\" alt=\"\" loading=\"lazy\" srcset=\"http:\/\/www.parchemins.bzh\/wp-content\/uploads\/2018\/01\/Capture-150x150.jpg 150w, http:\/\/www.parchemins.bzh\/wp-content\/uploads\/2018\/01\/Capture-50x50.jpg 50w\" sizes=\"(max-width: 150px) 100vw, 150px\" \/><\/a><div class=\"lcp_excerpt\">\nLa carte en plein \u00e9cran\nLa discussion est d\u00e8s \u00e0 pr\u00e9sent ouverte : \u00e0 vous les commentaires\u00a0!\nAu chapitre des donn\u00e9es contextuelles, nous sommes heureux de vous annoncer la mise en ligne d\u2019une premi\u00e8re carte. C\u2019est la premi\u00e8re d\u2019une s\u00e9rie qui s\u2019enrichira au cours du temps avec des donn\u00e9es sur la d\u00e9mographie, l\u2019emploi, les exploitations agricoles.\u00a0 Cette ...<\/div> <a href=\"http:\/\/www.parchemins.bzh\/index.php\/atelier-carto-premiere-mise-ligne-otex\/\"  >(Lire ...)<\/a><br><\/li><\/ul>\n","protected":false},"excerpt":{"rendered":"","protected":false},"author":2,"featured_media":0,"parent":1238,"menu_order":0,"comment_status":"closed","ping_status":"closed","template":"","meta":[],"_links":{"self":[{"href":"http:\/\/www.parchemins.bzh\/index.php\/wp-json\/wp\/v2\/pages\/1691"}],"collection":[{"href":"http:\/\/www.parchemins.bzh\/index.php\/wp-json\/wp\/v2\/pages"}],"about":[{"href":"http:\/\/www.parchemins.bzh\/index.php\/wp-json\/wp\/v2\/types\/page"}],"author":[{"embeddable":true,"href":"http:\/\/www.parchemins.bzh\/index.php\/wp-json\/wp\/v2\/users\/2"}],"replies":[{"embeddable":true,"href":"http:\/\/www.parchemins.bzh\/index.php\/wp-json\/wp\/v2\/comments?post=1691"}],"version-history":[{"count":3,"href":"http:\/\/www.parchemins.bzh\/index.php\/wp-json\/wp\/v2\/pages\/1691\/revisions"}],"predecessor-version":[{"id":1694,"href":"http:\/\/www.parchemins.bzh\/index.php\/wp-json\/wp\/v2\/pages\/1691\/revisions\/1694"}],"up":[{"embeddable":true,"href":"http:\/\/www.parchemins.bzh\/index.php\/wp-json\/wp\/v2\/pages\/1238"}],"wp:attachment":[{"href":"http:\/\/www.parchemins.bzh\/index.php\/wp-json\/wp\/v2\/media?parent=1691"}],"curies":[{"name":"wp","href":"https:\/\/api.w.org\/{rel}","templated":true}]}}