{"id":1570,"date":"2018-04-26T10:07:53","date_gmt":"2018-04-26T08:07:53","guid":{"rendered":"http:\/\/www.parchemins.bzh\/?page_id=1570"},"modified":"2018-04-26T15:00:02","modified_gmt":"2018-04-26T13:00:02","slug":"mentions-legales","status":"publish","type":"page","link":"http:\/\/www.parchemins.bzh\/index.php\/mentions-legales\/","title":{"rendered":"Mentions l\u00e9gales"},"content":{"rendered":"<h4><strong>Mentions l\u00e9gales du site Parchemins<\/strong><\/h4>\n<p><strong>Informations l\u00e9gales :<\/strong><\/p>\n<p>Le site <strong>Parchemins<\/strong> est d\u00e9velopp\u00e9 par l\u2019Unit\u00e9 Mixte de Recherche Sol Agro et hydrosyst\u00e8me Spatialisation de Rennes.<\/p>\n<p><strong>Raison sociale\u00a0: <\/strong><\/p>\n<p>UMR-SAS<br \/>\n65 Rue de Saint Brieuc<br \/>\n35042 Rennes<br \/>\nFRANCE<br \/>\nTel. : +33(0)2 23 48 54 22<br \/>\nFax : + 33(0)2 23 48 54 30<\/p>\n<p>4, Rue de Stang Vihan<br \/>\n29000 Quimper<br \/>\nFRANCE<br \/>\nTel. : +33(0)2 98 95 01 91<br \/>\nFax : + 33(0)2 98 95 26 26<\/p>\n<p><strong>Directeur de la publication : <\/strong>Patrick Durand<\/p>\n<p><strong>Web Masters : <\/strong>Herv\u00e9 Squividant, Genevi\u00e8ve le H\u00e9naff<\/p>\n<p><strong>Copyright :<\/strong> \u00a9 Parchemins<\/p>\n<p>Toute reproduction, utilisation ou repr\u00e9sentation, int\u00e9grale ou partielle, des pages \u00e9crans, des donn\u00e9es et de fa\u00e7on g\u00e9n\u00e9rale de tout \u00e9l\u00e9ment constitutif du site <a href=\"http:\/\/www.parchemins.bzh\">www.parchemins.bzh<\/a> par quelque proc\u00e9d\u00e9 et sur quelque support que ce soit est strictement interdite et constitue, sans autorisation \u00e9crite et pr\u00e9alable du programme Parchemins, un d\u00e9lit de contrefa\u00e7on.<\/p>\n<p><strong>Engagement : <\/strong>L\u2019\u00e9diteur s\u2019engage \u00e0 respecter l\u2019ensemble du dispositif l\u00e9gislatif concernant la mise en place et l\u2019activit\u00e9 d\u2019un site Internet.<\/p>\n<p><strong>H\u00e9bergement :<\/strong> Agrocampus-Ouest<\/p>\n<p><strong>Droits et devoirs des utilisateurs :<\/strong><\/p>\n<p>Parchemins autorise l\u2019utilisateur selon les pr\u00e9sentes conditions et les r\u00e8gles d\u2019usage sur l\u2019Internet, \u00e0 consulter gratuitement ce site, \u00e0 simple titre d\u2019information, uniquement pour son usage personnel et priv\u00e9 et \u00e0 l\u2019exclusion de toutes fins commerciales.<\/p>\n<p>Les utilisateurs sont responsables des commentaires qu\u2019ils formulent ainsi que de l\u2019interpr\u00e9tation qu\u2019ils font des contenus. Il leur appartient d\u2019en faire un usage conforme aux r\u00e9glementations en vigueur et aux recommandations de la Commission nationale de l\u2019informatique et des libert\u00e9s (Cnil) lorsque les donn\u00e9es ont un caract\u00e8re nominatif.<\/p>\n<p><strong>Protection du contenu du site\u00a0:<\/strong><\/p>\n<p>Le pr\u00e9sent site ainsi que tous ses \u00e9l\u00e9ments constitutifs quels qu\u2019ils soient sont la propri\u00e9t\u00e9 de Parchemins et sont prot\u00e9g\u00e9s par le droit d\u2019auteur, droit de la propri\u00e9t\u00e9 intellectuelle.<br \/>\nLes bases et\/ou fichiers de donn\u00e9es sont prot\u00e9g\u00e9s par des dispositions sp\u00e9ciales, introduites par la loi n\u00b098-536 du 1er juillet 1998 relative \u00e0 la protection juridiques de bases de donn\u00e9es.<br \/>\nIl est interdit de les r\u00e9utiliser sans autorisation expresse et pr\u00e9alable de Parchemins.<\/p>\n<p><strong>Textes l\u00e9gaux (sur le web de la Cnil)<\/strong><\/p>\n<ul>\n<li>Loi n\u00ba78-17 du 6 Janvier 1978, relative \u00e0 l\u2019informatique, aux fichiers et aux libert\u00e9s, dite loi Informatique e tLibert\u00e9s<\/li>\n<li>D\u00e9lib\u00e9ration de la Cnil n\u00ba 81-94 du 21 juillet 1981 portant adoption d\u2019une recommandation relative aux mesures g\u00e9n\u00e9rales de s\u00e9curit\u00e9 des syst\u00e8mes informatiques<\/li>\n<li>Loi n\u00ba 88-19 du 5 janvier 1988 relative \u00e0 la fraude informatique, dite loi Godfrain<\/li>\n<\/ul>\n","protected":false},"excerpt":{"rendered":"<p>Mentions l\u00e9gales du site Parchemins Informations l\u00e9gales : Le site Parchemins est d\u00e9velopp\u00e9 par l\u2019Unit\u00e9 Mixte de Recherche Sol Agro et hydrosyst\u00e8me Spatialisation de Rennes. Raison sociale\u00a0: UMR-SAS 65 Rue de Saint Brieuc 35042 Rennes FRANCE Tel. : +33(0)2 23 48 54 22 Fax : + 33(0)2 23 48 54 30 4, Rue de Stang [&hellip;]<\/p>\n","protected":false},"author":2,"featured_media":0,"parent":0,"menu_order":0,"comment_status":"closed","ping_status":"closed","template":"","meta":[],"_links":{"self":[{"href":"http:\/\/www.parchemins.bzh\/index.php\/wp-json\/wp\/v2\/pages\/1570"}],"collection":[{"href":"http:\/\/www.parchemins.bzh\/index.php\/wp-json\/wp\/v2\/pages"}],"about":[{"href":"http:\/\/www.parchemins.bzh\/index.php\/wp-json\/wp\/v2\/types\/page"}],"author":[{"embeddable":true,"href":"http:\/\/www.parchemins.bzh\/index.php\/wp-json\/wp\/v2\/users\/2"}],"replies":[{"embeddable":true,"href":"http:\/\/www.parchemins.bzh\/index.php\/wp-json\/wp\/v2\/comments?post=1570"}],"version-history":[{"count":3,"href":"http:\/\/www.parchemins.bzh\/index.php\/wp-json\/wp\/v2\/pages\/1570\/revisions"}],"predecessor-version":[{"id":1573,"href":"http:\/\/www.parchemins.bzh\/index.php\/wp-json\/wp\/v2\/pages\/1570\/revisions\/1573"}],"wp:attachment":[{"href":"http:\/\/www.parchemins.bzh\/index.php\/wp-json\/wp\/v2\/media?parent=1570"}],"curies":[{"name":"wp","href":"https:\/\/api.w.org\/{rel}","templated":true}]}}