{"id":1556,"date":"2018-04-16T14:59:54","date_gmt":"2018-04-16T12:59:54","guid":{"rendered":"http:\/\/www.parchemins.bzh\/?page_id=1556"},"modified":"2018-07-17T15:14:41","modified_gmt":"2018-07-17T13:14:41","slug":"ateliers-plateaux-radio","status":"publish","type":"page","link":"http:\/\/www.parchemins.bzh\/index.php\/atelier\/rencontres-de-kervic\/programme\/ateliers-plateaux-radio\/","title":{"rendered":"Plateaux radio et cabinet d&rsquo;\u00e9coute"},"content":{"rendered":"<h4>Un cabinet d&rsquo;\u00e9coute dans le \u00ab\u00a0labo\u00a0\u00bb<\/h4>\n<p style=\"text-align: justify;\">Dans l&rsquo;atmosph\u00e8re feutr\u00e9e d&rsquo;une ancienne \u00e9table, confortablement install\u00e9 sur des coussins et entour\u00e9 d&rsquo;une s\u00e9rie de curiosit\u00e9s litt\u00e9raires sur l&rsquo;agriculture et le paysage en Bretagne, le visiteur \u00e9tait invit\u00e9 \u00e0 s&rsquo;immerger dans l&rsquo;univers sonore des documentaires radios de l&rsquo;\u00e9mission \u00ab\u00a0<a href=\"http:\/\/www.parchemins.bzh\/index.php\/outils\/sonotheque\/\">Par les champs et par les gr\u00e8ves<\/a>\u00ab\u00a0, produite en partenariat avec radio Evasion.<\/p>\n<div id=\"attachment_1709\" style=\"width: 620px\" class=\"wp-caption aligncenter\"><img aria-describedby=\"caption-attachment-1709\" loading=\"lazy\" class=\"wp-image-1709 size-large\" src=\"http:\/\/www.parchemins.bzh\/wp-content\/uploads\/2018\/04\/DSCN3203-1024x768.jpg\" alt=\"\" width=\"610\" height=\"458\" srcset=\"http:\/\/www.parchemins.bzh\/wp-content\/uploads\/2018\/04\/DSCN3203-1024x768.jpg 1024w, http:\/\/www.parchemins.bzh\/wp-content\/uploads\/2018\/04\/DSCN3203-300x225.jpg 300w, http:\/\/www.parchemins.bzh\/wp-content\/uploads\/2018\/04\/DSCN3203-768x576.jpg 768w, http:\/\/www.parchemins.bzh\/wp-content\/uploads\/2018\/04\/DSCN3203-1320x990.jpg 1320w, http:\/\/www.parchemins.bzh\/wp-content\/uploads\/2018\/04\/DSCN3203.jpg 2000w\" sizes=\"(max-width: 610px) 100vw, 610px\" \/><p id=\"caption-attachment-1709\" class=\"wp-caption-text\">Ecoute et feuilletage au labo. \u00a9 Florence Revelin<\/p><\/div>\n<p>&nbsp;<\/p>\n<h4>Des plateaux radios publics et th\u00e9matiques<\/h4>\n<p style=\"text-align: justify;\">Deux plateaux radio ont \u00e9t\u00e9 r\u00e9alis\u00e9s en public par <a href=\"https:\/\/www.radioevasion.net\/\">Radio Evasion<\/a> et diffus\u00e9s ensuite sur le 100.4 FM et sur la web radio <a href=\"https:\/\/www.mjctregunc.fr\/radio\/\">Strerenn.\u00a0<\/a><\/p>\n<ul>\n<li>\n<h4>\u00ab\u00a0Cultiver le littoral, question de regards\u00a0\u00bb?<\/h4>\n<\/li>\n<\/ul>\n<p style=\"text-align: justify;\">Ce premier plateau radio, anim\u00e9 par Yann Simon (Radio Evasion) a marqu\u00e9 le lancement des premi\u00e8res Rencontres de Kervic autour des liens entre agriculture et littoral.<\/p>\n<p style=\"text-align: justify;\">Une premi\u00e8re partie est d\u00e9di\u00e9e \u00e0 la pr\u00e9sentation de l&rsquo;\u00e9v\u00e9nement et \u00e0 sa gen\u00e8se : comment est n\u00e9 le projet de Rencontres \u00e0 Kervic? Pourquoi cette th\u00e9matique de \u00ab\u00a0l&rsquo;agriculture, c\u00f4t\u00e9 littoral\u00a0\u00bb? Comment s&rsquo;est construite une programmation vivante autour du film-documentaire? Qui sont les partenaires et participants impliqu\u00e9s dans les rencontres? Autant de questions auxquelles r\u00e9pondret les invit\u00e9es du plateau radio : Blanche Renaudin de l&rsquo;association<a href=\"http:\/\/bretagnetransition.strikingly.com\/\"> Bretagne Transition<\/a>, et Alix Levain, coordinatrice du projet Parchemins, deux des co-organisatrices de l&rsquo;\u00e9v\u00e9nement.<\/p>\n<p style=\"text-align: justify;\">En seconde partie d&rsquo;\u00e9mission, un agriculteur et des r\u00e9alisateurs de films-documentaires sont invit\u00e9s \u00e0 d\u00e9battre de leurs points de vue sur la pluralit\u00e9 des regards port\u00e9s sur l&rsquo;agriculture. Pourquoi et comment r\u00e9aliser un film-documentaire sur ce sujet? Comment les agriculteurs, au premier plan de ces projets, vivent-ils la repr\u00e9sentation de leur image \u00e0 travers des regards particuliers, et plus largement \u00e0 travers la diversit\u00e9 des regards m\u00e9diatiques qui repr\u00e9sentent l&rsquo;agriculture dans la soci\u00e9t\u00e9? Ces regards changent-ils l&rsquo;agriculture et les agriculteurs? Yann Simon donne la parole \u00e0 Philippe Ledan, producteur laitier \u00e0 Saint-Yvi, et \u00e0 Mathurin Peschet, Gurvan Hu\u00e9 et Jean-Louis Le Tacon, r\u00e9alisateurs de films documentaires qui seront diffus\u00e9s \u00e0 l&rsquo;occasion des rencontres.<\/p>\n<p>Le<a href=\"https:\/\/www.radioevasion.net\/2018\/06\/11\/cultiver-le-littoral-questions-de-regards\/\"> podcast de l&rsquo;\u00e9mission<\/a> est disponible sur le site de Radio Evasion<\/p>\n<div id=\"attachment_1710\" style=\"width: 620px\" class=\"wp-caption aligncenter\"><img aria-describedby=\"caption-attachment-1710\" loading=\"lazy\" class=\"wp-image-1710 size-large\" src=\"http:\/\/www.parchemins.bzh\/wp-content\/uploads\/2018\/04\/IMG_0378-1024x768.jpg\" alt=\"\" width=\"610\" height=\"458\" srcset=\"http:\/\/www.parchemins.bzh\/wp-content\/uploads\/2018\/04\/IMG_0378-1024x768.jpg 1024w, http:\/\/www.parchemins.bzh\/wp-content\/uploads\/2018\/04\/IMG_0378-300x225.jpg 300w, http:\/\/www.parchemins.bzh\/wp-content\/uploads\/2018\/04\/IMG_0378-768x576.jpg 768w, http:\/\/www.parchemins.bzh\/wp-content\/uploads\/2018\/04\/IMG_0378-1320x990.jpg 1320w, http:\/\/www.parchemins.bzh\/wp-content\/uploads\/2018\/04\/IMG_0378.jpg 2000w\" sizes=\"(max-width: 610px) 100vw, 610px\" \/><p id=\"caption-attachment-1710\" class=\"wp-caption-text\">Yann Simon (\u00e0 gauche face au micro jaune) de Radio Evasion \u00e9change avec les invit\u00e9s du premier plateau radio. \u00a9 Florence Revelin<\/p><\/div>\n<p>&nbsp;<\/p>\n<ul>\n<li>\n<h4>\u00ab\u00a0Agriculture et tourisme sur le littoral\u00a0\u00bb<\/h4>\n<\/li>\n<\/ul>\n<p style=\"text-align: justify;\">Pour ce second plateau radio, il est question des liens entre l&rsquo;agriculture et une activit\u00e9 caract\u00e9ristique du littoral : le tourisme. L&rsquo;un chasse-t-il l&rsquo;autre ou existe-il au contraire des relations vertueuses, voire une interd\u00e9pendance entre tourisme et agriculture?<\/p>\n<p style=\"text-align: justify;\">Pour en discuter, V\u00e9ronique Muzeau, de Radio Evasion, re\u00e7oit Thierry Lymes,\u00a0agriculteur tenant un g\u00eete dans sa ferme de Clohars-Carno\u00ebt, Sandrine Manusset, adjointe \u00e0 l\u2019urbanisme et \u00e0 l\u2019environnement de N\u00e9vez, pour \u00e9voquer la situation et les perspectives quant \u00e0 la cohabitation de ces activit\u00e9s dans la commune, et Marine Legrand, anthropologue du projet Parchemins qui \u00e9tudie en particulier la presqu\u2019\u00eele de Rhuys (Morbihan) tr\u00e8s marqu\u00e9e par la question touristique.<\/p>\n<p>Pour d\u00e9couvrir ou re-d\u00e9couvrir l&rsquo;\u00e9mission : <a href=\"https:\/\/www.radioevasion.net\/2018\/06\/12\/agriculture-et-tourisme-en-zone-littorale\/\">retrouvez le podcast sur Radio Evasion<\/a>!<\/p>\n<div id=\"attachment_1714\" style=\"width: 620px\" class=\"wp-caption aligncenter\"><img aria-describedby=\"caption-attachment-1714\" loading=\"lazy\" class=\"wp-image-1714 size-large\" src=\"http:\/\/www.parchemins.bzh\/wp-content\/uploads\/2018\/04\/IMG_0521-1024x768.jpg\" alt=\"\" width=\"610\" height=\"458\" srcset=\"http:\/\/www.parchemins.bzh\/wp-content\/uploads\/2018\/04\/IMG_0521-1024x768.jpg 1024w, http:\/\/www.parchemins.bzh\/wp-content\/uploads\/2018\/04\/IMG_0521-300x225.jpg 300w, http:\/\/www.parchemins.bzh\/wp-content\/uploads\/2018\/04\/IMG_0521-768x576.jpg 768w, http:\/\/www.parchemins.bzh\/wp-content\/uploads\/2018\/04\/IMG_0521-1320x990.jpg 1320w, http:\/\/www.parchemins.bzh\/wp-content\/uploads\/2018\/04\/IMG_0521.jpg 2000w\" sizes=\"(max-width: 610px) 100vw, 610px\" \/><p id=\"caption-attachment-1714\" class=\"wp-caption-text\">Le public attentif du second plateau radio, \u00e0 l&rsquo;\u00e9coute des invit\u00e9(e)s de V\u00e9ronique Muzeau (micro jaune) de Radio Evasion. \u00a9 Florence Revelin<\/p><\/div>\n","protected":false},"excerpt":{"rendered":"<p>Un cabinet d&rsquo;\u00e9coute dans le \u00ab\u00a0labo\u00a0\u00bb Dans l&rsquo;atmosph\u00e8re feutr\u00e9e d&rsquo;une ancienne \u00e9table, confortablement install\u00e9 sur des coussins et entour\u00e9 d&rsquo;une s\u00e9rie de curiosit\u00e9s litt\u00e9raires sur l&rsquo;agriculture et le paysage en Bretagne, le visiteur \u00e9tait invit\u00e9 \u00e0 s&rsquo;immerger dans l&rsquo;univers sonore des documentaires radios de l&rsquo;\u00e9mission \u00ab\u00a0Par les champs et par les gr\u00e8ves\u00ab\u00a0, produite en partenariat [&hellip;]<\/p>\n","protected":false},"author":5,"featured_media":0,"parent":1382,"menu_order":0,"comment_status":"closed","ping_status":"closed","template":"","meta":[],"_links":{"self":[{"href":"http:\/\/www.parchemins.bzh\/index.php\/wp-json\/wp\/v2\/pages\/1556"}],"collection":[{"href":"http:\/\/www.parchemins.bzh\/index.php\/wp-json\/wp\/v2\/pages"}],"about":[{"href":"http:\/\/www.parchemins.bzh\/index.php\/wp-json\/wp\/v2\/types\/page"}],"author":[{"embeddable":true,"href":"http:\/\/www.parchemins.bzh\/index.php\/wp-json\/wp\/v2\/users\/5"}],"replies":[{"embeddable":true,"href":"http:\/\/www.parchemins.bzh\/index.php\/wp-json\/wp\/v2\/comments?post=1556"}],"version-history":[{"count":17,"href":"http:\/\/www.parchemins.bzh\/index.php\/wp-json\/wp\/v2\/pages\/1556\/revisions"}],"predecessor-version":[{"id":1746,"href":"http:\/\/www.parchemins.bzh\/index.php\/wp-json\/wp\/v2\/pages\/1556\/revisions\/1746"}],"up":[{"embeddable":true,"href":"http:\/\/www.parchemins.bzh\/index.php\/wp-json\/wp\/v2\/pages\/1382"}],"wp:attachment":[{"href":"http:\/\/www.parchemins.bzh\/index.php\/wp-json\/wp\/v2\/media?parent=1556"}],"curies":[{"name":"wp","href":"https:\/\/api.w.org\/{rel}","templated":true}]}}