{"id":1552,"date":"2018-04-16T14:31:41","date_gmt":"2018-04-16T12:31:41","guid":{"rendered":"http:\/\/www.parchemins.bzh\/?page_id=1552"},"modified":"2018-07-06T16:02:33","modified_gmt":"2018-07-06T14:02:33","slug":"balades-curieuses-autour-de-kervic","status":"publish","type":"page","link":"http:\/\/www.parchemins.bzh\/index.php\/atelier\/rencontres-de-kervic\/programme\/cabinet-de-toutes-curiosites\/balades-curieuses-autour-de-kervic\/","title":{"rendered":"Balades curieuses&#8230;autour de Kervic"},"content":{"rendered":"<p>En marchant et en observant, la mosa\u00efque des paysages autour de Kervic r\u00e9v\u00e8le toute l&rsquo;\u00e9paisseur et la complexit\u00e9 de l&rsquo;influence des activit\u00e9s humaines pass\u00e9es et pr\u00e9sentes, les propri\u00e9t\u00e9s changeantes des sols, le travail des \u00e9l\u00e9ments&#8230;Les Balades curieuses sont une invitation \u00e0 croiser les regards chemin faisant sur ce que nous voyons autour de nous, ce qui retient notre attention, ce que nous comprenons du paysage\u2026<\/p>\n<p>Les Balades seront associ\u00e9es \u00e0 des ateliers participatifs de photographie des paysages locaux.<\/p>\n","protected":false},"excerpt":{"rendered":"<p>En marchant et en observant, la mosa\u00efque des paysages autour de Kervic r\u00e9v\u00e8le toute l&rsquo;\u00e9paisseur et la complexit\u00e9 de l&rsquo;influence des activit\u00e9s humaines pass\u00e9es et pr\u00e9sentes, les propri\u00e9t\u00e9s changeantes des sols, le travail des \u00e9l\u00e9ments&#8230;Les Balades curieuses sont une invitation \u00e0 croiser les regards chemin faisant sur ce que nous voyons autour de nous, ce [&hellip;]<\/p>\n","protected":false},"author":5,"featured_media":0,"parent":1542,"menu_order":1,"comment_status":"closed","ping_status":"closed","template":"","meta":[],"_links":{"self":[{"href":"http:\/\/www.parchemins.bzh\/index.php\/wp-json\/wp\/v2\/pages\/1552"}],"collection":[{"href":"http:\/\/www.parchemins.bzh\/index.php\/wp-json\/wp\/v2\/pages"}],"about":[{"href":"http:\/\/www.parchemins.bzh\/index.php\/wp-json\/wp\/v2\/types\/page"}],"author":[{"embeddable":true,"href":"http:\/\/www.parchemins.bzh\/index.php\/wp-json\/wp\/v2\/users\/5"}],"replies":[{"embeddable":true,"href":"http:\/\/www.parchemins.bzh\/index.php\/wp-json\/wp\/v2\/comments?post=1552"}],"version-history":[{"count":1,"href":"http:\/\/www.parchemins.bzh\/index.php\/wp-json\/wp\/v2\/pages\/1552\/revisions"}],"predecessor-version":[{"id":1553,"href":"http:\/\/www.parchemins.bzh\/index.php\/wp-json\/wp\/v2\/pages\/1552\/revisions\/1553"}],"up":[{"embeddable":true,"href":"http:\/\/www.parchemins.bzh\/index.php\/wp-json\/wp\/v2\/pages\/1542"}],"wp:attachment":[{"href":"http:\/\/www.parchemins.bzh\/index.php\/wp-json\/wp\/v2\/media?parent=1552"}],"curies":[{"name":"wp","href":"https:\/\/api.w.org\/{rel}","templated":true}]}}