{"id":1536,"date":"2018-04-16T13:47:16","date_gmt":"2018-04-16T11:47:16","guid":{"rendered":"http:\/\/www.parchemins.bzh\/?page_id=1536"},"modified":"2018-07-17T15:07:52","modified_gmt":"2018-07-17T13:07:52","slug":"1eres-rencontres-de-kervicprogrammeexposition-greve-chou","status":"publish","type":"page","link":"http:\/\/www.parchemins.bzh\/index.php\/atelier\/rencontres-de-kervic\/programme\/cabinet-de-toutes-curiosites\/1eres-rencontres-de-kervicprogrammeexposition-greve-chou\/","title":{"rendered":"Exposition La gr\u00e8ve et le chou"},"content":{"rendered":"<p>&nbsp;<\/p>\n<p style=\"text-align: justify;\">En 2011, Christian Lameul et Patricia Le Calvez de l\u2019association Paimpolaise <a href=\"http:\/\/limagequiparle.org\/\"><em>L\u2019image qui parle<\/em><\/a> ont r\u00e9alis\u00e9 un\u00a0 reportage photographique sur Fran\u00e7oise Bocher, agricultrice \u00e0 Loguivy-de-la-mer, sur la commune de Ploubazlanec. 7 ans apr\u00e8s, elle\u00a0 met des mots sur ces photos. En m\u00ealant clich\u00e9s en noir et blanc et bande sonore, cette exposition illustre la singularit\u00e9 de l\u2019histoire de Fran\u00e7oise. C\u2019est aussi un miroir des enjeux et du quotidien des agriculteurs qui cultivent des l\u00e9gumes \u00ab\u00a0primeurs\u00a0\u00bb sur le littoral de la Manche\u00a0: artichauts, choux-fleurs, etc.<\/p>\n<p>&nbsp;<\/p>\n<div id=\"attachment_1527\" style=\"width: 310px\" class=\"wp-caption aligncenter\"><img aria-describedby=\"caption-attachment-1527\" loading=\"lazy\" class=\"wp-image-1527 size-medium\" src=\"http:\/\/www.parchemins.bzh\/wp-content\/uploads\/2018\/03\/M.F-Bocher-1-300x197.jpg\" alt=\"\" width=\"300\" height=\"197\" srcset=\"http:\/\/www.parchemins.bzh\/wp-content\/uploads\/2018\/03\/M.F-Bocher-1-300x197.jpg 300w, http:\/\/www.parchemins.bzh\/wp-content\/uploads\/2018\/03\/M.F-Bocher-1-768x505.jpg 768w, http:\/\/www.parchemins.bzh\/wp-content\/uploads\/2018\/03\/M.F-Bocher-1-1024x674.jpg 1024w, http:\/\/www.parchemins.bzh\/wp-content\/uploads\/2018\/03\/M.F-Bocher-1-1320x869.jpg 1320w\" sizes=\"(max-width: 300px) 100vw, 300px\" \/><p id=\"caption-attachment-1527\" class=\"wp-caption-text\">\u00a9 Christian Lameul\/ L&rsquo;image qui parle<\/p><\/div>\n<p style=\"text-align: center;\"><em>Fran\u00e7oise Bocher, exploitante agricole photographi\u00e9e en 2011, se raconte \u00e0 travers un dispositif sonore li\u00e9 \u00e0 l&rsquo;image. <\/em><\/p>\n<div id=\"attachment_1740\" style=\"width: 620px\" class=\"wp-caption aligncenter\"><img aria-describedby=\"caption-attachment-1740\" loading=\"lazy\" class=\"wp-image-1740 size-large\" src=\"http:\/\/www.parchemins.bzh\/wp-content\/uploads\/2018\/04\/DSCN3256-1024x768.jpg\" alt=\"\" width=\"610\" height=\"458\" srcset=\"http:\/\/www.parchemins.bzh\/wp-content\/uploads\/2018\/04\/DSCN3256-1024x768.jpg 1024w, http:\/\/www.parchemins.bzh\/wp-content\/uploads\/2018\/04\/DSCN3256-300x225.jpg 300w, http:\/\/www.parchemins.bzh\/wp-content\/uploads\/2018\/04\/DSCN3256-768x576.jpg 768w, http:\/\/www.parchemins.bzh\/wp-content\/uploads\/2018\/04\/DSCN3256-1320x990.jpg 1320w, http:\/\/www.parchemins.bzh\/wp-content\/uploads\/2018\/04\/DSCN3256.jpg 2000w\" sizes=\"(max-width: 610px) 100vw, 610px\" \/><p id=\"caption-attachment-1740\" class=\"wp-caption-text\">Dispositif d&rsquo;\u00e9coute des t\u00e9moignages. \u00a9 Sandrine Dup\u00e9<\/p><\/div>\n<div id=\"attachment_1742\" style=\"width: 620px\" class=\"wp-caption aligncenter\"><img aria-describedby=\"caption-attachment-1742\" loading=\"lazy\" class=\"wp-image-1742 size-large\" src=\"http:\/\/www.parchemins.bzh\/wp-content\/uploads\/2018\/04\/DSCN3198-1024x768.jpg\" alt=\"\" width=\"610\" height=\"458\" srcset=\"http:\/\/www.parchemins.bzh\/wp-content\/uploads\/2018\/04\/DSCN3198-1024x768.jpg 1024w, http:\/\/www.parchemins.bzh\/wp-content\/uploads\/2018\/04\/DSCN3198-300x225.jpg 300w, http:\/\/www.parchemins.bzh\/wp-content\/uploads\/2018\/04\/DSCN3198-768x576.jpg 768w, http:\/\/www.parchemins.bzh\/wp-content\/uploads\/2018\/04\/DSCN3198-1320x990.jpg 1320w, http:\/\/www.parchemins.bzh\/wp-content\/uploads\/2018\/04\/DSCN3198.jpg 2000w\" sizes=\"(max-width: 610px) 100vw, 610px\" \/><p id=\"caption-attachment-1742\" class=\"wp-caption-text\">L&rsquo;exp\u00e9rience visuelle et sonore de l&rsquo;exposition \u00ab\u00a0la gr\u00e8ve et le chou\u00a0\u00bb. \u00a9 Rod\u00e9ric B\u00e9ra<\/p><\/div>\n","protected":false},"excerpt":{"rendered":"<p>&nbsp; En 2011, Christian Lameul et Patricia Le Calvez de l\u2019association Paimpolaise L\u2019image qui parle ont r\u00e9alis\u00e9 un\u00a0 reportage photographique sur Fran\u00e7oise Bocher, agricultrice \u00e0 Loguivy-de-la-mer, sur la commune de Ploubazlanec. 7 ans apr\u00e8s, elle\u00a0 met des mots sur ces photos. En m\u00ealant clich\u00e9s en noir et blanc et bande sonore, cette exposition illustre la [&hellip;]<\/p>\n","protected":false},"author":5,"featured_media":0,"parent":1542,"menu_order":0,"comment_status":"closed","ping_status":"closed","template":"","meta":[],"_links":{"self":[{"href":"http:\/\/www.parchemins.bzh\/index.php\/wp-json\/wp\/v2\/pages\/1536"}],"collection":[{"href":"http:\/\/www.parchemins.bzh\/index.php\/wp-json\/wp\/v2\/pages"}],"about":[{"href":"http:\/\/www.parchemins.bzh\/index.php\/wp-json\/wp\/v2\/types\/page"}],"author":[{"embeddable":true,"href":"http:\/\/www.parchemins.bzh\/index.php\/wp-json\/wp\/v2\/users\/5"}],"replies":[{"embeddable":true,"href":"http:\/\/www.parchemins.bzh\/index.php\/wp-json\/wp\/v2\/comments?post=1536"}],"version-history":[{"count":9,"href":"http:\/\/www.parchemins.bzh\/index.php\/wp-json\/wp\/v2\/pages\/1536\/revisions"}],"predecessor-version":[{"id":1745,"href":"http:\/\/www.parchemins.bzh\/index.php\/wp-json\/wp\/v2\/pages\/1536\/revisions\/1745"}],"up":[{"embeddable":true,"href":"http:\/\/www.parchemins.bzh\/index.php\/wp-json\/wp\/v2\/pages\/1542"}],"wp:attachment":[{"href":"http:\/\/www.parchemins.bzh\/index.php\/wp-json\/wp\/v2\/media?parent=1536"}],"curies":[{"name":"wp","href":"https:\/\/api.w.org\/{rel}","templated":true}]}}