{"id":1510,"date":"2018-04-12T15:11:56","date_gmt":"2018-04-12T13:11:56","guid":{"rendered":"http:\/\/www.parchemins.bzh\/?page_id=1510"},"modified":"2018-07-04T16:47:17","modified_gmt":"2018-07-04T14:47:17","slug":"rencontres-de-kervicle-site-les-partenaires","status":"publish","type":"page","link":"http:\/\/www.parchemins.bzh\/index.php\/atelier\/rencontres-de-kervic\/rencontres-de-kervicle-site-les-partenaires\/","title":{"rendered":"Kervic : l&rsquo;esprit du lieu"},"content":{"rendered":"<p style=\"text-align: justify;\">Les <em>Rencontres de Kervic <\/em>sont un \u00e9v\u00e9nement partenarial annuel destin\u00e9 \u00e0 rassembler acteurs locaux, chercheurs, exp\u00e9rimentateurs, artistes pour explorer avec le public les voies d\u2019un d\u00e9veloppement local durable. Elles tirent leur nom du village de Kervic, \u00e0 N\u00e9vez, o\u00f9 s&rsquo;est implant\u00e9 <a href=\"https:\/\/www.facebook.com\/Atelier-Z-1208175105890689\/\">Atelier Z<\/a>.<\/p>\n<p><img loading=\"lazy\" class=\"wp-image-1624 size-medium aligncenter\" src=\"http:\/\/www.parchemins.bzh\/wp-content\/uploads\/2018\/04\/Kervic-225x300.jpg\" alt=\"\" width=\"225\" height=\"300\" srcset=\"http:\/\/www.parchemins.bzh\/wp-content\/uploads\/2018\/04\/Kervic-225x300.jpg 225w, http:\/\/www.parchemins.bzh\/wp-content\/uploads\/2018\/04\/Kervic-768x1025.jpg 768w, http:\/\/www.parchemins.bzh\/wp-content\/uploads\/2018\/04\/Kervic-767x1024.jpg 767w, http:\/\/www.parchemins.bzh\/wp-content\/uploads\/2018\/04\/Kervic.jpg 1125w\" sizes=\"(max-width: 225px) 100vw, 225px\" \/><\/p>\n<p class=\"\" style=\"text-align: justify;\">Atelier Z , Tiers-Lieux rural, est un lieu de travail collaboratif, d\u2019innovation et d\u2019entrepreneuriat. Ouvert au grand public, aux demandeurs d\u2019emplois, aux artisans, aux ind\u00e9pendants, aux \u00e9tudiants et aux entreprises. Autour d&rsquo; une cuisine, d&rsquo;un atelier de fabrication et d&rsquo;un espace de travail, Atelier Z veut dynamiser et renforcer le lien social du territoire, favoriser le travail collaboratif, soutenir l\u2019innovation et l\u2019entrepreneuriat, d\u00e9mocratiser l\u2019utilisation du num\u00e9rique. A travers la mixit\u00e9 des publics et des activit\u00e9s, et utilisant les outils num\u00e9riques, Atelier Z construit une interface d\u2019\u00e9changes, de connexions entre m\u00e9tropoles et territoires ruraux, inscrit dans les valeurs de la Transition de soci\u00e9t\u00e9.<\/p>\n<p><img loading=\"lazy\" class=\"size-medium wp-image-1530 aligncenter\" src=\"http:\/\/www.parchemins.bzh\/wp-content\/uploads\/2018\/04\/AtelierZ-236x300.jpeg\" alt=\"\" width=\"236\" height=\"300\" srcset=\"http:\/\/www.parchemins.bzh\/wp-content\/uploads\/2018\/04\/AtelierZ-236x300.jpeg 236w, http:\/\/www.parchemins.bzh\/wp-content\/uploads\/2018\/04\/AtelierZ-768x977.jpeg 768w, http:\/\/www.parchemins.bzh\/wp-content\/uploads\/2018\/04\/AtelierZ-805x1024.jpeg 805w, http:\/\/www.parchemins.bzh\/wp-content\/uploads\/2018\/04\/AtelierZ.jpeg 960w\" sizes=\"(max-width: 236px) 100vw, 236px\" \/><\/p>\n","protected":false},"excerpt":{"rendered":"<p>Les Rencontres de Kervic sont un \u00e9v\u00e9nement partenarial annuel destin\u00e9 \u00e0 rassembler acteurs locaux, chercheurs, exp\u00e9rimentateurs, artistes pour explorer avec le public les voies d\u2019un d\u00e9veloppement local durable. Elles tirent leur nom du village de Kervic, \u00e0 N\u00e9vez, o\u00f9 s&rsquo;est implant\u00e9 Atelier Z. Atelier Z , Tiers-Lieux rural, est un lieu de travail collaboratif, d\u2019innovation [&hellip;]<\/p>\n","protected":false},"author":5,"featured_media":0,"parent":1335,"menu_order":1,"comment_status":"closed","ping_status":"closed","template":"","meta":[],"_links":{"self":[{"href":"http:\/\/www.parchemins.bzh\/index.php\/wp-json\/wp\/v2\/pages\/1510"}],"collection":[{"href":"http:\/\/www.parchemins.bzh\/index.php\/wp-json\/wp\/v2\/pages"}],"about":[{"href":"http:\/\/www.parchemins.bzh\/index.php\/wp-json\/wp\/v2\/types\/page"}],"author":[{"embeddable":true,"href":"http:\/\/www.parchemins.bzh\/index.php\/wp-json\/wp\/v2\/users\/5"}],"replies":[{"embeddable":true,"href":"http:\/\/www.parchemins.bzh\/index.php\/wp-json\/wp\/v2\/comments?post=1510"}],"version-history":[{"count":7,"href":"http:\/\/www.parchemins.bzh\/index.php\/wp-json\/wp\/v2\/pages\/1510\/revisions"}],"predecessor-version":[{"id":1699,"href":"http:\/\/www.parchemins.bzh\/index.php\/wp-json\/wp\/v2\/pages\/1510\/revisions\/1699"}],"up":[{"embeddable":true,"href":"http:\/\/www.parchemins.bzh\/index.php\/wp-json\/wp\/v2\/pages\/1335"}],"wp:attachment":[{"href":"http:\/\/www.parchemins.bzh\/index.php\/wp-json\/wp\/v2\/media?parent=1510"}],"curies":[{"name":"wp","href":"https:\/\/api.w.org\/{rel}","templated":true}]}}