{"id":145,"date":"2017-03-21T16:03:49","date_gmt":"2017-03-21T15:03:49","guid":{"rendered":"http:\/\/www.parchemins.bzh\/?page_id=145"},"modified":"2017-04-03T14:15:26","modified_gmt":"2017-04-03T12:15:26","slug":"les-radios-partenaires","status":"publish","type":"page","link":"http:\/\/www.parchemins.bzh\/index.php\/lequipe\/les-radios-partenaires\/","title":{"rendered":"Les radios partenaires"},"content":{"rendered":"<p style=\"text-align: justify;\">PARCHEMINS est partenaire du r\u00e9seau <a href=\"http:\/\/corlab.org\/\">CORLAB,<\/a> qui regroupe 15 radios associatives en Bretagne. Ce partenariat apporte un double appui au projet :<\/p>\n<ul style=\"text-align: justify;\">\n<li>un appui \u00e0 la<strong> diffusion des contenus radiophoniques<\/strong> produits dans le cadre du projet,<\/li>\n<li>un appui au <strong>d\u00e9veloppement des partenariats avec les radios locales<\/strong>, dont les zones de diffusion touchent les territoires concern\u00e9s par le projet de recherche.<\/li>\n<\/ul>\n<p style=\"text-align: justify;\">Parmi les radios du r\u00e9seau CORLAB, un parteniariat sp\u00e9cifique avec <a href=\"http:\/\/www.radioevasion.net\/\">radio \u00c9vasion<\/a> est d\u00e9di\u00e9 \u00e0 la formation des membres de l&rsquo;\u00e9quipe scientifique aux outils et techniques de production radiophonique.<\/p>\n<div id=\"attachment_184\" style=\"width: 593px\" class=\"wp-caption aligncenter\"><img aria-describedby=\"caption-attachment-184\" loading=\"lazy\" class=\"wp-image-184 \" src=\"http:\/\/www.parchemins.bzh\/wp-content\/uploads\/2017\/03\/radio-evasion-forme-des-chercheurs-de-l-inra.jpg\" alt=\"\" width=\"583\" height=\"328\" srcset=\"http:\/\/www.parchemins.bzh\/wp-content\/uploads\/2017\/03\/radio-evasion-forme-des-chercheurs-de-l-inra.jpg 640w, http:\/\/www.parchemins.bzh\/wp-content\/uploads\/2017\/03\/radio-evasion-forme-des-chercheurs-de-l-inra-300x169.jpg 300w\" sizes=\"(max-width: 583px) 100vw, 583px\" \/><p id=\"caption-attachment-184\" class=\"wp-caption-text\">Formation de l&rsquo;\u00e9quipe scientifique PARCHEMINS par Radio \u00c9vasion, Le Faou, f\u00e9vrier 2017.<\/p><\/div>\n<p>&nbsp;<\/p>\n<p style=\"text-align: justify;\">Trois radios locales du r\u00e9seau CORLAB ont \u00e0 ce jour nou\u00e9 un partenariat avec PARCHEMINS : <a href=\"http:\/\/www.radioevasion.net\/\">Radio \u00c9vasion<\/a>, <a href=\"http:\/\/www.plumfm.net\/\">PlumFM<\/a> et <a href=\"http:\/\/www.radio-activ.com\/\">Radio Activ&rsquo;<\/a>.<\/p>\n<p style=\"text-align: justify;\">Elles participent \u00e0 produire et diffuser des documentaires radiophoniques qui concernent les terrains d&rsquo;\u00e9tude du projet. Ces partenariats ne sont pas limitatifs et pourront se multplier \u00e0 l&rsquo;avenir.<\/p>\n<p>&nbsp;<\/p>\n<p style=\"text-align: justify;\"><strong><a href=\"http:\/\/www.radioevasion.net\/\"><img loading=\"lazy\" class=\"alignleft wp-image-189 \" src=\"http:\/\/www.parchemins.bzh\/wp-content\/uploads\/2017\/03\/Radio-\u00e9vasion.jpg\" alt=\"\" width=\"114\" height=\"112\" srcset=\"http:\/\/www.parchemins.bzh\/wp-content\/uploads\/2017\/03\/Radio-\u00e9vasion.jpg 168w, http:\/\/www.parchemins.bzh\/wp-content\/uploads\/2017\/03\/Radio-\u00e9vasion-50x50.jpg 50w\" sizes=\"(max-width: 114px) 100vw, 114px\" \/><\/a>Radio \u00c9vasion<\/strong> couvre une zone de diffusion proche du terrain d&rsquo;\u00e9tude de la <a href=\"http:\/\/www.parchemins.bzh\/index.php\/les-terrains\/baie-de-douarnenez-porzay\/\">Baie de Douarnenez<\/a>.<\/p>\n<p>&nbsp;<\/p>\n<p>&nbsp;<\/p>\n<p>&nbsp;<\/p>\n<p style=\"text-align: justify;\"><strong><a href=\"http:\/\/www.plumfm.net\/\"><img loading=\"lazy\" class=\"alignright wp-image-191\" src=\"http:\/\/www.parchemins.bzh\/wp-content\/uploads\/2017\/03\/Plum-FM.png\" alt=\"\" width=\"276\" height=\"78\" srcset=\"http:\/\/www.parchemins.bzh\/wp-content\/uploads\/2017\/03\/Plum-FM.png 1305w, http:\/\/www.parchemins.bzh\/wp-content\/uploads\/2017\/03\/Plum-FM-300x85.png 300w, http:\/\/www.parchemins.bzh\/wp-content\/uploads\/2017\/03\/Plum-FM-768x218.png 768w, http:\/\/www.parchemins.bzh\/wp-content\/uploads\/2017\/03\/Plum-FM-1024x290.png 1024w\" sizes=\"(max-width: 276px) 100vw, 276px\" \/><\/a>PLUM&rsquo;FM<\/strong> couvre une zone de diffusion proche du terrain d&rsquo;\u00e9tude de la<a href=\"http:\/\/www.parchemins.bzh\/index.php\/les-terrains\/presquile-de-rhuys\/\"> Presqu&rsquo;\u00eele de Rhuys.<\/a><\/p>\n<p>&nbsp;<\/p>\n<p>&nbsp;<\/p>\n<p><strong><a href=\"http:\/\/www.radio-activ.com\/\"><img loading=\"lazy\" class=\"alignleft wp-image-195 \" title=\"http:\/\/www.radio-activ.com\/\" src=\"http:\/\/www.parchemins.bzh\/wp-content\/uploads\/2017\/03\/Radio-Activ.png\" alt=\"\" width=\"284\" height=\"112\" \/><\/a>Radio Activ&rsquo;<\/strong> couvre une zone de diffusion li\u00e9e aux terrains d&rsquo;enqu\u00eate du<a href=\"http:\/\/www.parchemins.bzh\/index.php\/les-terrains\/goelo\/\"> Go\u00e9lo-Presqu&rsquo;\u00eele de L\u00e9zardrieux<\/a> et de la <a href=\"http:\/\/www.parchemins.bzh\/index.php\/les-terrains\/baie-de-lannion-tregor\/\">baie de Lannion<\/a>.<\/p>\n","protected":false},"excerpt":{"rendered":"<p>PARCHEMINS est partenaire du r\u00e9seau CORLAB, qui regroupe 15 radios associatives en Bretagne. Ce partenariat apporte un double appui au projet : un appui \u00e0 la diffusion des contenus radiophoniques produits dans le cadre du projet, un appui au d\u00e9veloppement des partenariats avec les radios locales, dont les zones de diffusion touchent les territoires concern\u00e9s [&hellip;]<\/p>\n","protected":false},"author":1,"featured_media":0,"parent":138,"menu_order":1,"comment_status":"closed","ping_status":"closed","template":"","meta":[],"_links":{"self":[{"href":"http:\/\/www.parchemins.bzh\/index.php\/wp-json\/wp\/v2\/pages\/145"}],"collection":[{"href":"http:\/\/www.parchemins.bzh\/index.php\/wp-json\/wp\/v2\/pages"}],"about":[{"href":"http:\/\/www.parchemins.bzh\/index.php\/wp-json\/wp\/v2\/types\/page"}],"author":[{"embeddable":true,"href":"http:\/\/www.parchemins.bzh\/index.php\/wp-json\/wp\/v2\/users\/1"}],"replies":[{"embeddable":true,"href":"http:\/\/www.parchemins.bzh\/index.php\/wp-json\/wp\/v2\/comments?post=145"}],"version-history":[{"count":20,"href":"http:\/\/www.parchemins.bzh\/index.php\/wp-json\/wp\/v2\/pages\/145\/revisions"}],"predecessor-version":[{"id":542,"href":"http:\/\/www.parchemins.bzh\/index.php\/wp-json\/wp\/v2\/pages\/145\/revisions\/542"}],"up":[{"embeddable":true,"href":"http:\/\/www.parchemins.bzh\/index.php\/wp-json\/wp\/v2\/pages\/138"}],"wp:attachment":[{"href":"http:\/\/www.parchemins.bzh\/index.php\/wp-json\/wp\/v2\/media?parent=145"}],"curies":[{"name":"wp","href":"https:\/\/api.w.org\/{rel}","templated":true}]}}