{"id":1448,"date":"2018-03-16T12:20:24","date_gmt":"2018-03-16T11:20:24","guid":{"rendered":"http:\/\/www.parchemins.bzh\/?page_id=1448"},"modified":"2019-05-06T10:43:58","modified_gmt":"2019-05-06T08:43:58","slug":"annee-2-2018","status":"publish","type":"page","link":"http:\/\/www.parchemins.bzh\/index.php\/vie-scientifique\/breves-de-sciences\/annee-2-2018\/","title":{"rendered":"Ann\u00e9e 2 &#8211; 2018"},"content":{"rendered":"<p>Rapport d&rsquo;activit\u00e9 de l&rsquo;ann\u00e9e 2 du programme : <a href=\"http:\/\/www.parchemins.bzh\/wp-content\/uploads\/2018\/03\/Rapport-Parchemins-Fondation-de-France-R\u00e9gion-Bretagne-2018.pdf\">Rapport Parchemins Fondation de France-R\u00e9gion Bretagne 2018<\/a><\/p>\n<p>Pour citer le r\u00e9f\u00e9rence :<\/p>\n<p><b>Levain A<\/b>. (coord.), 2018. \u00ab Paroles et chemins de l\u2019agriculture littorale : observer, comprendre et dire les transformations de l\u2019agriculture littorale aux c\u00f4t\u00e9s de ceux qui les vivent. Rapport 2018 \u00bb Rapport de recherche INRA \u00e0 la Fondation de France et \u00e0 la R\u00e9gion Bretagne, d\u00e9cembre 2018. 50 p.<\/p>\n","protected":false},"excerpt":{"rendered":"<p>Rapport d&rsquo;activit\u00e9 de l&rsquo;ann\u00e9e 2 du programme : Rapport Parchemins Fondation de France-R\u00e9gion Bretagne 2018 Pour citer le r\u00e9f\u00e9rence : Levain A. (coord.), 2018. \u00ab Paroles et chemins de l\u2019agriculture littorale : observer, comprendre et dire les transformations de l\u2019agriculture littorale aux c\u00f4t\u00e9s de ceux qui les vivent. Rapport 2018 \u00bb Rapport de recherche INRA [&hellip;]<\/p>\n","protected":false},"author":2,"featured_media":0,"parent":664,"menu_order":1,"comment_status":"closed","ping_status":"closed","template":"","meta":[],"_links":{"self":[{"href":"http:\/\/www.parchemins.bzh\/index.php\/wp-json\/wp\/v2\/pages\/1448"}],"collection":[{"href":"http:\/\/www.parchemins.bzh\/index.php\/wp-json\/wp\/v2\/pages"}],"about":[{"href":"http:\/\/www.parchemins.bzh\/index.php\/wp-json\/wp\/v2\/types\/page"}],"author":[{"embeddable":true,"href":"http:\/\/www.parchemins.bzh\/index.php\/wp-json\/wp\/v2\/users\/2"}],"replies":[{"embeddable":true,"href":"http:\/\/www.parchemins.bzh\/index.php\/wp-json\/wp\/v2\/comments?post=1448"}],"version-history":[{"count":3,"href":"http:\/\/www.parchemins.bzh\/index.php\/wp-json\/wp\/v2\/pages\/1448\/revisions"}],"predecessor-version":[{"id":2026,"href":"http:\/\/www.parchemins.bzh\/index.php\/wp-json\/wp\/v2\/pages\/1448\/revisions\/2026"}],"up":[{"embeddable":true,"href":"http:\/\/www.parchemins.bzh\/index.php\/wp-json\/wp\/v2\/pages\/664"}],"wp:attachment":[{"href":"http:\/\/www.parchemins.bzh\/index.php\/wp-json\/wp\/v2\/media?parent=1448"}],"curies":[{"name":"wp","href":"https:\/\/api.w.org\/{rel}","templated":true}]}}