{"id":1382,"date":"2018-03-15T15:38:48","date_gmt":"2018-03-15T14:38:48","guid":{"rendered":"http:\/\/www.parchemins.bzh\/?page_id=1382"},"modified":"2018-07-06T16:06:46","modified_gmt":"2018-07-06T14:06:46","slug":"programme","status":"publish","type":"page","link":"http:\/\/www.parchemins.bzh\/index.php\/atelier\/rencontres-de-kervic\/programme\/","title":{"rendered":"L&rsquo;agriculture, c\u00f4t\u00e9 littoral"},"content":{"rendered":"<p>Au programme des Rencontres de Keric, des films documentaires et rencontres d\u00e9bats autour du th\u00e8me de cette premi\u00e8re \u00e9dition : <strong>\u00ab\u00a0L&rsquo;agriculture, c\u00f4t\u00e9 littoral\u00a0\u00bb<\/strong> &#8230;<\/p>\n<p>Retrouvez le contenu<a href=\"http:\/\/www.parchemins.bzh\/index.php\/atelier\/rencontres-de-kervic\/programme\/ateliers-plateaux-radio\/\"><strong> plateaux radio<\/strong><\/a> et du <strong>cabinet de toutes les curiosit\u00e9s<\/strong> :<\/p>\n<ul>\n<li><a href=\"http:\/\/www.parchemins.bzh\/index.php\/atelier\/rencontres-de-kervic\/programme\/cabinet-de-toutes-curiosites\/1eres-rencontres-de-kervicprogrammeexposition-greve-chou\/\">L&rsquo;exposition la gr\u00e8ve et le chou<\/a><\/li>\n<li><a href=\"http:\/\/www.parchemins.bzh\/index.php\/atelier\/rencontres-de-kervic\/programme\/cabinet-de-toutes-curiosites\/balades-curieuses-autour-de-kervic\/\">Les balades curieuses<\/a><\/li>\n<li><a href=\"http:\/\/www.parchemins.bzh\/index.php\/atelier\/rencontres-de-kervic\/programme\/cabinet-de-toutes-curiosites\/poesies-de-laboratoire\/\">Les po\u00e9sies de laboratoire<\/a><\/li>\n<li><a href=\"http:\/\/www.parchemins.bzh\/index.php\/atelier\/rencontres-de-kervic\/programme\/cabinet-de-toutes-curiosites\/petit-musee-mots-prononces\/\">Le petit mus\u00e9e des mots prononc\u00e9s<\/a><\/li>\n<\/ul>\n<p>Consultez les pages d\u00e9di\u00e9s aux grands temps de la programmation associant <strong>projections de films-documentaires et d\u00e9bats<\/strong> :<\/p>\n<ul>\n<li><em><strong>Soir\u00e9e d&rsquo;ouverture<\/strong><\/em><\/li>\n<li><em><strong>Entre Odet et Aven : situation et perspectives de l&rsquo;agriculture en baie de la For\u00eat<\/strong><\/em><\/li>\n<li><strong><em>Littoraux de terre et d&rsquo;eau : milieux fertiles, milieux fragiles<\/em><\/strong><\/li>\n<li><strong><em>Paysans de la terre, paysans de la mer<\/em><\/strong><\/li>\n<li><em><strong>Film de cl\u00f4ture<\/strong><\/em><\/li>\n<\/ul>\n<p>&nbsp;<\/p>\n<p>&nbsp;<\/p>\n<p><img loading=\"lazy\" class=\"aligncenter wp-image-1631 size-full\" src=\"http:\/\/www.parchemins.bzh\/wp-content\/uploads\/2018\/03\/FlyerKervic-2.jpg\" alt=\"\" width=\"600\" height=\"851\" srcset=\"http:\/\/www.parchemins.bzh\/wp-content\/uploads\/2018\/03\/FlyerKervic-2.jpg 600w, http:\/\/www.parchemins.bzh\/wp-content\/uploads\/2018\/03\/FlyerKervic-2-212x300.jpg 212w\" sizes=\"(max-width: 600px) 100vw, 600px\" \/><\/p>\n","protected":false},"excerpt":{"rendered":"<p>Au programme des Rencontres de Keric, des films documentaires et rencontres d\u00e9bats autour du th\u00e8me de cette premi\u00e8re \u00e9dition : \u00ab\u00a0L&rsquo;agriculture, c\u00f4t\u00e9 littoral\u00a0\u00bb &#8230; Retrouvez le contenu plateaux radio et du cabinet de toutes les curiosit\u00e9s : L&rsquo;exposition la gr\u00e8ve et le chou Les balades curieuses Les po\u00e9sies de laboratoire Le petit mus\u00e9e des mots [&hellip;]<\/p>\n","protected":false},"author":2,"featured_media":0,"parent":1335,"menu_order":0,"comment_status":"closed","ping_status":"closed","template":"","meta":[],"_links":{"self":[{"href":"http:\/\/www.parchemins.bzh\/index.php\/wp-json\/wp\/v2\/pages\/1382"}],"collection":[{"href":"http:\/\/www.parchemins.bzh\/index.php\/wp-json\/wp\/v2\/pages"}],"about":[{"href":"http:\/\/www.parchemins.bzh\/index.php\/wp-json\/wp\/v2\/types\/page"}],"author":[{"embeddable":true,"href":"http:\/\/www.parchemins.bzh\/index.php\/wp-json\/wp\/v2\/users\/2"}],"replies":[{"embeddable":true,"href":"http:\/\/www.parchemins.bzh\/index.php\/wp-json\/wp\/v2\/comments?post=1382"}],"version-history":[{"count":17,"href":"http:\/\/www.parchemins.bzh\/index.php\/wp-json\/wp\/v2\/pages\/1382\/revisions"}],"predecessor-version":[{"id":1732,"href":"http:\/\/www.parchemins.bzh\/index.php\/wp-json\/wp\/v2\/pages\/1382\/revisions\/1732"}],"up":[{"embeddable":true,"href":"http:\/\/www.parchemins.bzh\/index.php\/wp-json\/wp\/v2\/pages\/1335"}],"wp:attachment":[{"href":"http:\/\/www.parchemins.bzh\/index.php\/wp-json\/wp\/v2\/media?parent=1382"}],"curies":[{"name":"wp","href":"https:\/\/api.w.org\/{rel}","templated":true}]}}