{"id":138,"date":"2017-03-21T15:55:23","date_gmt":"2017-03-21T14:55:23","guid":{"rendered":"http:\/\/www.parchemins.bzh\/?page_id=138"},"modified":"2017-03-27T14:04:56","modified_gmt":"2017-03-27T12:04:56","slug":"lequipe","status":"publish","type":"page","link":"http:\/\/www.parchemins.bzh\/index.php\/lequipe\/","title":{"rendered":"Qui parle et chemine?"},"content":{"rendered":"<p>Le projet PARCHEMINS est un <strong>projet collaboratif<\/strong> qui donne une importance de premier plan \u00e0 la<strong> parole<\/strong> de chacun. Il associe plusieurs types de participants qui expriment leurs points de vue sur l&rsquo;agriculture et ses transformations en Bretagne, et contribeunt \u00e0 produire et alimenter la r\u00e9flexion poursuivie dans le projet de recherche :<\/p>\n<ul>\n<li><a href=\"\/index.php\/lequipe\/lequipe\/\">Une \u00e9quipe scientifique interdisciplinaire<\/a><\/li>\n<li><a href=\"\/index.php\/lequipe\/les-radios-partenaires\/\">Des radios associatives locales partenaires<\/a><\/li>\n<li><a href=\"\/index.php\/lequipe\/les-compagnons-de-parchemins\/\">Des compagnons de \u00ab\u00a0parchemins\u00a0\u00bb<\/a><\/li>\n<\/ul>\n<p>Ces diff\u00e9rents partcipants sont parties prenantes du projet et peuvent y contribuer librement et \u00e0 divers titres. Tous s&rsquo;engagent \u00e0 respecter une charte \u00e9thique commune.<\/p>\n","protected":false},"excerpt":{"rendered":"<p>Le projet PARCHEMINS est un projet collaboratif qui donne une importance de premier plan \u00e0 la parole de chacun. Il associe plusieurs types de participants qui expriment leurs points de vue sur l&rsquo;agriculture et ses transformations en Bretagne, et contribeunt \u00e0 produire et alimenter la r\u00e9flexion poursuivie dans le projet de recherche : Une \u00e9quipe [&hellip;]<\/p>\n","protected":false},"author":1,"featured_media":0,"parent":0,"menu_order":1,"comment_status":"closed","ping_status":"closed","template":"","meta":[],"_links":{"self":[{"href":"http:\/\/www.parchemins.bzh\/index.php\/wp-json\/wp\/v2\/pages\/138"}],"collection":[{"href":"http:\/\/www.parchemins.bzh\/index.php\/wp-json\/wp\/v2\/pages"}],"about":[{"href":"http:\/\/www.parchemins.bzh\/index.php\/wp-json\/wp\/v2\/types\/page"}],"author":[{"embeddable":true,"href":"http:\/\/www.parchemins.bzh\/index.php\/wp-json\/wp\/v2\/users\/1"}],"replies":[{"embeddable":true,"href":"http:\/\/www.parchemins.bzh\/index.php\/wp-json\/wp\/v2\/comments?post=138"}],"version-history":[{"count":11,"href":"http:\/\/www.parchemins.bzh\/index.php\/wp-json\/wp\/v2\/pages\/138\/revisions"}],"predecessor-version":[{"id":366,"href":"http:\/\/www.parchemins.bzh\/index.php\/wp-json\/wp\/v2\/pages\/138\/revisions\/366"}],"wp:attachment":[{"href":"http:\/\/www.parchemins.bzh\/index.php\/wp-json\/wp\/v2\/media?parent=138"}],"curies":[{"name":"wp","href":"https:\/\/api.w.org\/{rel}","templated":true}]}}