{"id":1369,"date":"2018-03-15T10:26:59","date_gmt":"2018-03-15T09:26:59","guid":{"rendered":"http:\/\/www.parchemins.bzh\/?page_id=1369"},"modified":"2018-07-17T15:16:53","modified_gmt":"2018-07-17T13:16:53","slug":"film-douverture","status":"publish","type":"page","link":"http:\/\/www.parchemins.bzh\/index.php\/atelier\/rencontres-de-kervic\/programme\/film-douverture\/","title":{"rendered":"Soir\u00e9e d&rsquo;ouverture"},"content":{"rendered":"<ul>\n<li>Projection de<strong><em> Paul dans sa vie<\/em><\/strong>, de R\u00e9mi Mauger, 2006 (100&prime;)<\/li>\n<\/ul>\n<p><em>FIPA d&rsquo;argent, Prix litt\u00e9raire du Cotentin (2006), Prix du meilleur documentaire du Syndicat fran\u00e7ais de la critique de cin\u00e9ma (2006)<\/em><\/p>\n<p style=\"text-align: justify;\">Cette fois, c&rsquo;est s\u00fbr, Paul arr\u00eate. A son \u00e2ge, c&rsquo;est plus sage. Et Paul Bedel est un sage.<br \/>\nA Auderville, son village du cap de la Hague, il vit dans la ferme o\u00f9 il est n\u00e9 il y a plus de 75 ans. Il y demeure avec ses deux soeurs, c\u00e9libataires comme lui. Ensemble, ils ont arr\u00eat\u00e9 le temps il y a bien longtemps. Sans aigreur ni rebuffade, Paul a laiss\u00e9 passer le progr\u00e8s. Il a pr\u00e9serv\u00e9 et cultiv\u00e9 son lien \u00e0 la nature. Au XXIeme si\u00e8cle, il nous l&rsquo;offre en h\u00e9ritage.<\/p>\n<p><img loading=\"lazy\" class=\"wp-image-1391 size-full aligncenter\" src=\"http:\/\/www.parchemins.bzh\/wp-content\/uploads\/2018\/03\/Paul-dans-sa-vie.jpg\" alt=\"\" width=\"540\" height=\"720\" srcset=\"http:\/\/www.parchemins.bzh\/wp-content\/uploads\/2018\/03\/Paul-dans-sa-vie.jpg 540w, http:\/\/www.parchemins.bzh\/wp-content\/uploads\/2018\/03\/Paul-dans-sa-vie-225x300.jpg 225w\" sizes=\"(max-width: 540px) 100vw, 540px\" \/><\/p>\n<h5><\/h5>\n<div id=\"blogvision\"><\/div>\n<div id=\"blogvision\"><\/div>\n<div id=\"blogvision\"><\/div>\n<ul>\n<li style=\"list-style-type: none;\">\n<ul>\n<li>Visionner la bande annonce :\n<div id=\"blogvision\"><iframe loading=\"lazy\" src=\"https:\/\/www.youtube.com\/embed\/FjQX34TsjeE\" width=\"560\" height=\"315\" frameborder=\"0\" allowfullscreen=\"allowfullscreen\"><\/iframe><\/div>\n<div id=\"blogvision\"><\/div>\n<div id=\"blogvision\"><\/div>\n<p style=\"text-align: right;\">\n<h5 style=\"text-align: left;\"><\/h5>\n<\/li>\n<\/ul>\n<\/li>\n<\/ul>\n","protected":false},"excerpt":{"rendered":"<p>Projection de Paul dans sa vie, de R\u00e9mi Mauger, 2006 (100&prime;) FIPA d&rsquo;argent, Prix litt\u00e9raire du Cotentin (2006), Prix du meilleur documentaire du Syndicat fran\u00e7ais de la critique de cin\u00e9ma (2006) Cette fois, c&rsquo;est s\u00fbr, Paul arr\u00eate. A son \u00e2ge, c&rsquo;est plus sage. Et Paul Bedel est un sage. A Auderville, son village du cap [&hellip;]<\/p>\n","protected":false},"author":2,"featured_media":0,"parent":1382,"menu_order":0,"comment_status":"closed","ping_status":"closed","template":"","meta":[],"_links":{"self":[{"href":"http:\/\/www.parchemins.bzh\/index.php\/wp-json\/wp\/v2\/pages\/1369"}],"collection":[{"href":"http:\/\/www.parchemins.bzh\/index.php\/wp-json\/wp\/v2\/pages"}],"about":[{"href":"http:\/\/www.parchemins.bzh\/index.php\/wp-json\/wp\/v2\/types\/page"}],"author":[{"embeddable":true,"href":"http:\/\/www.parchemins.bzh\/index.php\/wp-json\/wp\/v2\/users\/2"}],"replies":[{"embeddable":true,"href":"http:\/\/www.parchemins.bzh\/index.php\/wp-json\/wp\/v2\/comments?post=1369"}],"version-history":[{"count":25,"href":"http:\/\/www.parchemins.bzh\/index.php\/wp-json\/wp\/v2\/pages\/1369\/revisions"}],"predecessor-version":[{"id":1747,"href":"http:\/\/www.parchemins.bzh\/index.php\/wp-json\/wp\/v2\/pages\/1369\/revisions\/1747"}],"up":[{"embeddable":true,"href":"http:\/\/www.parchemins.bzh\/index.php\/wp-json\/wp\/v2\/pages\/1382"}],"wp:attachment":[{"href":"http:\/\/www.parchemins.bzh\/index.php\/wp-json\/wp\/v2\/media?parent=1369"}],"curies":[{"name":"wp","href":"https:\/\/api.w.org\/{rel}","templated":true}]}}