{"id":1350,"date":"2018-03-14T14:53:34","date_gmt":"2018-03-14T13:53:34","guid":{"rendered":"http:\/\/www.parchemins.bzh\/?page_id=1350"},"modified":"2018-07-17T16:10:53","modified_gmt":"2018-07-17T14:10:53","slug":"film-de-cloture","status":"publish","type":"page","link":"http:\/\/www.parchemins.bzh\/index.php\/atelier\/rencontres-de-kervic\/programme\/film-de-cloture\/","title":{"rendered":"Film de cl\u00f4ture"},"content":{"rendered":"<ul>\n<li>\n<h5><strong>17h30<\/strong><em><strong> &#8211; L&rsquo;enfer vert des Bretons<\/strong><\/em>. De Mathurin Peschet, 2012 (52&prime;)<\/h5>\n<p style=\"text-align: justify;\"><em>Projection, suivie d&rsquo;un \u00e9change avec le r\u00e9alisateur.<\/em><\/p>\n<p style=\"text-align: justify;\">Depuis plus de trente ans, chaque \u00e9t\u00e9, les algues vertes reviennent envahir de nombreuses plages bretonnes. Les programmes anti-pollution se succ\u00e8dent sans jamais r\u00e9ussir \u00e0 endiguer leur prolif\u00e9ration. Le ph\u00e9nom\u00e8ne s\u2019est m\u00eame aggrav\u00e9 ces derni\u00e8res ann\u00e9es avec la mort d\u2019animaux intoxiqu\u00e9s par des algues en d\u00e9composition. L\u2019agriculture et les \u00e9levages intensifs sont souvent d\u00e9sign\u00e9s comme responsables de ces mar\u00e9es vertes&#8230; Mais est-ce si simple ?<\/p>\n<p><img loading=\"lazy\" class=\"wp-image-1414 aligncenter\" src=\"http:\/\/www.parchemins.bzh\/wp-content\/uploads\/2018\/03\/Lenfer-vert-des-bretons.jpg\" alt=\"\" width=\"315\" height=\"425\" \/><\/li>\n<\/ul>\n<p>&nbsp;<\/p>\n<ul>\n<li>Visionner la bande annonce :<\/li>\n<\/ul>\n<p><iframe loading=\"lazy\" src=\"https:\/\/player.vimeo.com\/video\/36955304?title=0&amp;byline=0\" width=\"640\" height=\"352\" frameborder=\"0\" allowfullscreen=\"allowfullscreen\"><\/iframe><\/p>\n<p><a href=\"http:\/\/www.parchemins.bzh\/index.php\/rencontres-de-kervic\/programme\/paysans-de-terre-paysans-de-mer\/\">&lt; Th\u00e8me pr\u00e9c\u00e9dent<\/a><\/p>\n","protected":false},"excerpt":{"rendered":"<p>17h30 &#8211; L&rsquo;enfer vert des Bretons. De Mathurin Peschet, 2012 (52&prime;) Projection, suivie d&rsquo;un \u00e9change avec le r\u00e9alisateur. Depuis plus de trente ans, chaque \u00e9t\u00e9, les algues vertes reviennent envahir de nombreuses plages bretonnes. Les programmes anti-pollution se succ\u00e8dent sans jamais r\u00e9ussir \u00e0 endiguer leur prolif\u00e9ration. Le ph\u00e9nom\u00e8ne s\u2019est m\u00eame aggrav\u00e9 ces derni\u00e8res ann\u00e9es avec [&hellip;]<\/p>\n","protected":false},"author":2,"featured_media":0,"parent":1382,"menu_order":6,"comment_status":"closed","ping_status":"closed","template":"","meta":[],"_links":{"self":[{"href":"http:\/\/www.parchemins.bzh\/index.php\/wp-json\/wp\/v2\/pages\/1350"}],"collection":[{"href":"http:\/\/www.parchemins.bzh\/index.php\/wp-json\/wp\/v2\/pages"}],"about":[{"href":"http:\/\/www.parchemins.bzh\/index.php\/wp-json\/wp\/v2\/types\/page"}],"author":[{"embeddable":true,"href":"http:\/\/www.parchemins.bzh\/index.php\/wp-json\/wp\/v2\/users\/2"}],"replies":[{"embeddable":true,"href":"http:\/\/www.parchemins.bzh\/index.php\/wp-json\/wp\/v2\/comments?post=1350"}],"version-history":[{"count":12,"href":"http:\/\/www.parchemins.bzh\/index.php\/wp-json\/wp\/v2\/pages\/1350\/revisions"}],"predecessor-version":[{"id":1708,"href":"http:\/\/www.parchemins.bzh\/index.php\/wp-json\/wp\/v2\/pages\/1350\/revisions\/1708"}],"up":[{"embeddable":true,"href":"http:\/\/www.parchemins.bzh\/index.php\/wp-json\/wp\/v2\/pages\/1382"}],"wp:attachment":[{"href":"http:\/\/www.parchemins.bzh\/index.php\/wp-json\/wp\/v2\/media?parent=1350"}],"curies":[{"name":"wp","href":"https:\/\/api.w.org\/{rel}","templated":true}]}}