{"id":1346,"date":"2018-03-14T14:51:58","date_gmt":"2018-03-14T13:51:58","guid":{"rendered":"http:\/\/www.parchemins.bzh\/?page_id=1346"},"modified":"2018-07-17T16:55:06","modified_gmt":"2018-07-17T14:55:06","slug":"littoraux-de-terre-deau-milieux-fertiles-milieux-fragiles","status":"publish","type":"page","link":"http:\/\/www.parchemins.bzh\/index.php\/atelier\/rencontres-de-kervic\/programme\/littoraux-de-terre-deau-milieux-fertiles-milieux-fragiles\/","title":{"rendered":"Littoraux de terre et d&rsquo;eau : milieux fertiles, milieux fragiles"},"content":{"rendered":"<p>Pour cette seconde th\u00e9matique, deux films-documentaires sont projet\u00e9s en lien avec une causerie finale sur la complexit\u00e9 des milieux littoraux et les conditions sp\u00e9cifiques qu&rsquo;ils offrent pour l&rsquo;activit\u00e9 agricole.<\/p>\n<p>&nbsp;<\/p>\n<ul>\n<li style=\"text-align: justify;\">\n<h5><strong><em>L&rsquo;eau, la terre, le paysan<\/em><\/strong>. De Christian Rouaud, 2006 (52&prime;)<\/h5>\n<p style=\"text-align: justify;\">\u00c0 travers deux g\u00e9n\u00e9rations de paysans sur une ferme des C\u00f4tes d&rsquo;Armor, le film aborde l&rsquo;\u00e9pineuse question de la pollution des eaux bretonnes par les exc\u00e8s de l&rsquo;agriculture industrielle.<\/p>\n<p>Etienne, le p\u00e8re, a connu le travail \u00e0 l&rsquo;ancienne, les chevaux, le fauchage \u00e0 la main. Lorsque la modernisation a apport\u00e9 ses machines et ses produits, en m\u00eame temps que le confort m\u00e9nager, il s&rsquo;y est lanc\u00e9 \u00e0 corps perdu. Encourag\u00e9 par les techniciens agricoles, il d\u00e9versait les engrais, les pesticides et le lisier \u00e0 grande \u00e9chelle, sans se poser de questions. Les rendements \u00e9taient impressionnants. Lorsque le fils, Joseph est revenu de l&rsquo;\u00e9cole d&rsquo;agriculture, c&rsquo;est avec un r\u00e9el plaisir qu&rsquo;il a continu\u00e9 ce jeu avec la nature, qu&rsquo;on croyait enfin avoir vaincue. Jusqu&rsquo;\u00e0 ce qu&rsquo;il s&rsquo;aper\u00e7oive que son voisin, le producteur de moules, se voyait r\u00e9guli\u00e8rement interdire la commercialisation de sa p\u00eache. En suivant le r\u00e9cit de la prise de conscience de Joseph et de sa difficile conversion, le film envisage l&rsquo;hypoth\u00e8se d&rsquo;une autre agriculture, qui trouverait, enfin, un \u00e9quilibre avec la nature.<\/li>\n<li>Visionner la bande annonce:<\/li>\n<\/ul>\n<p style=\"text-align: center;\"><iframe loading=\"lazy\" src=\"\/\/www.dailymotion.com\/embed\/video\/x9y2nd\" width=\"480\" height=\"270\" frameborder=\"0\" allowfullscreen=\"allowfullscreen\"><\/iframe><\/p>\n<p>&nbsp;<\/p>\n<ul>\n<li>\n<h5>\u00a0<em><strong>Ria d&rsquo;Etel, quand le dialogue s&rsquo;\u00e9largit<\/strong><\/em>. Jean-Yves Dagnet, 2001 (21&prime;)<\/h5>\n<\/li>\n<\/ul>\n<p>&nbsp;<\/p>\n<ul>\n<li>\n<h5><strong>Causerie<\/strong><strong> : Littoraux de terre et d&rsquo;eau : milieux fertiles, milieux fragiles<\/strong><\/h5>\n<\/li>\n<\/ul>\n<p style=\"text-align: justify;\">Joseph Cabaret, agriculteur \u00e0 Hillion (C\u00f4tes d\u2019Armor) film\u00e9 dans \u00ab\u00a0l&rsquo;eau, la terre, le paysan\u00a0\u00bb, Chantal Gascuel, hydrologue \u00e0 l\u2019Inra et Pierre Mollo, \u00e9cologue et documentariste \u00e9changent sur les sp\u00e9cificit\u00e9s de l&rsquo;agriculture en zone littoral. La vid\u00e9o de causerie anim\u00e9e par Val\u00e9rie Viaud et Alix Levain (Parchemins), sera bient\u00f4t disponible sur le site.<\/p>\n<p>&nbsp;<\/p>\n<p>&nbsp;<\/p>\n","protected":false},"excerpt":{"rendered":"<p>Pour cette seconde th\u00e9matique, deux films-documentaires sont projet\u00e9s en lien avec une causerie finale sur la complexit\u00e9 des milieux littoraux et les conditions sp\u00e9cifiques qu&rsquo;ils offrent pour l&rsquo;activit\u00e9 agricole. &nbsp; L&rsquo;eau, la terre, le paysan. De Christian Rouaud, 2006 (52&prime;) \u00c0 travers deux g\u00e9n\u00e9rations de paysans sur une ferme des C\u00f4tes d&rsquo;Armor, le film aborde [&hellip;]<\/p>\n","protected":false},"author":2,"featured_media":0,"parent":1382,"menu_order":2,"comment_status":"closed","ping_status":"closed","template":"","meta":[],"_links":{"self":[{"href":"http:\/\/www.parchemins.bzh\/index.php\/wp-json\/wp\/v2\/pages\/1346"}],"collection":[{"href":"http:\/\/www.parchemins.bzh\/index.php\/wp-json\/wp\/v2\/pages"}],"about":[{"href":"http:\/\/www.parchemins.bzh\/index.php\/wp-json\/wp\/v2\/types\/page"}],"author":[{"embeddable":true,"href":"http:\/\/www.parchemins.bzh\/index.php\/wp-json\/wp\/v2\/users\/2"}],"replies":[{"embeddable":true,"href":"http:\/\/www.parchemins.bzh\/index.php\/wp-json\/wp\/v2\/comments?post=1346"}],"version-history":[{"count":32,"href":"http:\/\/www.parchemins.bzh\/index.php\/wp-json\/wp\/v2\/pages\/1346\/revisions"}],"predecessor-version":[{"id":1775,"href":"http:\/\/www.parchemins.bzh\/index.php\/wp-json\/wp\/v2\/pages\/1346\/revisions\/1775"}],"up":[{"embeddable":true,"href":"http:\/\/www.parchemins.bzh\/index.php\/wp-json\/wp\/v2\/pages\/1382"}],"wp:attachment":[{"href":"http:\/\/www.parchemins.bzh\/index.php\/wp-json\/wp\/v2\/media?parent=1346"}],"curies":[{"name":"wp","href":"https:\/\/api.w.org\/{rel}","templated":true}]}}