{"id":1335,"date":"2018-03-14T13:43:28","date_gmt":"2018-03-14T12:43:28","guid":{"rendered":"http:\/\/www.parchemins.bzh\/?page_id=1335"},"modified":"2018-07-05T17:22:53","modified_gmt":"2018-07-05T15:22:53","slug":"rencontres-de-kervic","status":"publish","type":"page","link":"http:\/\/www.parchemins.bzh\/index.php\/atelier\/rencontres-de-kervic\/","title":{"rendered":"Les rencontres de Kervic 2018"},"content":{"rendered":"<p style=\"text-align: justify;\">Les 8, 9 et 10 juin 2018 ont eu lieu les premi\u00e8res Rencontres de Kervic autour du th\u00e8me \u00ab L&rsquo;agriculture, c\u00f4t\u00e9 littoral\u00a0\u00bb.<\/p>\n<p><img loading=\"lazy\" class=\"wp-image-1596 size-full aligncenter\" src=\"http:\/\/www.parchemins.bzh\/wp-content\/uploads\/2018\/03\/Affiche-Kervic-web.jpg\" alt=\"\" width=\"600\" height=\"849\" srcset=\"http:\/\/www.parchemins.bzh\/wp-content\/uploads\/2018\/03\/Affiche-Kervic-web.jpg 600w, http:\/\/www.parchemins.bzh\/wp-content\/uploads\/2018\/03\/Affiche-Kervic-web-212x300.jpg 212w\" sizes=\"(max-width: 600px) 100vw, 600px\" \/><\/p>\n<p>&nbsp;<\/p>\n<p style=\"text-align: justify;\">Ces rencontres ont rassembl\u00e9 un public large et vari\u00e9 (environ 350 personnes sur l&rsquo;ensemble du week-end) : habitants de Kervic ou des alentours, agriculteurs de la r\u00e9gion, chercheurs, touristes, membres d&rsquo;associations diverses, \u00e9lus, etc. L&rsquo;occasion de croiser une diversit\u00e9 de regards et d&rsquo;exp\u00e9riences autour la question des liens entre agriculture et littoral.<\/p>\n<p style=\"text-align: justify;\">La programmation des rencontres invitait \u00e0 aborder ces liens selon trois angles compl\u00e9mentaires\u00a0:<\/p>\n<ul style=\"text-align: justify;\">\n<li>Entre Odet et Aven : situation et perspectives de l\u2019agriculture en baie de la For\u00eat<\/li>\n<li>Littoraux de terre et d\u2019eau\u00a0: milieux fertiles, milieux fragiles<\/li>\n<li>Paysans de la terre, paysans de la mer<\/li>\n<\/ul>\n<p style=\"text-align: justify;\">Chacun de ces th\u00e8mes prenait appui sur une\u00a0 programmation riche, combinant films-documentaires, rencontres avec les r\u00e9alisateurs et des personnes film\u00e9es, animations scientifiques, ou encore plateaux radios publics anim\u00e9s par les radios locales.<\/p>\n<p>&nbsp;<\/p>\n<div id=\"attachment_1717\" style=\"width: 620px\" class=\"wp-caption aligncenter\"><img aria-describedby=\"caption-attachment-1717\" loading=\"lazy\" class=\"wp-image-1717 size-large\" src=\"http:\/\/www.parchemins.bzh\/wp-content\/uploads\/2018\/03\/IMG_0556-1024x768.jpg\" alt=\"\" width=\"610\" height=\"458\" srcset=\"http:\/\/www.parchemins.bzh\/wp-content\/uploads\/2018\/03\/IMG_0556-1024x768.jpg 1024w, http:\/\/www.parchemins.bzh\/wp-content\/uploads\/2018\/03\/IMG_0556-300x225.jpg 300w, http:\/\/www.parchemins.bzh\/wp-content\/uploads\/2018\/03\/IMG_0556-768x576.jpg 768w, http:\/\/www.parchemins.bzh\/wp-content\/uploads\/2018\/03\/IMG_0556-1320x990.jpg 1320w, http:\/\/www.parchemins.bzh\/wp-content\/uploads\/2018\/03\/IMG_0556.jpg 2000w\" sizes=\"(max-width: 610px) 100vw, 610px\" \/><p id=\"caption-attachment-1717\" class=\"wp-caption-text\">Une causerie \u00e0 l&rsquo;issue des projections sur le th\u00e8me \u00ab\u00a0Paysans de la terre, paysans de la mer\u00a0\u00bb. \u00a9 Val\u00e9rie Viaud<\/p><\/div>\n<p>&nbsp;<\/p>\n<p style=\"text-align: justify;\">Les rencontres se sont tenues \u00e0 la ferme de Kervic (commune de N\u00e9vez, Finist\u00e8re) aujourd\u2019hui reconvertie en lieu culturel, qui accueillait aussi pour l\u2019occasion un march\u00e9 de producteurs locaux et un fest-noz.<\/p>\n<p style=\"text-align: justify;\">Cet \u00e9v\u00e9nement est le fruit d&rsquo;un partenariat entre l\u2019association <a href=\"http:\/\/bretagnetransition.strikingly.com\/\">Bretagne Transition<\/a>, les membres du programme de recherche Parchemins (l\u2019\u00e9quipe scientifique et les radios locales partenaires) .<\/p>\n<p>&nbsp;<\/p>\n<div id=\"attachment_1718\" style=\"width: 160px\" class=\"wp-caption alignleft\"><img aria-describedby=\"caption-attachment-1718\" loading=\"lazy\" class=\"wp-image-1718 size-thumbnail\" src=\"http:\/\/www.parchemins.bzh\/wp-content\/uploads\/2018\/03\/20180609_115154-150x150.jpg\" alt=\"\" width=\"150\" height=\"150\" srcset=\"http:\/\/www.parchemins.bzh\/wp-content\/uploads\/2018\/03\/20180609_115154-150x150.jpg 150w, http:\/\/www.parchemins.bzh\/wp-content\/uploads\/2018\/03\/20180609_115154-50x50.jpg 50w\" sizes=\"(max-width: 150px) 100vw, 150px\" \/><p id=\"caption-attachment-1718\" class=\"wp-caption-text\">Mathurin Peschet. \u00a9Val\u00e9rie Viaud<\/p><\/div>\n<p>Les projections de films ont \u00e9t\u00e9 organis\u00e9es avec l&rsquo;appui amical du r\u00e9alisateur Mathurin Peschet et de l&rsquo;association <a href=\"http:\/\/www.daoulagad-breizh.org\/\">Daoulagad Breizh<\/a>. Un grand merci, donc, \u00e0 nos amis douarnenistes pour leur mobilisation sans faille pour la diffusion et la valorisation du cin\u00e9ma documentaire!<\/p>\n<p style=\"text-align: justify;\">Consultez les <a href=\"http:\/\/www.parchemins.bzh\/index.php\/1eres-rencontres-de-kervic\/programme\/\">pages d\u00e9di\u00e9es <\/a>\u00e0 la programmation th\u00e9matique des rencontres pour en savoir plus sur les contenus de ces rencontres et visionner les captations r\u00e9alis\u00e9es par Mathurin Peschet tout au long du week-end.<\/p>\n<p>&nbsp;<\/p>\n<p>&nbsp;<\/p>\n<div id=\"attachment_1527\" style=\"width: 620px\" class=\"wp-caption aligncenter\"><img aria-describedby=\"caption-attachment-1527\" loading=\"lazy\" class=\"wp-image-1527 size-large\" src=\"http:\/\/www.parchemins.bzh\/wp-content\/uploads\/2018\/03\/M.F-Bocher-1-1024x674.jpg\" alt=\"\" width=\"610\" height=\"402\" srcset=\"http:\/\/www.parchemins.bzh\/wp-content\/uploads\/2018\/03\/M.F-Bocher-1-1024x674.jpg 1024w, http:\/\/www.parchemins.bzh\/wp-content\/uploads\/2018\/03\/M.F-Bocher-1-300x197.jpg 300w, http:\/\/www.parchemins.bzh\/wp-content\/uploads\/2018\/03\/M.F-Bocher-1-768x505.jpg 768w, http:\/\/www.parchemins.bzh\/wp-content\/uploads\/2018\/03\/M.F-Bocher-1-1320x869.jpg 1320w\" sizes=\"(max-width: 610px) 100vw, 610px\" \/><p id=\"caption-attachment-1527\" class=\"wp-caption-text\">Profession : agricultrice. Fran\u00e7oise Bocher au champ. \u00a9 <em>L&rsquo;image qui parle,<\/em> Christian Lameul<\/p><\/div>\n<p>&nbsp;<\/p>\n","protected":false},"excerpt":{"rendered":"<p>Les 8, 9 et 10 juin 2018 ont eu lieu les premi\u00e8res Rencontres de Kervic autour du th\u00e8me \u00ab L&rsquo;agriculture, c\u00f4t\u00e9 littoral\u00a0\u00bb. &nbsp; Ces rencontres ont rassembl\u00e9 un public large et vari\u00e9 (environ 350 personnes sur l&rsquo;ensemble du week-end) : habitants de Kervic ou des alentours, agriculteurs de la r\u00e9gion, chercheurs, touristes, membres d&rsquo;associations diverses, [&hellip;]<\/p>\n","protected":false},"author":2,"featured_media":0,"parent":1238,"menu_order":1,"comment_status":"closed","ping_status":"closed","template":"","meta":[],"_links":{"self":[{"href":"http:\/\/www.parchemins.bzh\/index.php\/wp-json\/wp\/v2\/pages\/1335"}],"collection":[{"href":"http:\/\/www.parchemins.bzh\/index.php\/wp-json\/wp\/v2\/pages"}],"about":[{"href":"http:\/\/www.parchemins.bzh\/index.php\/wp-json\/wp\/v2\/types\/page"}],"author":[{"embeddable":true,"href":"http:\/\/www.parchemins.bzh\/index.php\/wp-json\/wp\/v2\/users\/2"}],"replies":[{"embeddable":true,"href":"http:\/\/www.parchemins.bzh\/index.php\/wp-json\/wp\/v2\/comments?post=1335"}],"version-history":[{"count":36,"href":"http:\/\/www.parchemins.bzh\/index.php\/wp-json\/wp\/v2\/pages\/1335\/revisions"}],"predecessor-version":[{"id":1722,"href":"http:\/\/www.parchemins.bzh\/index.php\/wp-json\/wp\/v2\/pages\/1335\/revisions\/1722"}],"up":[{"embeddable":true,"href":"http:\/\/www.parchemins.bzh\/index.php\/wp-json\/wp\/v2\/pages\/1238"}],"wp:attachment":[{"href":"http:\/\/www.parchemins.bzh\/index.php\/wp-json\/wp\/v2\/media?parent=1335"}],"curies":[{"name":"wp","href":"https:\/\/api.w.org\/{rel}","templated":true}]}}