{"id":1238,"date":"2018-01-17T15:13:56","date_gmt":"2018-01-17T14:13:56","guid":{"rendered":"http:\/\/www.parchemins.bzh\/?page_id=1238"},"modified":"2018-07-05T16:50:26","modified_gmt":"2018-07-05T14:50:26","slug":"atelier","status":"publish","type":"page","link":"http:\/\/www.parchemins.bzh\/index.php\/atelier\/","title":{"rendered":"Atelier"},"content":{"rendered":"<p>L&rsquo;atelier est un espace libre d&rsquo;\u00e9changes, de d\u00e9bats, de commentaires sur tout ce qui questionne, interroge, interpelle au sein du projet Parchemins, c&rsquo;est \u00e0 dire tout et son contraire&#8230;<\/p>\n<p>Retrouvez et commentez les diverses activit\u00e9s du programme Parchemins :<\/p>\n<p>&#8211; <a href=\"http:\/\/www.parchemins.bzh\/index.php\/atelier\/latelier-carto\/\">L&rsquo;atelier carto<\/a><\/p>\n<p>&#8211; <a href=\"http:\/\/www.parchemins.bzh\/index.php\/atelier\/rencontres-de-kervic\/\">Les Rencontres de Kervic sur \u00ab\u00a0l&rsquo;agriculture, c\u00f4t\u00e9 littoral\u00a0\u00bb<\/a><\/p>\n<p>&nbsp;<\/p>\n","protected":false},"excerpt":{"rendered":"<p>L&rsquo;atelier est un espace libre d&rsquo;\u00e9changes, de d\u00e9bats, de commentaires sur tout ce qui questionne, interroge, interpelle au sein du projet Parchemins, c&rsquo;est \u00e0 dire tout et son contraire&#8230; Retrouvez et commentez les diverses activit\u00e9s du programme Parchemins : &#8211; L&rsquo;atelier carto &#8211; Les Rencontres de Kervic sur \u00ab\u00a0l&rsquo;agriculture, c\u00f4t\u00e9 littoral\u00a0\u00bb &nbsp;<\/p>\n","protected":false},"author":3,"featured_media":0,"parent":0,"menu_order":4,"comment_status":"closed","ping_status":"closed","template":"","meta":[],"_links":{"self":[{"href":"http:\/\/www.parchemins.bzh\/index.php\/wp-json\/wp\/v2\/pages\/1238"}],"collection":[{"href":"http:\/\/www.parchemins.bzh\/index.php\/wp-json\/wp\/v2\/pages"}],"about":[{"href":"http:\/\/www.parchemins.bzh\/index.php\/wp-json\/wp\/v2\/types\/page"}],"author":[{"embeddable":true,"href":"http:\/\/www.parchemins.bzh\/index.php\/wp-json\/wp\/v2\/users\/3"}],"replies":[{"embeddable":true,"href":"http:\/\/www.parchemins.bzh\/index.php\/wp-json\/wp\/v2\/comments?post=1238"}],"version-history":[{"count":14,"href":"http:\/\/www.parchemins.bzh\/index.php\/wp-json\/wp\/v2\/pages\/1238\/revisions"}],"predecessor-version":[{"id":1716,"href":"http:\/\/www.parchemins.bzh\/index.php\/wp-json\/wp\/v2\/pages\/1238\/revisions\/1716"}],"wp:attachment":[{"href":"http:\/\/www.parchemins.bzh\/index.php\/wp-json\/wp\/v2\/media?parent=1238"}],"curies":[{"name":"wp","href":"https:\/\/api.w.org\/{rel}","templated":true}]}}