{"id":1147,"date":"2018-01-04T11:21:39","date_gmt":"2018-01-04T10:21:39","guid":{"rendered":"http:\/\/www.parchemins.bzh\/?page_id=1147"},"modified":"2018-01-04T12:26:56","modified_gmt":"2018-01-04T11:26:56","slug":"paroles","status":"publish","type":"page","link":"http:\/\/www.parchemins.bzh\/index.php\/les-terrains\/baie-de-la-foret\/paroles\/","title":{"rendered":"Paroles"},"content":{"rendered":"<ul class=\"lcp_catlist\"><br><li><h3 class=\"lcp_post\"><a href=\"http:\/\/www.parchemins.bzh\/index.php\/les-rencontres-en-photos\/\" title=\"Les Rencontres de Kervic en photos\" target=\"_blank\">Les Rencontres de Kervic en photos<\/a><\/h3>    <a href=\"http:\/\/www.parchemins.bzh\/index.php\/les-rencontres-en-photos\/\" title=\"Les Rencontres de Kervic en photos\"><img width=\"150\" height=\"150\" src=\"http:\/\/www.parchemins.bzh\/wp-content\/uploads\/2018\/06\/IMG_3655-150x150.jpg\" class=\"attachment-thumbnail size-thumbnail wp-post-image\" alt=\"\" loading=\"lazy\" srcset=\"http:\/\/www.parchemins.bzh\/wp-content\/uploads\/2018\/06\/IMG_3655-150x150.jpg 150w, http:\/\/www.parchemins.bzh\/wp-content\/uploads\/2018\/06\/IMG_3655-50x50.jpg 50w\" sizes=\"(max-width: 150px) 100vw, 150px\" \/><\/a><div class=\"lcp_excerpt\">Photo-reportage de la premi\u00e8re \u00e9dition des \u00ab\u00a0Rencontres de Kervic\u00a0\u00bb\nMise en place\n\nLe corps de ferme est encore vide, mais pr\u00eat \u00e0 accueillir 300 personnes pour parler, \u00e9changer, discuter, \u00e9couter et r\u00e9fl\u00e9chir sur les enjeux dans lesquels s&rsquo;inscrit aujourd&rsquo;hui l&rsquo;agriculture littorale en Bretagne.\n\nLes organisateurs et les b\u00e9n\u00e9voles de Bretagne Transition, de l&rsquo;INRA et du projet Parchemins font ...<\/div> <a href=\"http:\/\/www.parchemins.bzh\/index.php\/les-rencontres-en-photos\/\"  >(Lire ...)<\/a><br><\/li><br><li><h3 class=\"lcp_post\"><a href=\"http:\/\/www.parchemins.bzh\/index.php\/lagriculture-partie-integrante-littoral-ne-devons-loublier\/\" title=\"L&rsquo;agriculture littorale, les rencontres de Kervic et Parchemins dans les m\u00e9dias\" target=\"_blank\">L&rsquo;agriculture littorale, les rencontres de Kervic et Parchemins dans les m\u00e9dias<\/a><\/h3>    <a href=\"http:\/\/www.parchemins.bzh\/index.php\/lagriculture-partie-integrante-littoral-ne-devons-loublier\/\" title=\"L&#039;agriculture littorale, les rencontres de Kervic et Parchemins dans les m\u00e9dias\"><img src=\"http:\/\/www.parchemins.bzh\/wp-content\/uploads\/2018\/04\/Kervic-225x300.jpg\" class=\"lcp_thumbnail\"  alt=\"L&#039;agriculture littorale, les rencontres de Kervic et Parchemins dans les m\u00e9dias\" \/><\/a><div class=\"lcp_excerpt\">\u00ab\u00a0L\u2019agriculture fait partie int\u00e9grante du littoral. Nous ne devons pas l\u2019oublier.\u00a0\u00bb\nA l&rsquo;occasion des rencontres de Kervic, Ouest France rencontre Alix Levain.\n\n\u00ab\u00a0La place et les enjeux de l\u2019agriculture en zone littorale : le projet de recherche d\u2019un collectif de chercheurs, coordonn\u00e9 depuis Quimper, qui organise un week-end sur ce th\u00e8me pr\u00e8s de N\u00e9vez.\nEntretien avec\u00a0Alix Levain, chercheuse ...<\/div> <a href=\"http:\/\/www.parchemins.bzh\/index.php\/lagriculture-partie-integrante-littoral-ne-devons-loublier\/\"  >(Lire ...)<\/a><br><\/li><br><li><h3 class=\"lcp_post\"><a href=\"http:\/\/www.parchemins.bzh\/index.php\/a-nevez-rencontres-de-kervic-2018\/\" title=\"Tous \u00e0 N\u00e9vez, pour les Rencontres de Kervic 2018!\" target=\"_blank\">Tous \u00e0 N\u00e9vez, pour les Rencontres de Kervic 2018!<\/a><\/h3>    <a href=\"http:\/\/www.parchemins.bzh\/index.php\/a-nevez-rencontres-de-kervic-2018\/\" title=\"Tous \u00e0 N\u00e9vez, pour les Rencontres de Kervic 2018!\"><img src=\"http:\/\/www.parchemins.bzh\/wp-content\/uploads\/2018\/03\/Affiche-Kervic-web-212x300.jpg\" class=\"lcp_thumbnail\"  alt=\"Tous \u00e0 N\u00e9vez, pour les Rencontres de Kervic 2018!\" \/><\/a><div class=\"lcp_excerpt\">Tirons les marrons du feu, distribuons les \u0153ufs entre les paniers, nouons plusieurs cordes \u00e0 l\u2019arc. Chacun d\u2019entre nous a plus d&rsquo;un tour dans son sac. L&rsquo;\u00e9quipe du projet Parchemins se m\u00eale de l&rsquo;organisation d&rsquo;un \u00e9v\u00e9nement sur le th\u00e8me \u00ab\u00a0Agriculture et Littoral\u00a0\u00bb. Celui-ci sera mis en lumi\u00e8re les 8, 9 et 10 juin prochain, lors ...<\/div> <a href=\"http:\/\/www.parchemins.bzh\/index.php\/a-nevez-rencontres-de-kervic-2018\/\"  >(Lire ...)<\/a><br><\/li><br><li><h3 class=\"lcp_post\"><a href=\"http:\/\/www.parchemins.bzh\/index.php\/soupire-jamais-aller-traire-vaches-jean-francois-chupin\/\" title=\"\u00ab\u00a0Je soupire jamais pour aller traire mes vaches\u00a0\u00bb \/ Jean-Fran\u00e7ois Chupin\" target=\"_blank\">\u00ab\u00a0Je soupire jamais pour aller traire mes vaches\u00a0\u00bb \/ Jean-Fran\u00e7ois Chupin<\/a><\/h3>    <a href=\"http:\/\/www.parchemins.bzh\/index.php\/soupire-jamais-aller-traire-vaches-jean-francois-chupin\/\" title=\"&quot;Je soupire jamais pour aller traire mes vaches&quot; \/ Jean-Fran\u00e7ois Chupin\"><img width=\"150\" height=\"150\" src=\"http:\/\/www.parchemins.bzh\/wp-content\/uploads\/2018\/01\/PA200552-150x150.jpg\" class=\"attachment-thumbnail size-thumbnail wp-post-image\" alt=\"\" loading=\"lazy\" srcset=\"http:\/\/www.parchemins.bzh\/wp-content\/uploads\/2018\/01\/PA200552-150x150.jpg 150w, http:\/\/www.parchemins.bzh\/wp-content\/uploads\/2018\/01\/PA200552-50x50.jpg 50w\" sizes=\"(max-width: 150px) 100vw, 150px\" \/><\/a><div class=\"lcp_excerpt\">Jean-Fran\u00e7ois et Catherine Chupin sont \u00e9leveurs de vaches laiti\u00e8res sur la commune de Melgven, \u00e0 Cadol. C&rsquo;est le milieu de l&rsquo;apr\u00e8s-midi. Les murs de vieilles pierres de l&rsquo;exploitation familiale se renvoient en \u00e9cho les meuglements des vaches \u00e0 l&rsquo;\u00e9table.\n\n&nbsp;\nJean-Fran\u00e7ois termine ses \u00e9tudes au Nivot, un lyc\u00e9e agricole en Centre Finist\u00e8re, en 1988. Il s\u2019installe en ...<\/div> <a href=\"http:\/\/www.parchemins.bzh\/index.php\/soupire-jamais-aller-traire-vaches-jean-francois-chupin\/\"  >(Lire ...)<\/a><br><\/li><br><li><h3 class=\"lcp_post\"><a href=\"http:\/\/www.parchemins.bzh\/index.php\/claude-bossaire\/\" title=\"Claude Bossaire\" target=\"_blank\">Claude Bossaire<\/a><\/h3>    <a href=\"http:\/\/www.parchemins.bzh\/index.php\/claude-bossaire\/\" title=\"Claude Bossaire\"><img width=\"150\" height=\"150\" src=\"http:\/\/www.parchemins.bzh\/wp-content\/uploads\/2018\/01\/Oeufs-150x150.jpg\" class=\"attachment-thumbnail size-thumbnail wp-post-image\" alt=\"\" loading=\"lazy\" srcset=\"http:\/\/www.parchemins.bzh\/wp-content\/uploads\/2018\/01\/Oeufs-150x150.jpg 150w, http:\/\/www.parchemins.bzh\/wp-content\/uploads\/2018\/01\/Oeufs-50x50.jpg 50w\" sizes=\"(max-width: 150px) 100vw, 150px\" \/><\/a><div class=\"lcp_excerpt\">Claude Bossaire est \u00e9leveur de poules pondeuses hors-sol. Sa femme et lui sont tous deux exploitants, chose rare de nos jours rel\u00e8ve Claude. Avant, tous deux vivaient en Vend\u00e9e. Pendant 11 ans Claude a exerc\u00e9 en tant que conseiller de gestion. Quand sa femme d\u00e9cide de s\u2019installer, il l\u2019aide \u00e0 retaper les b\u00e2timents, alors en ...<\/div> <a href=\"http:\/\/www.parchemins.bzh\/index.php\/claude-bossaire\/\"  >(Lire ...)<\/a><br><\/li><br><li><h3 class=\"lcp_post\"><a href=\"http:\/\/www.parchemins.bzh\/index.php\/alain-bellac-fronts\/\" title=\"Alain Le Bellac, sur tous les fronts&#8230;\" target=\"_blank\">Alain Le Bellac, sur tous les fronts&#8230;<\/a><\/h3>    <a href=\"http:\/\/www.parchemins.bzh\/index.php\/alain-bellac-fronts\/\" title=\"Alain Le Bellac, sur tous les fronts...\"><img width=\"150\" height=\"150\" src=\"http:\/\/www.parchemins.bzh\/wp-content\/uploads\/2018\/01\/Alain-Le-Bellac-1-150x150.jpg\" class=\"attachment-thumbnail size-thumbnail wp-post-image\" alt=\"\" loading=\"lazy\" srcset=\"http:\/\/www.parchemins.bzh\/wp-content\/uploads\/2018\/01\/Alain-Le-Bellac-1-150x150.jpg 150w, http:\/\/www.parchemins.bzh\/wp-content\/uploads\/2018\/01\/Alain-Le-Bellac-1-50x50.jpg 50w\" sizes=\"(max-width: 150px) 100vw, 150px\" \/><\/a><div class=\"lcp_excerpt\">Route du Lendu, Quimper. La ferme est cach\u00e9e par les talus, dans un paysage bocager, \u00e0 l\u2019\u00e9cart des derni\u00e8res zones d\u2019activit\u00e9 qui bordent Quimper. Nous avons la chance d&rsquo;y rencontrer Alain Le Bellac entre deux r\u00e9unions et le travail sur la ferme qui l\u2019attend. Alain Le Bellac a fait ses \u00e9tudes \u00e0 l\u2019ENSA (l\u2019Ecole Nationale ...<\/div> <a href=\"http:\/\/www.parchemins.bzh\/index.php\/alain-bellac-fronts\/\"  >(Lire ...)<\/a><br><\/li><br><li><h3 class=\"lcp_post\"><a href=\"http:\/\/www.parchemins.bzh\/index.php\/portraits-dagriculteurs-baie-de-foret\/\" title=\"Portraits d&rsquo;agriculteurs en baie de la for\u00eat\" target=\"_blank\">Portraits d&rsquo;agriculteurs en baie de la for\u00eat<\/a><\/h3>    <a href=\"http:\/\/www.parchemins.bzh\/index.php\/portraits-dagriculteurs-baie-de-foret\/\" title=\"Portraits d&#039;agriculteurs en baie de la for\u00eat\"><img width=\"150\" height=\"150\" src=\"http:\/\/www.parchemins.bzh\/wp-content\/uploads\/2018\/01\/Portraits-150x150.jpg\" class=\"attachment-thumbnail size-thumbnail wp-post-image\" alt=\"\" loading=\"lazy\" srcset=\"http:\/\/www.parchemins.bzh\/wp-content\/uploads\/2018\/01\/Portraits-150x150.jpg 150w, http:\/\/www.parchemins.bzh\/wp-content\/uploads\/2018\/01\/Portraits-50x50.jpg 50w\" sizes=\"(max-width: 150px) 100vw, 150px\" \/><\/a><div class=\"lcp_excerpt\">Nous vous proposons ici et maintenant une immersion sur le terrain d&rsquo;\u00e9tude de la baie de la for\u00eat en Sud Finist\u00e8re. Six \u00e9missions, six portraits d&rsquo;agriculteurs, qui leur donnent la parole. Ils nous font part du regard qu&rsquo;ils portent sur le monde agricole et ses transformations. A travers le r\u00e9cit de leurs trajectoires personnelles, ce ...<\/div> <a href=\"http:\/\/www.parchemins.bzh\/index.php\/portraits-dagriculteurs-baie-de-foret\/\"  >(Lire ...)<\/a><br><\/li><br><li><h3 class=\"lcp_post\"><a href=\"http:\/\/www.parchemins.bzh\/index.php\/bancs-de-lecole\/\" title=\"Sur les bancs de l&rsquo;\u00e9cole\" target=\"_blank\">Sur les bancs de l&rsquo;\u00e9cole<\/a><\/h3>    <a href=\"http:\/\/www.parchemins.bzh\/index.php\/bancs-de-lecole\/\" title=\"Sur les bancs de l&#039;\u00e9cole\"><img width=\"150\" height=\"150\" src=\"http:\/\/www.parchemins.bzh\/wp-content\/uploads\/2017\/12\/PA200537-150x150.jpg\" class=\"attachment-thumbnail size-thumbnail wp-post-image\" alt=\"\" loading=\"lazy\" srcset=\"http:\/\/www.parchemins.bzh\/wp-content\/uploads\/2017\/12\/PA200537-150x150.jpg 150w, http:\/\/www.parchemins.bzh\/wp-content\/uploads\/2017\/12\/PA200537-50x50.jpg 50w\" sizes=\"(max-width: 150px) 100vw, 150px\" \/><\/a><div class=\"lcp_excerpt\">Le lyc\u00e9e agricole de Br\u00e9houlou a \u00e9t\u00e9 cr\u00e9\u00e9 en 1917 \u00e0 Fouesnant. Il propose notamment \u00e0 ses \u00e9l\u00e8ves un bac pro \u00e9levage et un BTSA \u00ab\u00a0analyse et strat\u00e9gie de l\u2019entreprise\u00a0\u00bb, \u00e0 destination des futurs install\u00e9s ou de professionnels de l\u2019encadrement agricole (conseillers bancaires et de gestion, techniciens de coop\u00e9ratives, etc.). Anne Bouilly est enseignante en ...<\/div> <a href=\"http:\/\/www.parchemins.bzh\/index.php\/bancs-de-lecole\/\"  >(Lire ...)<\/a><br><\/li><br><li><h3 class=\"lcp_post\"><a href=\"http:\/\/www.parchemins.bzh\/index.php\/suis-sauvage-philippe-ledan\/\" title=\"\u00ab\u00a0Je suis un sauvage\u00a0\u00bb \/ Philippe Ledan\" target=\"_blank\">\u00ab\u00a0Je suis un sauvage\u00a0\u00bb \/ Philippe Ledan<\/a><\/h3>    <a href=\"http:\/\/www.parchemins.bzh\/index.php\/suis-sauvage-philippe-ledan\/\" title=\"&quot;Je suis un sauvage&quot; \/ Philippe Ledan\"><img width=\"150\" height=\"150\" src=\"http:\/\/www.parchemins.bzh\/wp-content\/uploads\/2017\/12\/PA250591-150x150.jpg\" class=\"attachment-thumbnail size-thumbnail wp-post-image\" alt=\"\" loading=\"lazy\" srcset=\"http:\/\/www.parchemins.bzh\/wp-content\/uploads\/2017\/12\/PA250591-150x150.jpg 150w, http:\/\/www.parchemins.bzh\/wp-content\/uploads\/2017\/12\/PA250591-50x50.jpg 50w\" sizes=\"(max-width: 150px) 100vw, 150px\" \/><\/a><div class=\"lcp_excerpt\">Philippe Ledan est n\u00e9 \u00e0 Priziac dans le Morbihan, en 1964. Son p\u00e8re poss\u00e9dait une ferme et 30 ha qu\u2019il louait \u00e0 un ch\u00e2telain. D\u00e8s l\u2019\u00e9cole primaire, puis au coll\u00e8ge, Philippe se passionne pour les animaux et commence \u00e0 constituer ce qu\u2019il appelle son \u00ab\u00a0domaine agricole\u00a0\u00bb. Il ach\u00e8te des ch\u00e8vres, puis une vache. Le troupeau ...<\/div> <a href=\"http:\/\/www.parchemins.bzh\/index.php\/suis-sauvage-philippe-ledan\/\"  >(Lire ...)<\/a><br><\/li><br><li><h3 class=\"lcp_post\"><a href=\"http:\/\/www.parchemins.bzh\/index.php\/suis-fouesnantais-pur-jus-de-pomme-laurent-cain\/\" title=\"\u00ab\u00a0Je suis Fouesnantais pur jus de pomme\u00a0\u00bb \/ Laurent Le Cain\" target=\"_blank\">\u00ab\u00a0Je suis Fouesnantais pur jus de pomme\u00a0\u00bb \/ Laurent Le Cain<\/a><\/h3>    <a href=\"http:\/\/www.parchemins.bzh\/index.php\/suis-fouesnantais-pur-jus-de-pomme-laurent-cain\/\" title=\"&quot;Je suis Fouesnantais pur jus de pomme&quot; \/ Laurent Le Cain\"><img width=\"150\" height=\"150\" src=\"http:\/\/www.parchemins.bzh\/wp-content\/uploads\/2017\/11\/Riviera-bretonne-bis-150x150.jpg\" class=\"attachment-thumbnail size-thumbnail wp-post-image\" alt=\"\" loading=\"lazy\" srcset=\"http:\/\/www.parchemins.bzh\/wp-content\/uploads\/2017\/11\/Riviera-bretonne-bis-150x150.jpg 150w, http:\/\/www.parchemins.bzh\/wp-content\/uploads\/2017\/11\/Riviera-bretonne-bis-50x50.jpg 50w\" sizes=\"(max-width: 150px) 100vw, 150px\" \/><\/a><div class=\"lcp_excerpt\">Si quelqu\u2019un lui avait dit lorsqu\u2019il avait vingt ans qu\u2019il reprendrait l\u2019exploitation de ses parents, Laurent Le Cain ne l\u2019aurait pas cru. Depuis tout petit, il a vu ses parents \u00ab\u00a0trimer\u00a0\u00bb et travailler dur \u00e0 maintenir leur \u00e9levage de volailles de chair. \u00ab\u00a0J\u2019\u00e9tais pas du tout attir\u00e9 par ce m\u00e9tier-l\u00e0.\u00a0\u00bb Il entame donc des \u00e9tudes ...<\/div> <a href=\"http:\/\/www.parchemins.bzh\/index.php\/suis-fouesnantais-pur-jus-de-pomme-laurent-cain\/\"  >(Lire ...)<\/a><br><\/li><\/ul>\n<p>&nbsp;<\/p>\n","protected":false},"excerpt":{"rendered":"<p>&nbsp;<\/p>\n","protected":false},"author":1,"featured_media":0,"parent":200,"menu_order":1,"comment_status":"closed","ping_status":"closed","template":"","meta":[],"_links":{"self":[{"href":"http:\/\/www.parchemins.bzh\/index.php\/wp-json\/wp\/v2\/pages\/1147"}],"collection":[{"href":"http:\/\/www.parchemins.bzh\/index.php\/wp-json\/wp\/v2\/pages"}],"about":[{"href":"http:\/\/www.parchemins.bzh\/index.php\/wp-json\/wp\/v2\/types\/page"}],"author":[{"embeddable":true,"href":"http:\/\/www.parchemins.bzh\/index.php\/wp-json\/wp\/v2\/users\/1"}],"replies":[{"embeddable":true,"href":"http:\/\/www.parchemins.bzh\/index.php\/wp-json\/wp\/v2\/comments?post=1147"}],"version-history":[{"count":9,"href":"http:\/\/www.parchemins.bzh\/index.php\/wp-json\/wp\/v2\/pages\/1147\/revisions"}],"predecessor-version":[{"id":1788,"href":"http:\/\/www.parchemins.bzh\/index.php\/wp-json\/wp\/v2\/pages\/1147\/revisions\/1788"}],"up":[{"embeddable":true,"href":"http:\/\/www.parchemins.bzh\/index.php\/wp-json\/wp\/v2\/pages\/200"}],"wp:attachment":[{"href":"http:\/\/www.parchemins.bzh\/index.php\/wp-json\/wp\/v2\/media?parent=1147"}],"curies":[{"name":"wp","href":"https:\/\/api.w.org\/{rel}","templated":true}]}}