{"id":112,"date":"2017-03-17T18:12:30","date_gmt":"2017-03-17T17:12:30","guid":{"rendered":"http:\/\/www.parchemins.bzh\/?page_id=112"},"modified":"2022-01-03T09:52:39","modified_gmt":"2022-01-03T08:52:39","slug":"le-projet","status":"publish","type":"page","link":"http:\/\/www.parchemins.bzh\/index.php\/presentation-du-projet\/le-projet\/","title":{"rendered":"Pr\u00e9sentation du projet Parchemins"},"content":{"rendered":"<h4><\/h4>\n<div id=\"attachment_1988\" style=\"width: 620px\" class=\"wp-caption aligncenter\"><a href=\"https:\/\/www.youtube.com\/watch?v=hO3HN34GJbE&amp;feature=youtu.be\"><img aria-describedby=\"caption-attachment-1988\" loading=\"lazy\" class=\"wp-image-1988 size-large\" src=\"http:\/\/www.parchemins.bzh\/wp-content\/uploads\/2017\/03\/teaser-fdf-site-parchemins-1024x589.png\" alt=\"\" width=\"610\" height=\"351\" srcset=\"http:\/\/www.parchemins.bzh\/wp-content\/uploads\/2017\/03\/teaser-fdf-site-parchemins-1024x589.png 1024w, http:\/\/www.parchemins.bzh\/wp-content\/uploads\/2017\/03\/teaser-fdf-site-parchemins-300x173.png 300w, http:\/\/www.parchemins.bzh\/wp-content\/uploads\/2017\/03\/teaser-fdf-site-parchemins-768x442.png 768w, http:\/\/www.parchemins.bzh\/wp-content\/uploads\/2017\/03\/teaser-fdf-site-parchemins.png 1281w\" sizes=\"(max-width: 610px) 100vw, 610px\" \/><\/a><p id=\"caption-attachment-1988\" class=\"wp-caption-text\">Pr\u00e9sentation du projet sur : <a href=\"https:\/\/youtu.be\/HcQDeGT9xAw\">https:\/\/www.youtube.com\/watch?v=hO3HN34GJbE&amp;feature=youtu.be<\/a><\/p><\/div>\n<h4><span style=\"color: #666699;\"><strong>La Bretagne, terrain d&rsquo;\u00e9tude privil\u00e9gi\u00e9<\/strong><\/span><\/h4>\n<p style=\"text-align: justify;\"><strong>La Bretagne<\/strong> est une r\u00e9gion dans laquelle l\u2019agriculture littorale est confront\u00e9e \u00e0 des pressions et \u00e0 des remises en cause multiples&nbsp;: les crises r\u00e9p\u00e9t\u00e9es qui touchent des fili\u00e8res animales et l\u00e9gumi\u00e8res, les inqui\u00e9tudes et critiques associ\u00e9es aux pollutions diffuses d\u2019origine agricole, les tensions sur l\u2019installation et la pression fonci\u00e8re, y font de l\u2019agriculture littorale une question socialement vive.<\/p>\n<p style=\"text-align: justify;\">Malgr\u00e9 la forte implication des institutions pour co-construire des perspectives d\u2019\u00e9volution avec les diff\u00e9rentes parties prenantes, les contraintes qui entourent la prise de parole des agriculteurs dans le d\u00e9bat public sont tr\u00e8s fortes. <strong>Le projet vise de ce fait \u00e0 concevoir, exp\u00e9rimenter et consolider des espaces de d\u00e9lib\u00e9ration et de probl\u00e9matisation sur la place de l\u2019activit\u00e9 agricole dans les territoires littoraux<\/strong>, qui soient ouverts et en m\u00eame temps pr\u00e9serv\u00e9s des contraintes qui accompagnent l\u2019op\u00e9rationnalisation des politiques publiques locales. Les connaissances et dynamiques qui en d\u00e9coulent sont ainsi susceptibles de compl\u00e9ter utilement les dispositifs institutionnels de concertation et de nourrir, dans le long terme, la r\u00e9flexion, les strat\u00e9gies et les projets des acteurs locaux.<\/p>\n<p style=\"text-align: justify;\">Le projet PARCHEMINS prend appui sur l\u2019exp\u00e9rience de trois projets de recherche portant sur l\u2019agriculture littorale et les pollutions diffuses d\u2019origine agricole, r\u00e9alis\u00e9s entre 2009 et 2014. Ceux-ci ont montr\u00e9 qu\u2019il existe un \u00e9cart important entre la conscience tr\u00e8s partag\u00e9e de la dimension \u00e9minemment sociale et politique des probl\u00e8mes rencontr\u00e9s par l\u2019agriculture littorale et le caract\u00e8re lacunaire des donn\u00e9es de recherche produites et rendues disponibles \u00e0 ce sujet.<\/p>\n<p>&nbsp;<\/p>\n<h4><\/h4>\n<h4><span style=\"color: #666699;\"><strong>Trois objectifs&nbsp;op\u00e9rationnels<\/strong><\/span><\/h4>\n<ul>\n<li style=\"text-align: justify;\">Sur <a href=\"\/index.php\/les-terrains\/\">5 territoires littoraux<\/a> pr\u00e9sentant des caract\u00e9ristiques distinctes,<strong> identifier les dynamiques sp\u00e9cifiques \u00e0 l\u2019agriculture littorale<\/strong> et rendre compte de leur diversit\u00e9, en explorant les bases de donn\u00e9es disponibles et en les analysant \u00e0 la lumi\u00e8re de donn\u00e9es qualitatives issues d\u2019enqu\u00eates ethnographiques&nbsp;;<\/li>\n<\/ul>\n<ul style=\"text-align: justify;\">\n<li><strong>Rendre disponible et vivante aupr\u00e8s d\u2019une large audience la parole et l\u2019exp\u00e9rience<\/strong> des agriculteurs travaillant en zone littorale, dans leur diversit\u00e9&nbsp;;<\/li>\n<\/ul>\n<ul style=\"text-align: justify;\">\n<li><strong>Cr\u00e9er des espaces de rencontre et de dialogue informels<\/strong> entre agriculteurs et autres groupes sociaux et professionnels impliqu\u00e9s dans la compr\u00e9hension, la probl\u00e9matisation, la critique, la gouvernance de l\u2019agriculture sur le littoral.<\/li>\n<\/ul>\n<p style=\"text-align: justify;\">Pour r\u00e9pondre \u00e0 ces objectifs, le projet se structure en<a href=\"\/index.php\/presentation-du-projet\/axes-de-recherche\/\"> 6 axes de recherche<\/a>, anim\u00e9s par les <a href=\"\/index.php\/lequipe\/lequipe\/\">membres de l&rsquo;\u00e9quipe scientifique<\/a>.<\/p>\n<p>&nbsp;<\/p>\n<h4><span style=\"color: #666699;\"><strong>Un projet de recherche collaboratif<\/strong><\/span><\/h4>\n<p style=\"text-align: justify;\">PARCHEMINS est fond\u00e9 sur l\u2019implication de <a href=\"\/index.php\/lequipe\/lequipe\/\">chercheurs relevant de diff\u00e9rentes disciplines <\/a>et sur un partenariat fort avec<a href=\"\/index.php\/lequipe\/les-compagnons-de-parchemins\/\"> les acteurs institutionnels locaux et la soci\u00e9t\u00e9 civile<\/a>. Le projet reconna\u00eet aux savoirs d\u2019exp\u00e9rience un vrai statut dans la conduite de la recherche. Cela implique, pour l\u2019\u00e9quipe porteuse, une ouverture \u00e0 la diversit\u00e9 des formes de probl\u00e9matisation op\u00e9r\u00e9es par les acteurs sociaux et une capacit\u00e9 \u00e0 les restituer et \u00e0 les articuler avec ses propres questions de recherche. Cette posture est \u00e0 l\u2019origine du choix des trois principaux outils d\u2019op\u00e9rationnalisation de la recherche retenus par les partenaires:<\/p>\n<ul style=\"text-align: justify;\">\n<li>la <strong>production documentaire<\/strong>, qui s\u2019appuie principalement sur le <a href=\"\/index.php\/lequipe\/les-radios-partenaires\/\">partenariat avec un r\u00e9seau de radios associatives locales;<\/a><\/li>\n<\/ul>\n<ul style=\"text-align: justify;\">\n<li>la mise en place d\u2019un <strong>site Internet<\/strong> laissant une large place \u00e0 l\u2019expression libre et au commentaire sur les donn\u00e9es produites;<\/li>\n<\/ul>\n<ul>\n<li style=\"text-align: justify;\">la co-construction avec les enseignants d\u2019\u00e9coles d\u2019agronomie <strong>d\u2019outils p\u00e9dagogiques<\/strong>.<\/li>\n<\/ul>\n","protected":false},"excerpt":{"rendered":"<p>La Bretagne, terrain d&rsquo;\u00e9tude privil\u00e9gi\u00e9 La Bretagne est une r\u00e9gion dans laquelle l\u2019agriculture littorale est confront\u00e9e \u00e0 des pressions et \u00e0 des remises en cause multiples&nbsp;: les crises r\u00e9p\u00e9t\u00e9es qui touchent des fili\u00e8res animales et l\u00e9gumi\u00e8res, les inqui\u00e9tudes et critiques associ\u00e9es aux pollutions diffuses d\u2019origine agricole, les tensions sur l\u2019installation et la pression fonci\u00e8re, y [&hellip;]<\/p>\n","protected":false},"author":3,"featured_media":0,"parent":224,"menu_order":0,"comment_status":"closed","ping_status":"closed","template":"","meta":[],"_links":{"self":[{"href":"http:\/\/www.parchemins.bzh\/index.php\/wp-json\/wp\/v2\/pages\/112"}],"collection":[{"href":"http:\/\/www.parchemins.bzh\/index.php\/wp-json\/wp\/v2\/pages"}],"about":[{"href":"http:\/\/www.parchemins.bzh\/index.php\/wp-json\/wp\/v2\/types\/page"}],"author":[{"embeddable":true,"href":"http:\/\/www.parchemins.bzh\/index.php\/wp-json\/wp\/v2\/users\/3"}],"replies":[{"embeddable":true,"href":"http:\/\/www.parchemins.bzh\/index.php\/wp-json\/wp\/v2\/comments?post=112"}],"version-history":[{"count":31,"href":"http:\/\/www.parchemins.bzh\/index.php\/wp-json\/wp\/v2\/pages\/112\/revisions"}],"predecessor-version":[{"id":2493,"href":"http:\/\/www.parchemins.bzh\/index.php\/wp-json\/wp\/v2\/pages\/112\/revisions\/2493"}],"up":[{"embeddable":true,"href":"http:\/\/www.parchemins.bzh\/index.php\/wp-json\/wp\/v2\/pages\/224"}],"wp:attachment":[{"href":"http:\/\/www.parchemins.bzh\/index.php\/wp-json\/wp\/v2\/media?parent=112"}],"curies":[{"name":"wp","href":"https:\/\/api.w.org\/{rel}","templated":true}]}}